{"id":315343,"date":"2024-11-21T16:39:46","date_gmt":"2024-11-21T15:39:46","guid":{"rendered":"https:\/\/rwp.rizoma.com\/negozio\/veloce-l-sport-bs305\/"},"modified":"2025-01-14T10:53:10","modified_gmt":"2025-01-14T09:53:10","slug":"veloce-l-sport-bs305","status":"publish","type":"product","link":"https:\/\/cycle.rizoma.com\/es\/negozio\/espejos-retrovisores\/BS305\/veloce-l-sport-bs305\/","title":{"rendered":"Veloce L Sport"},"content":{"rendered":"<p>El espejo retrovisor Veloce L, con intermitente led integrado, se caracteriza por la especial combinaci\u00f3n de dos materiales distintos. Parte estructural en aluminio mecanizado a partir de un bloque macizo mediante proceso 3D y cuerpo aerodin\u00e1mico en pol\u00edmero. El uso de dos materiales distintos, adem\u00e1s de hacerlo atractivo, limita el peso. La forma aerodin\u00e1mica contribuye a evitar turbulencias a alta velocidad. La amplia superficie reflectante, conforme a las normativas europeas de homologaci\u00f3n, ofrece una \u00f3ptima visi\u00f3n en combinaci\u00f3n con el sistema de regulaci\u00f3n y el cristal convexo antideslumbrante. Un dise\u00f1o cautivador, que se adapta perfectamente a las superdeportivas m\u00e1s agresivas.<\/p>\n","protected":false},"excerpt":{"rendered":"<p>El espejo retrovisor Veloce L, con intermitente led integrado, se caracteriza por la especial combinaci\u00f3n de dos materiales distintos. Parte estructural en aluminio mecanizado a partir de un bloque macizo mediante proceso 3D y cuerpo aerodin\u00e1mico en pol\u00edmero. El uso de dos materiales distintos, adem\u00e1s de hacerlo atractivo, limita el peso. La forma aerodin\u00e1mica contribuye [&hellip;]<\/p>\n","protected":false},"featured_media":298257,"template":"","meta":{"_acf_changed":false},"rizoma_assembly_time":[42742],"rizoma_bike":[41623,41624,41625,41626,41627,41628,41629,41630,41631,41768,41789,41799,41769,41790,41777,41863,41912,42070,41913,41972,41644,41645,41770,41836,41949,42092,41696,42040,42578,44369,42391,44366,44377,41698,41709,41606,41607,44008,44009,41609,41704,41705,41706,41771,41921,41914,42498,41683,41684,41685,41934,41984,42367,42515,42613,41786,42048,42126,42572,43689,42117,42129,41954,42629,41985,42130,42368,42644,43688,41922,42311,42214,42401,42432,42101,42215,42425,42197,42335,42477,42545,42546,42153,42539,42433,42093,42216,42426,42162,42612,42102,42354,42355,42576,41618,41619,41620,41993,41910,41994,42134,41911,41752,42167,42302,42574,43701,42014,42251,42312,42336,42337,41915,41975,41965,41916,41976],"rizoma_division":[42653],"rizoma_family":[42972],"rizoma_model_category":[],"rizoma_product_template":[],"product_brand":[],"product_cat":[43943],"product_tag":[],"class_list":{"0":"post-315343","1":"product","2":"type-product","3":"status-publish","4":"has-post-thumbnail","6":"rizoma_bike-1098-2006-09","7":"rizoma_bike-1098-r-2007-11","8":"rizoma_bike-1098-r-bayliss-le-2009-11","9":"rizoma_bike-1098-s-2006-11","10":"rizoma_bike-1198-2009-12","11":"rizoma_bike-1198-r-corse-special-edition-2010-12","12":"rizoma_bike-1198-s","13":"rizoma_bike-1198-s-corse-special-edition-2010-12","14":"rizoma_bike-1198-sp-2011-12","15":"rizoma_bike-1199-panigale-2012-13","16":"rizoma_bike-1199-panigale-abs-2013-14","17":"rizoma_bike-1199-panigale-r-abs-2013-17","18":"rizoma_bike-1199-panigale-s-2013-14","19":"rizoma_bike-1199-panigale-s-abs-2013-14","20":"rizoma_bike-1199-panigale-s-tricolore-2012-14","21":"rizoma_bike-1199-superleggera-2014","22":"rizoma_bike-1299-panigale-2015-17","23":"rizoma_bike-1299-panigale-r-final-edition-2017-20","24":"rizoma_bike-1299-panigale-s-2015-18","25":"rizoma_bike-1299-panigale-s-anniversario-2016","26":"rizoma_bike-848-2007-13","27":"rizoma_bike-848-evo-2010-12","28":"rizoma_bike-848-evo-corse-special-edition-2011-13","29":"rizoma_bike-899-panigale-abs-2013-15","30":"rizoma_bike-959-panigale-2016-19","31":"rizoma_bike-959-panigale-corse-2018-19","32":"rizoma_bike-f3-675-2011-15","33":"rizoma_bike-f3-800-eas-abs-2017-20","34":"rizoma_bike-f3-800-r-2023-26","35":"rizoma_bike-f3-800-rc-2022-25","36":"rizoma_bike-f3-800-rosso-2021-23","37":"rizoma_bike-f3-800-rr-2022-25","38":"rizoma_bike-f3-800-rr-ottantesimo-2025-26","39":"rizoma_bike-f4-1000-rr-2010-11","40":"rizoma_bike-gsx-r-600-2006-07","41":"rizoma_bike-gsx-r-600-2008-10","42":"rizoma_bike-gsx-r-600-2011-16","43":"rizoma_bike-gsx-r-750-2006-07","44":"rizoma_bike-gsx-r-750-2008-10","45":"rizoma_bike-gsx-r-750-2011-12","46":"rizoma_bike-gsx-r1000-2005-06","47":"rizoma_bike-gsx-r1000-2006-08","48":"rizoma_bike-gsx-r1000-2009-11","49":"rizoma_bike-gsx-r1000-2012-15","50":"rizoma_bike-gsx-r1000-2015","51":"rizoma_bike-gsx-r1000-abs-2015-16","52":"rizoma_bike-m-1000-rr-50-years-m-2022","53":"rizoma_bike-ninja-1000-zx-10r-2008-09","54":"rizoma_bike-ninja-1000-zx-10r-2010-11","55":"rizoma_bike-ninja-1000-zx-10r-2011-15","56":"rizoma_bike-ninja-1000-zx-10r-2016","57":"rizoma_bike-ninja-1000-zx-10r-2017-18","58":"rizoma_bike-ninja-1000-zx-10r-2021-22","59":"rizoma_bike-ninja-1000-zx-10r-2021-25","60":"rizoma_bike-ninja-1000-zx-10r-40th-anniversary-edition-2024","61":"rizoma_bike-ninja-1000-zx-10r-abs-2011-15","62":"rizoma_bike-ninja-1000-zx-10r-krt-replica-2017-18","63":"rizoma_bike-ninja-1000-zx-10r-krt-replica-2019-20","64":"rizoma_bike-ninja-1000-zx-10r-performance-2021-24","65":"rizoma_bike-ninja-1000-zx-10r-performance-2025","66":"rizoma_bike-ninja-1000-zx-10r-se-2018","67":"rizoma_bike-ninja-1000-zx-10r-se-2019-20","68":"rizoma_bike-ninja-1000-zx-10r-winter-edition-2016","69":"rizoma_bike-ninja-1000-zx-10rr-winter-test-limited-edition-2024","70":"rizoma_bike-ninja-1000-zx-10rr-2017-18","71":"rizoma_bike-ninja-1000-zx-10rr-2019-20","72":"rizoma_bike-ninja-1000-zx-10rr-2021-23","73":"rizoma_bike-ninja-1000-zx-10rr-2025","74":"rizoma_bike-ninja-1000-zx-10rr-performance-2025","75":"rizoma_bike-ninja-300-abs-2012-16","76":"rizoma_bike-panigale-v2-2021-24","77":"rizoma_bike-panigale-v2-955-2020","78":"rizoma_bike-panigale-v2-bayliss-1st-championship-20th-anniversary-2021-24","79":"rizoma_bike-panigale-v4-2022-24","80":"rizoma_bike-panigale-v4-1100-2018-19","81":"rizoma_bike-panigale-v4-1100-2020","82":"rizoma_bike-panigale-v4-1100-2021","83":"rizoma_bike-panigale-v4-1100-25-anniversario-2019-20","84":"rizoma_bike-panigale-v4-1100-sp-2021","85":"rizoma_bike-panigale-v4-1100-sp2-2022-23","86":"rizoma_bike-panigale-v4-bagnaia-2022-world-champion-replica-2023","87":"rizoma_bike-panigale-v4-bautista-2022-world-champion-replica-2023","88":"rizoma_bike-panigale-v4-r-2023-24","89":"rizoma_bike-panigale-v4-r-1000-2019-20","90":"rizoma_bike-panigale-v4-s-2022-24","91":"rizoma_bike-panigale-v4-s-1100-2018-19","92":"rizoma_bike-panigale-v4-s-1100-2020","93":"rizoma_bike-panigale-v4-s-1100-2021","94":"rizoma_bike-panigale-v4-s-1100-corse-2019","95":"rizoma_bike-panigale-v4-sp2-30-anniversario-916-2024","96":"rizoma_bike-panigale-v4-speciale-1100-2018-19","97":"rizoma_bike-rsv4-1100-2021-24","98":"rizoma_bike-rsv4-1100-factory-2021-24","99":"rizoma_bike-rsv4-1100-factory-speed-white-2023-24","100":"rizoma_bike-rsv4-factory-2009-12","101":"rizoma_bike-rsv4-factory-aprc-abs-2011-15","102":"rizoma_bike-rsv4-r-2009-12","103":"rizoma_bike-rsv4-rf-2017-19","104":"rizoma_bike-rsv4-rf-abs-2015-17","105":"rizoma_bike-rsv4-rr-2017-18","106":"rizoma_bike-rsv4-rr-2019-20","107":"rizoma_bike-rsv4-rr-abs-2015-17","108":"rizoma_bike-rsv4-rr-aprc-abs-2011-15","109":"rizoma_bike-s-1000-rr-2019-20","110":"rizoma_bike-s-1000-rr-2021-22","111":"rizoma_bike-s-1000-rr-2023-24","112":"rizoma_bike-s-1000-rr-2025-26","113":"rizoma_bike-superleggera-1299-2017","114":"rizoma_bike-superleggera-v4-1000-2020","115":"rizoma_bike-superleggera-v4-1000-2021-23","116":"rizoma_bike-supersport-950-2021-24","117":"rizoma_bike-supersport-950-s-2021-24","118":"rizoma_bike-yzf-r1-2015-16","119":"rizoma_bike-yzf-r1-2017-19","120":"rizoma_bike-yzf-r1-60th-anniversary-2015-16","121":"rizoma_bike-yzf-r1-m-2015-16","122":"rizoma_bike-yzf-r1-m-2017-19","123":"product_cat-espejos-retrovisores","125":"first","126":"instock","127":"taxable","128":"shipping-taxable","129":"purchasable","130":"product-type-variable"},"acf":[],"_links":{"self":[{"href":"https:\/\/cycle.rizoma.com\/es\/wp-json\/wp\/v2\/product\/315343","targetHints":{"allow":["GET"]}}],"collection":[{"href":"https:\/\/cycle.rizoma.com\/es\/wp-json\/wp\/v2\/product"}],"about":[{"href":"https:\/\/cycle.rizoma.com\/es\/wp-json\/wp\/v2\/types\/product"}],"wp:featuredmedia":[{"embeddable":true,"href":"https:\/\/cycle.rizoma.com\/es\/wp-json\/wp\/v2\/media\/298257"}],"wp:attachment":[{"href":"https:\/\/cycle.rizoma.com\/es\/wp-json\/wp\/v2\/media?parent=315343"}],"wp:term":[{"taxonomy":"rizoma_assembly_time","embeddable":true,"href":"https:\/\/cycle.rizoma.com\/es\/wp-json\/wp\/v2\/rizoma_assembly_time?post=315343"},{"taxonomy":"rizoma_bike","embeddable":true,"href":"https:\/\/cycle.rizoma.com\/es\/wp-json\/wp\/v2\/rizoma_bike?post=315343"},{"taxonomy":"rizoma_division","embeddable":true,"href":"https:\/\/cycle.rizoma.com\/es\/wp-json\/wp\/v2\/rizoma_division?post=315343"},{"taxonomy":"rizoma_family","embeddable":true,"href":"https:\/\/cycle.rizoma.com\/es\/wp-json\/wp\/v2\/rizoma_family?post=315343"},{"taxonomy":"rizoma_model_category","embeddable":true,"href":"https:\/\/cycle.rizoma.com\/es\/wp-json\/wp\/v2\/rizoma_model_category?post=315343"},{"taxonomy":"rizoma_product_template","embeddable":true,"href":"https:\/\/cycle.rizoma.com\/es\/wp-json\/wp\/v2\/rizoma_product_template?post=315343"},{"taxonomy":"product_brand","embeddable":true,"href":"https:\/\/cycle.rizoma.com\/es\/wp-json\/wp\/v2\/product_brand?post=315343"},{"taxonomy":"product_cat","embeddable":true,"href":"https:\/\/cycle.rizoma.com\/es\/wp-json\/wp\/v2\/product_cat?post=315343"},{"taxonomy":"product_tag","embeddable":true,"href":"https:\/\/cycle.rizoma.com\/es\/wp-json\/wp\/v2\/product_tag?post=315343"}],"curies":[{"name":"wp","href":"https:\/\/api.w.org\/{rel}","templated":true}]}}