{"id":315378,"date":"2024-11-21T16:40:36","date_gmt":"2024-11-21T15:40:36","guid":{"rendered":"https:\/\/rwp.rizoma.com\/negozio\/kit-de-montaje-espejo-para-carenado-bs788\/"},"modified":"2025-01-14T10:50:34","modified_gmt":"2025-01-14T09:50:34","slug":"kit-de-montaje-espejo-para-carenado-bs788","status":"publish","type":"product","link":"https:\/\/cycle.rizoma.com\/es\/negozio\/espejos-retrovisores\/BS788\/kit-de-montaje-espejo-para-carenado-bs788\/","title":{"rendered":"Kit de montaje espejo para carenado"},"content":{"rendered":"<p>Cada adaptador Rizoma espec\u00edfico de espejo est\u00e1 realizado para el modelo de moto correspondiente, con el fin de garantizar la mejor fijaci\u00f3n al manillar. En aluminio mecanizado a partir de un bloque macizo para conferir resistencia y durabilidad incluso frente a exigencias m\u00e1ximas.<\/p>\n","protected":false},"excerpt":{"rendered":"<p>Cada adaptador Rizoma espec\u00edfico de espejo est\u00e1 realizado para el modelo de moto correspondiente, con el fin de garantizar la mejor fijaci\u00f3n al manillar. En aluminio mecanizado a partir de un bloque macizo para conferir resistencia y durabilidad incluso frente a exigencias m\u00e1ximas.<\/p>\n","protected":false},"featured_media":297467,"template":"","meta":{"_acf_changed":false},"rizoma_assembly_time":[42664],"rizoma_bike":[41623,41624,41625,41626,41627,41628,41629,41630,41631,41644,41645,41770],"rizoma_division":[42653],"rizoma_family":[42669],"rizoma_model_category":[],"rizoma_product_template":[],"product_brand":[],"product_cat":[43943],"product_tag":[],"class_list":{"0":"post-315378","1":"product","2":"type-product","3":"status-publish","4":"has-post-thumbnail","6":"rizoma_bike-1098-2006-09","7":"rizoma_bike-1098-r-2007-11","8":"rizoma_bike-1098-r-bayliss-le-2009-11","9":"rizoma_bike-1098-s-2006-11","10":"rizoma_bike-1198-2009-12","11":"rizoma_bike-1198-r-corse-special-edition-2010-12","12":"rizoma_bike-1198-s","13":"rizoma_bike-1198-s-corse-special-edition-2010-12","14":"rizoma_bike-1198-sp-2011-12","15":"rizoma_bike-848-2007-13","16":"rizoma_bike-848-evo-2010-12","17":"rizoma_bike-848-evo-corse-special-edition-2011-13","18":"product_cat-espejos-retrovisores","20":"first","21":"instock","22":"taxable","23":"shipping-taxable","24":"purchasable","25":"product-type-variable"},"acf":[],"_links":{"self":[{"href":"https:\/\/cycle.rizoma.com\/es\/wp-json\/wp\/v2\/product\/315378","targetHints":{"allow":["GET"]}}],"collection":[{"href":"https:\/\/cycle.rizoma.com\/es\/wp-json\/wp\/v2\/product"}],"about":[{"href":"https:\/\/cycle.rizoma.com\/es\/wp-json\/wp\/v2\/types\/product"}],"wp:featuredmedia":[{"embeddable":true,"href":"https:\/\/cycle.rizoma.com\/es\/wp-json\/wp\/v2\/media\/297467"}],"wp:attachment":[{"href":"https:\/\/cycle.rizoma.com\/es\/wp-json\/wp\/v2\/media?parent=315378"}],"wp:term":[{"taxonomy":"rizoma_assembly_time","embeddable":true,"href":"https:\/\/cycle.rizoma.com\/es\/wp-json\/wp\/v2\/rizoma_assembly_time?post=315378"},{"taxonomy":"rizoma_bike","embeddable":true,"href":"https:\/\/cycle.rizoma.com\/es\/wp-json\/wp\/v2\/rizoma_bike?post=315378"},{"taxonomy":"rizoma_division","embeddable":true,"href":"https:\/\/cycle.rizoma.com\/es\/wp-json\/wp\/v2\/rizoma_division?post=315378"},{"taxonomy":"rizoma_family","embeddable":true,"href":"https:\/\/cycle.rizoma.com\/es\/wp-json\/wp\/v2\/rizoma_family?post=315378"},{"taxonomy":"rizoma_model_category","embeddable":true,"href":"https:\/\/cycle.rizoma.com\/es\/wp-json\/wp\/v2\/rizoma_model_category?post=315378"},{"taxonomy":"rizoma_product_template","embeddable":true,"href":"https:\/\/cycle.rizoma.com\/es\/wp-json\/wp\/v2\/rizoma_product_template?post=315378"},{"taxonomy":"product_brand","embeddable":true,"href":"https:\/\/cycle.rizoma.com\/es\/wp-json\/wp\/v2\/product_brand?post=315378"},{"taxonomy":"product_cat","embeddable":true,"href":"https:\/\/cycle.rizoma.com\/es\/wp-json\/wp\/v2\/product_cat?post=315378"},{"taxonomy":"product_tag","embeddable":true,"href":"https:\/\/cycle.rizoma.com\/es\/wp-json\/wp\/v2\/product_tag?post=315378"}],"curies":[{"name":"wp","href":"https:\/\/api.w.org\/{rel}","templated":true}]}}