{"id":315530,"date":"2024-11-21T16:43:56","date_gmt":"2024-11-21T15:43:56","guid":{"rendered":"https:\/\/rwp.rizoma.com\/negozio\/kit-cableado-para-intermitentes-rizoma-ee137\/"},"modified":"2025-09-04T21:56:52","modified_gmt":"2025-09-04T19:56:52","slug":"kit-cableado-para-intermitentes-rizoma-ee137","status":"publish","type":"product","link":"https:\/\/cycle.rizoma.com\/es\/negozio\/intermitentes\/EE137\/kit-cableado-para-intermitentes-rizoma-ee137\/","title":{"rendered":"Kit cableado para intermitentes Rizoma"},"content":{"rendered":"<p>El kit de cableado el\u00e9ctrico Rizoma es necesario para el montaje de los intermitentes Rizoma.<br \/>Es aconsejable verificar la informaci\u00f3n t\u00e9cnica antes de la compra. Cada kit incluye 2 tipos de cableadoy 4 conectores T-Tap. Para montar 4 intermitentes es necesario comprar 2 kits.<\/p>\n","protected":false},"excerpt":{"rendered":"<p>El kit de cableado el\u00e9ctrico Rizoma es necesario para el montaje de los intermitentes Rizoma.Es aconsejable verificar la informaci\u00f3n t\u00e9cnica antes de la compra. Cada kit incluye 2 tipos de cableadoy 4 conectores T-Tap. Para montar 4 intermitentes es necesario comprar 2 kits.<\/p>\n","protected":false},"featured_media":298572,"template":"","meta":{"_acf_changed":false},"rizoma_assembly_time":[42753],"rizoma_bike":[42442,42637,42592,42150,42324,42338,42151,42339,42625,42517,44018,42608,42609,42154,42280,42163,44468,44469,42341,42342,42587,42635,42518,42085,42088,42086,42087,42213,42308,42641,42310,42413,42642,42519,44013,42600,44019,42309,42643,42588,43753,44431,44420,43754,43699,44015,44017,43700,43704,43705,44014,44016,43893,43894,43755,43756,42336,42337,44410,41945,42328,42329,42473,41955,42330],"rizoma_division":[42653],"rizoma_family":[42860],"rizoma_model_category":[],"rizoma_product_template":[],"product_brand":[],"product_cat":[42716],"product_tag":[],"class_list":{"0":"post-315530","1":"product","2":"type-product","3":"status-publish","4":"has-post-thumbnail","6":"rizoma_bike-desertx-2022-25","7":"rizoma_bike-desertx-discovery-2025","8":"rizoma_bike-desertx-rally-2024-25","9":"rizoma_bike-diavel-1260-2019-20","10":"rizoma_bike-diavel-1260-2021-22","11":"rizoma_bike-diavel-1260-lamborghini-2021","12":"rizoma_bike-diavel-1260-s-2019-20","13":"rizoma_bike-diavel-1260-s-2021-22","14":"rizoma_bike-diavel-for-bentley-2024","15":"rizoma_bike-diavel-v4-2023-26","16":"rizoma_bike-diavel-v4-rs-2026","17":"rizoma_bike-hypermotard-698-mono-2024-26","18":"rizoma_bike-hypermotard-698-mono-rve-2024-26","19":"rizoma_bike-hypermotard-950-2019-20","20":"rizoma_bike-hypermotard-950-rve-2020","21":"rizoma_bike-hypermotard-950-sp-2019-20","22":"rizoma_bike-monster-890-2026","23":"rizoma_bike-monster-890-2026-1","24":"rizoma_bike-monster-937-2021-25","25":"rizoma_bike-monster-937-2021-25-1","26":"rizoma_bike-monster-937-30-anniversario-2023-24","27":"rizoma_bike-monster-937-senna-2024","28":"rizoma_bike-monster-937-sp-2023-25","29":"rizoma_bike-multistrada-1260-2018-20","30":"rizoma_bike-multistrada-1260-pikes-peak-2018-20","31":"rizoma_bike-multistrada-1260-s-2018-20","32":"rizoma_bike-multistrada-1260-s-d-air-2018-20","33":"rizoma_bike-multistrada-1260-s-grand-tour-2020","34":"rizoma_bike-multistrada-v4-2021-24","35":"rizoma_bike-multistrada-v4-2025-26","36":"rizoma_bike-multistrada-v4-1100-s-sport-2021","37":"rizoma_bike-multistrada-v4-pikes-peak-2021-24","38":"rizoma_bike-multistrada-v4-pikes-peak-2025-26","39":"rizoma_bike-multistrada-v4-rally-2023-25","40":"rizoma_bike-multistrada-v4-rally-2026","41":"rizoma_bike-multistrada-v4-rs-2024-25","42":"rizoma_bike-multistrada-v4-rs-2026","43":"rizoma_bike-multistrada-v4-s-2021-24","44":"rizoma_bike-multistrada-v4-s-2025-26","45":"rizoma_bike-multistrada-v4-s-grand-tour-2024","46":"rizoma_bike-panigale-v2-2025-26","47":"rizoma_bike-panigale-v2-fb63-2026","48":"rizoma_bike-panigale-v2-mm93-2026","49":"rizoma_bike-panigale-v2-s-2025-26","50":"rizoma_bike-panigale-v4-2025-26","51":"rizoma_bike-panigale-v4-lamborghini-2026","52":"rizoma_bike-panigale-v4-r-2026","53":"rizoma_bike-panigale-v4-s-2025-26","54":"rizoma_bike-panigale-v4-s-carbon-2025-26","55":"rizoma_bike-panigale-v4-s-carbon-pro-2025-26","56":"rizoma_bike-panigale-v4-tricolore-2025-26","57":"rizoma_bike-panigale-v4-tricolore-italia-2025-26","58":"rizoma_bike-streetfighter-v2-2025-26","59":"rizoma_bike-streetfighter-v2-s-2025-26","60":"rizoma_bike-streetfighter-v4-2025-26","61":"rizoma_bike-streetfighter-v4-s-2025-26","62":"rizoma_bike-supersport-950-2021-24","63":"rizoma_bike-supersport-950-s-2021-24","64":"rizoma_bike-tracer-9-gtplus-y-amt-2025","65":"rizoma_bike-xdiavel-1262-2016-20","66":"rizoma_bike-xdiavel-1262-black-star-2021","67":"rizoma_bike-xdiavel-1262-dark-2021-24","68":"rizoma_bike-xdiavel-1262-nera-2022-23","69":"rizoma_bike-xdiavel-1262-s-2016-20","70":"rizoma_bike-xdiavel-1262-s-2021-24","71":"product_cat-intermitentes","73":"first","74":"instock","75":"taxable","76":"shipping-taxable","77":"purchasable","78":"product-type-variable"},"acf":[],"_links":{"self":[{"href":"https:\/\/cycle.rizoma.com\/es\/wp-json\/wp\/v2\/product\/315530","targetHints":{"allow":["GET"]}}],"collection":[{"href":"https:\/\/cycle.rizoma.com\/es\/wp-json\/wp\/v2\/product"}],"about":[{"href":"https:\/\/cycle.rizoma.com\/es\/wp-json\/wp\/v2\/types\/product"}],"wp:featuredmedia":[{"embeddable":true,"href":"https:\/\/cycle.rizoma.com\/es\/wp-json\/wp\/v2\/media\/298572"}],"wp:attachment":[{"href":"https:\/\/cycle.rizoma.com\/es\/wp-json\/wp\/v2\/media?parent=315530"}],"wp:term":[{"taxonomy":"rizoma_assembly_time","embeddable":true,"href":"https:\/\/cycle.rizoma.com\/es\/wp-json\/wp\/v2\/rizoma_assembly_time?post=315530"},{"taxonomy":"rizoma_bike","embeddable":true,"href":"https:\/\/cycle.rizoma.com\/es\/wp-json\/wp\/v2\/rizoma_bike?post=315530"},{"taxonomy":"rizoma_division","embeddable":true,"href":"https:\/\/cycle.rizoma.com\/es\/wp-json\/wp\/v2\/rizoma_division?post=315530"},{"taxonomy":"rizoma_family","embeddable":true,"href":"https:\/\/cycle.rizoma.com\/es\/wp-json\/wp\/v2\/rizoma_family?post=315530"},{"taxonomy":"rizoma_model_category","embeddable":true,"href":"https:\/\/cycle.rizoma.com\/es\/wp-json\/wp\/v2\/rizoma_model_category?post=315530"},{"taxonomy":"rizoma_product_template","embeddable":true,"href":"https:\/\/cycle.rizoma.com\/es\/wp-json\/wp\/v2\/rizoma_product_template?post=315530"},{"taxonomy":"product_brand","embeddable":true,"href":"https:\/\/cycle.rizoma.com\/es\/wp-json\/wp\/v2\/product_brand?post=315530"},{"taxonomy":"product_cat","embeddable":true,"href":"https:\/\/cycle.rizoma.com\/es\/wp-json\/wp\/v2\/product_cat?post=315530"},{"taxonomy":"product_tag","embeddable":true,"href":"https:\/\/cycle.rizoma.com\/es\/wp-json\/wp\/v2\/product_tag?post=315530"}],"curies":[{"name":"wp","href":"https:\/\/api.w.org\/{rel}","templated":true}]}}