{"id":315715,"date":"2024-11-21T16:47:56","date_gmt":"2024-11-21T15:47:56","guid":{"rendered":"https:\/\/rwp.rizoma.com\/negozio\/kit-de-montaje-para-intermitentes-delanteros-y-traseros-fr230\/"},"modified":"2025-05-29T04:11:20","modified_gmt":"2025-05-29T02:11:20","slug":"kit-de-montaje-para-intermitentes-delanteros-y-traseros-fr230","status":"publish","type":"product","link":"https:\/\/cycle.rizoma.com\/es\/negozio\/intermitentes\/FR230\/kit-de-montaje-para-intermitentes-delanteros-y-traseros-fr230\/motorbike\/7535\/kawasaki\/er-6n\/","title":{"rendered":"Kit de montaje para intermitentes delanteros y traseros"},"content":{"rendered":"<p>Cada adaptador de espejo est\u00e1 expresamente realizado para el modelo de moto correspondiente, con el fin de garantizar la mejor fijaci\u00f3n posible. Estos adaptadores est\u00e1n fabricados en PVC.<\/p>\n","protected":false},"excerpt":{"rendered":"<p>Cada adaptador de espejo est\u00e1 expresamente realizado para el modelo de moto correspondiente, con el fin de garantizar la mejor fijaci\u00f3n posible. Estos adaptadores est\u00e1n fabricados en PVC.<\/p>\n","protected":false},"featured_media":295637,"template":"","meta":{"_acf_changed":false},"rizoma_assembly_time":[42664],"rizoma_bike":[41996,41978,41820,41987,41997,42138,42239,42371,42445,41837,42021,42446,41939,41810,42094,42199,43690,42399,42479,42351,42474,42377,42240,42352,42469,42100,42243,42084,42244],"rizoma_division":[42653],"rizoma_family":[42711],"rizoma_model_category":[],"rizoma_product_template":[],"product_brand":[],"product_cat":[42716],"product_tag":[],"class_list":{"0":"post-315715","1":"product","2":"type-product","3":"status-publish","4":"has-post-thumbnail","6":"rizoma_bike-1090-adventure-r-2017-19","7":"rizoma_bike-1090-adventure-s-l-2017-19","8":"rizoma_bike-125-duke-abs-2013-16","9":"rizoma_bike-1290-super-adventure-r-2017-20","10":"rizoma_bike-1290-super-adventure-s-2017-20","11":"rizoma_bike-1290-super-duke-r-2019","12":"rizoma_bike-1290-super-duke-r-2020","13":"rizoma_bike-1290-super-duke-r-2021","14":"rizoma_bike-1290-super-duke-r-2022-23","15":"rizoma_bike-1290-super-duke-r-abs-2014-16","16":"rizoma_bike-1290-super-duke-r-abs-2017-18","17":"rizoma_bike-1290-super-duke-r-evo-2022-23","18":"rizoma_bike-1290-super-duke-r-se-abs-2016","19":"rizoma_bike-390-duke-abs-2012-16","20":"rizoma_bike-790-duke-2018-20","21":"rizoma_bike-790-duke-2019","22":"rizoma_bike-790-duke-2025-26","23":"rizoma_bike-790-duke-l-2019-20","24":"rizoma_bike-790-duke-l-2023-24","25":"rizoma_bike-890-duke-2021-23","26":"rizoma_bike-890-duke-gp-2022-23","27":"rizoma_bike-890-duke-l-2021","28":"rizoma_bike-890-duke-r-2020","29":"rizoma_bike-890-duke-r-2021","30":"rizoma_bike-890-duke-r-2022-23","31":"rizoma_bike-svartpilen-401-2018-19","32":"rizoma_bike-svartpilen-401-2020","33":"rizoma_bike-vitpilen-701-2018-19","34":"rizoma_bike-vitpilen-701-2020","35":"product_cat-intermitentes","37":"first","38":"instock","39":"taxable","40":"shipping-taxable","41":"purchasable","42":"product-type-variable"},"acf":[],"_links":{"self":[{"href":"https:\/\/cycle.rizoma.com\/es\/wp-json\/wp\/v2\/product\/315715","targetHints":{"allow":["GET"]}}],"collection":[{"href":"https:\/\/cycle.rizoma.com\/es\/wp-json\/wp\/v2\/product"}],"about":[{"href":"https:\/\/cycle.rizoma.com\/es\/wp-json\/wp\/v2\/types\/product"}],"wp:featuredmedia":[{"embeddable":true,"href":"https:\/\/cycle.rizoma.com\/es\/wp-json\/wp\/v2\/media\/295637"}],"wp:attachment":[{"href":"https:\/\/cycle.rizoma.com\/es\/wp-json\/wp\/v2\/media?parent=315715"}],"wp:term":[{"taxonomy":"rizoma_assembly_time","embeddable":true,"href":"https:\/\/cycle.rizoma.com\/es\/wp-json\/wp\/v2\/rizoma_assembly_time?post=315715"},{"taxonomy":"rizoma_bike","embeddable":true,"href":"https:\/\/cycle.rizoma.com\/es\/wp-json\/wp\/v2\/rizoma_bike?post=315715"},{"taxonomy":"rizoma_division","embeddable":true,"href":"https:\/\/cycle.rizoma.com\/es\/wp-json\/wp\/v2\/rizoma_division?post=315715"},{"taxonomy":"rizoma_family","embeddable":true,"href":"https:\/\/cycle.rizoma.com\/es\/wp-json\/wp\/v2\/rizoma_family?post=315715"},{"taxonomy":"rizoma_model_category","embeddable":true,"href":"https:\/\/cycle.rizoma.com\/es\/wp-json\/wp\/v2\/rizoma_model_category?post=315715"},{"taxonomy":"rizoma_product_template","embeddable":true,"href":"https:\/\/cycle.rizoma.com\/es\/wp-json\/wp\/v2\/rizoma_product_template?post=315715"},{"taxonomy":"product_brand","embeddable":true,"href":"https:\/\/cycle.rizoma.com\/es\/wp-json\/wp\/v2\/product_brand?post=315715"},{"taxonomy":"product_cat","embeddable":true,"href":"https:\/\/cycle.rizoma.com\/es\/wp-json\/wp\/v2\/product_cat?post=315715"},{"taxonomy":"product_tag","embeddable":true,"href":"https:\/\/cycle.rizoma.com\/es\/wp-json\/wp\/v2\/product_tag?post=315715"}],"curies":[{"name":"wp","href":"https:\/\/api.w.org\/{rel}","templated":true}]}}