{"id":315785,"date":"2024-11-21T16:49:24","date_gmt":"2024-11-21T15:49:24","guid":{"rendered":"https:\/\/rwp.rizoma.com\/negozio\/kit-de-montaje-para-intermitentes-traseros-fr302\/"},"modified":"2025-01-14T12:03:34","modified_gmt":"2025-01-14T11:03:34","slug":"kit-de-montaje-para-intermitentes-traseros-fr302","status":"publish","type":"product","link":"https:\/\/cycle.rizoma.com\/es\/negozio\/intermitentes\/FR302\/kit-de-montaje-para-intermitentes-traseros-fr302\/motorbike\/7535\/kawasaki\/er-6n\/","title":{"rendered":"Kit de montaje para intermitentes traseros"},"content":{"rendered":"<p>Cada adaptador de espejo est\u00e1 expresamente realizado para el modelo de moto correspondiente, con el fin de garantizar la mejor fijaci\u00f3n posible. Estos adaptadores est\u00e1n fabricados en PVC.<\/p>\n","protected":false},"excerpt":{"rendered":"<p>Cada adaptador de espejo est\u00e1 expresamente realizado para el modelo de moto correspondiente, con el fin de garantizar la mejor fijaci\u00f3n posible. Estos adaptadores est\u00e1n fabricados en PVC.<\/p>\n","protected":false},"featured_media":295707,"template":"","meta":{"_acf_changed":false},"rizoma_assembly_time":[42664],"rizoma_bike":[42593,43389,42144,42149,42389,42594,44381,42268,42553,42412,43393,42169,42396,43684,42475,43683,42603],"rizoma_division":[42653],"rizoma_family":[42711],"rizoma_model_category":[],"rizoma_product_template":[],"product_brand":[],"product_cat":[42716],"product_tag":[],"class_list":{"0":"post-315785","1":"product","2":"type-product","3":"status-publish","4":"has-post-thumbnail","6":"rizoma_bike-scrambler-1200-x-2024-26","7":"rizoma_bike-scrambler-1200-x-icon-edition-2025-26","8":"rizoma_bike-scrambler-1200-xc-2019-20","9":"rizoma_bike-scrambler-1200-xe-2019-20","10":"rizoma_bike-scrambler-1200-xe-2021-23","11":"rizoma_bike-scrambler-1200-xe-2024-25","12":"rizoma_bike-scrambler-1200-xe-2026","13":"rizoma_bike-scrambler-1200-xe-bond-edition-2020","14":"rizoma_bike-scrambler-1200-xe-chrome-edition-2023","15":"rizoma_bike-scrambler-1200-xe-gold-line-edition-2021-22","16":"rizoma_bike-scrambler-1200-xe-icon-edition-2025-26","17":"rizoma_bike-speed-twin-1200-2019-20","18":"rizoma_bike-speed-twin-1200-2021-24","19":"rizoma_bike-speed-twin-1200-2025-26","20":"rizoma_bike-speed-twin-1200-breitling-limited-edition-2022-24","21":"rizoma_bike-speed-twin-1200-rs-2025-26","22":"rizoma_bike-speed-twin-1200-stealth-edition-2024","23":"product_cat-intermitentes","25":"first","26":"instock","27":"sale","28":"taxable","29":"shipping-taxable","30":"purchasable","31":"product-type-variable"},"acf":[],"_links":{"self":[{"href":"https:\/\/cycle.rizoma.com\/es\/wp-json\/wp\/v2\/product\/315785","targetHints":{"allow":["GET"]}}],"collection":[{"href":"https:\/\/cycle.rizoma.com\/es\/wp-json\/wp\/v2\/product"}],"about":[{"href":"https:\/\/cycle.rizoma.com\/es\/wp-json\/wp\/v2\/types\/product"}],"wp:featuredmedia":[{"embeddable":true,"href":"https:\/\/cycle.rizoma.com\/es\/wp-json\/wp\/v2\/media\/295707"}],"wp:attachment":[{"href":"https:\/\/cycle.rizoma.com\/es\/wp-json\/wp\/v2\/media?parent=315785"}],"wp:term":[{"taxonomy":"rizoma_assembly_time","embeddable":true,"href":"https:\/\/cycle.rizoma.com\/es\/wp-json\/wp\/v2\/rizoma_assembly_time?post=315785"},{"taxonomy":"rizoma_bike","embeddable":true,"href":"https:\/\/cycle.rizoma.com\/es\/wp-json\/wp\/v2\/rizoma_bike?post=315785"},{"taxonomy":"rizoma_division","embeddable":true,"href":"https:\/\/cycle.rizoma.com\/es\/wp-json\/wp\/v2\/rizoma_division?post=315785"},{"taxonomy":"rizoma_family","embeddable":true,"href":"https:\/\/cycle.rizoma.com\/es\/wp-json\/wp\/v2\/rizoma_family?post=315785"},{"taxonomy":"rizoma_model_category","embeddable":true,"href":"https:\/\/cycle.rizoma.com\/es\/wp-json\/wp\/v2\/rizoma_model_category?post=315785"},{"taxonomy":"rizoma_product_template","embeddable":true,"href":"https:\/\/cycle.rizoma.com\/es\/wp-json\/wp\/v2\/rizoma_product_template?post=315785"},{"taxonomy":"product_brand","embeddable":true,"href":"https:\/\/cycle.rizoma.com\/es\/wp-json\/wp\/v2\/product_brand?post=315785"},{"taxonomy":"product_cat","embeddable":true,"href":"https:\/\/cycle.rizoma.com\/es\/wp-json\/wp\/v2\/product_cat?post=315785"},{"taxonomy":"product_tag","embeddable":true,"href":"https:\/\/cycle.rizoma.com\/es\/wp-json\/wp\/v2\/product_tag?post=315785"}],"curies":[{"name":"wp","href":"https:\/\/api.w.org\/{rel}","templated":true}]}}