{"id":315805,"date":"2024-11-21T16:49:49","date_gmt":"2024-11-21T15:49:49","guid":{"rendered":"https:\/\/rwp.rizoma.com\/negozio\/kit-de-montaje-para-intermitentes-oem-en-portamatricula-fox-fr424\/"},"modified":"2025-01-14T11:31:19","modified_gmt":"2025-01-14T10:31:19","slug":"kit-de-montaje-para-intermitentes-oem-en-portamatricula-fox-fr424","status":"publish","type":"product","link":"https:\/\/cycle.rizoma.com\/es\/negozio\/intermitentes\/FR424\/kit-de-montaje-para-intermitentes-oem-en-portamatricula-fox-fr424\/","title":{"rendered":"Kit de montaje para intermitentes OEM en Portamatr\u00edcula Fox"},"content":{"rendered":"<p>Adaptador para intermitentes OEM en portamatr\u00edcula Rizoma Fox. Cada adaptador de espejo est\u00e1 expresamente realizado para el modelo de moto correspondiente, con el fin de garantizar la mejor fijaci\u00f3n posible. Estos adaptadores est\u00e1n fabricados en acero inoxidable.<\/p>\n","protected":false},"excerpt":{"rendered":"<p>Adaptador para intermitentes OEM en portamatr\u00edcula Rizoma Fox. Cada adaptador de espejo est\u00e1 expresamente realizado para el modelo de moto correspondiente, con el fin de garantizar la mejor fijaci\u00f3n posible. Estos adaptadores est\u00e1n fabricados en acero inoxidable.<\/p>\n","protected":false},"featured_media":295747,"template":"","meta":{"_acf_changed":false},"rizoma_assembly_time":[42664],"rizoma_bike":[42367,42515,42613,42048,42126,42572,43689,42117,42129,42629,41985,42130,42368,42644,43688,42142,42209,42595,42614,42170,42254,42255,43972,41982,42037,42237,42340,42502,43687,42464,42210,42256,42369,44370,42581,44371,42582,42038,42171,42238,42317,42500,42465,42172,42318,42503,42344,42173,42319,42343,42174,42320,42083,42366,42504,42478,42104,42257,42258,42370,42505,42501,42443,42583],"rizoma_division":[42653],"rizoma_family":[42711],"rizoma_model_category":[],"rizoma_product_template":[],"product_brand":[],"product_cat":[42716],"product_tag":[],"class_list":{"0":"post-315805","1":"product","2":"type-product","3":"status-publish","4":"has-post-thumbnail","6":"rizoma_bike-ninja-1000-zx-10r-2021-22","7":"rizoma_bike-ninja-1000-zx-10r-2021-25","8":"rizoma_bike-ninja-1000-zx-10r-40th-anniversary-edition-2024","9":"rizoma_bike-ninja-1000-zx-10r-krt-replica-2017-18","10":"rizoma_bike-ninja-1000-zx-10r-krt-replica-2019-20","11":"rizoma_bike-ninja-1000-zx-10r-performance-2021-24","12":"rizoma_bike-ninja-1000-zx-10r-performance-2025","13":"rizoma_bike-ninja-1000-zx-10r-se-2018","14":"rizoma_bike-ninja-1000-zx-10r-se-2019-20","15":"rizoma_bike-ninja-1000-zx-10rr-winter-test-limited-edition-2024","16":"rizoma_bike-ninja-1000-zx-10rr-2017-18","17":"rizoma_bike-ninja-1000-zx-10rr-2019-20","18":"rizoma_bike-ninja-1000-zx-10rr-2021-23","19":"rizoma_bike-ninja-1000-zx-10rr-2025","20":"rizoma_bike-ninja-1000-zx-10rr-performance-2025","21":"rizoma_bike-ninja-636-zx-6r-2019-20","22":"rizoma_bike-ninja-636-zx-6r-2020","23":"rizoma_bike-ninja-636-zx-6r-2024-26","24":"rizoma_bike-ninja-636-zx-6r-40th-anniversary-edition-2024","25":"rizoma_bike-ninja-636-zx-6r-krt-2019-20","26":"rizoma_bike-ninja-636-zx-6r-krt-performance-2019-20","27":"rizoma_bike-ninja-636-zx-6r-performance-2019-20","28":"rizoma_bike-ninja-636-zx-6r-performance-2025-26","29":"rizoma_bike-ninja-650-2017-19","30":"rizoma_bike-z-650-2017-19","31":"rizoma_bike-z-650-2020","32":"rizoma_bike-z-650-2021-22","33":"rizoma_bike-z-650-2023-24","34":"rizoma_bike-z-650-2025-26","35":"rizoma_bike-z-650-50th-anniversary-2022-23","36":"rizoma_bike-z-650-performance-2019-20","37":"rizoma_bike-z-650-performance-2020","38":"rizoma_bike-z-650-performance-2021-24","39":"rizoma_bike-z-650-performance-arrow-2025-26","40":"rizoma_bike-z-650-sport-2021-24","41":"rizoma_bike-z-650-sport-2025-26","42":"rizoma_bike-z-650-urban-2021-24","43":"rizoma_bike-z-900-2017-18","44":"rizoma_bike-z-900-2019","45":"rizoma_bike-z-900-2020-22","46":"rizoma_bike-z-900-2020","47":"rizoma_bike-z-900-2023-24","48":"rizoma_bike-z-900-50th-anniversary-2022-23","49":"rizoma_bike-z-900-a2-2019","50":"rizoma_bike-z-900-a2-2020","51":"rizoma_bike-z-900-a2-2021-24","52":"rizoma_bike-z-900-a2-performance-2021-24","53":"rizoma_bike-z-900-performance-2019","54":"rizoma_bike-z-900-performance-2020","55":"rizoma_bike-z-900-performance-2021-24","56":"rizoma_bike-z-900-performance-a2-2019","57":"rizoma_bike-z-900-performance-a2-2020","58":"rizoma_bike-z-900-rs-2018-20","59":"rizoma_bike-z-900-rs-2021","60":"rizoma_bike-z-900-rs-2022-25","61":"rizoma_bike-z-900-rs-50th-anniversary-2022","62":"rizoma_bike-z-900-rs-cafe-2018-21","63":"rizoma_bike-z-900-rs-cafe-performance-2020-21","64":"rizoma_bike-z-900-rs-performance-2020","65":"rizoma_bike-z-900-rs-performance-2021-22","66":"rizoma_bike-z-900-rs-se-2022-25","67":"rizoma_bike-z-900-se-2022-24","68":"rizoma_bike-z-900-se-2022","69":"rizoma_bike-z-900-se-performance-2023-24","70":"product_cat-intermitentes","72":"first","73":"instock","74":"taxable","75":"shipping-taxable","76":"purchasable","77":"product-type-variable"},"acf":[],"_links":{"self":[{"href":"https:\/\/cycle.rizoma.com\/es\/wp-json\/wp\/v2\/product\/315805","targetHints":{"allow":["GET"]}}],"collection":[{"href":"https:\/\/cycle.rizoma.com\/es\/wp-json\/wp\/v2\/product"}],"about":[{"href":"https:\/\/cycle.rizoma.com\/es\/wp-json\/wp\/v2\/types\/product"}],"wp:featuredmedia":[{"embeddable":true,"href":"https:\/\/cycle.rizoma.com\/es\/wp-json\/wp\/v2\/media\/295747"}],"wp:attachment":[{"href":"https:\/\/cycle.rizoma.com\/es\/wp-json\/wp\/v2\/media?parent=315805"}],"wp:term":[{"taxonomy":"rizoma_assembly_time","embeddable":true,"href":"https:\/\/cycle.rizoma.com\/es\/wp-json\/wp\/v2\/rizoma_assembly_time?post=315805"},{"taxonomy":"rizoma_bike","embeddable":true,"href":"https:\/\/cycle.rizoma.com\/es\/wp-json\/wp\/v2\/rizoma_bike?post=315805"},{"taxonomy":"rizoma_division","embeddable":true,"href":"https:\/\/cycle.rizoma.com\/es\/wp-json\/wp\/v2\/rizoma_division?post=315805"},{"taxonomy":"rizoma_family","embeddable":true,"href":"https:\/\/cycle.rizoma.com\/es\/wp-json\/wp\/v2\/rizoma_family?post=315805"},{"taxonomy":"rizoma_model_category","embeddable":true,"href":"https:\/\/cycle.rizoma.com\/es\/wp-json\/wp\/v2\/rizoma_model_category?post=315805"},{"taxonomy":"rizoma_product_template","embeddable":true,"href":"https:\/\/cycle.rizoma.com\/es\/wp-json\/wp\/v2\/rizoma_product_template?post=315805"},{"taxonomy":"product_brand","embeddable":true,"href":"https:\/\/cycle.rizoma.com\/es\/wp-json\/wp\/v2\/product_brand?post=315805"},{"taxonomy":"product_cat","embeddable":true,"href":"https:\/\/cycle.rizoma.com\/es\/wp-json\/wp\/v2\/product_cat?post=315805"},{"taxonomy":"product_tag","embeddable":true,"href":"https:\/\/cycle.rizoma.com\/es\/wp-json\/wp\/v2\/product_tag?post=315805"}],"curies":[{"name":"wp","href":"https:\/\/api.w.org\/{rel}","templated":true}]}}