{"id":316130,"date":"2024-11-21T16:56:57","date_gmt":"2024-11-21T15:56:57","guid":{"rendered":"https:\/\/rwp.rizoma.com\/negozio\/protectores-laterales-b-pro-pm354\/"},"modified":"2026-01-22T18:06:39","modified_gmt":"2026-01-22T17:06:39","slug":"protectores-laterales-b-pro-pm354","status":"publish","type":"product","link":"https:\/\/cycle.rizoma.com\/es\/negozio\/protectores-laterales\/PM354\/protectores-laterales-b-pro-pm354\/motorbike\/9073\/ducati\/monster-821\/","title":{"rendered":"Protectores laterales B-Pro"},"content":{"rendered":"<p>Los protectores de motor Rizoma est\u00e1n desarrolladas espec\u00edficamente para el modelo de moto al que est\u00e1n dedicadas, a fin de garantizar la mejor compatibilidad y funcionalidad posible.<br \/>Las l\u00edneas simples de las protecciones casan con un absoluto cuidado por el detalle que, yendo m\u00e1s all\u00e1 de su uso normal, las convierte en un objeto de dise\u00f1o.<br \/>La estructura principal est\u00e1 realizada en aluminio mecanizado a partir de un bloque macizo, mientras que el deslizador est\u00e1 fabricado en Delrin\u00ae, lo que permite sustituirlo en caso de ca\u00edda.<\/p>\n","protected":false},"excerpt":{"rendered":"<p>Los protectores de motor Rizoma est\u00e1n desarrolladas espec\u00edficamente para el modelo de moto al que est\u00e1n dedicadas, a fin de garantizar la mejor compatibilidad y funcionalidad posible.Las l\u00edneas simples de las protecciones casan con un absoluto cuidado por el detalle que, yendo m\u00e1s all\u00e1 de su uso normal, las convierte en un objeto de dise\u00f1o.La [&hellip;]<\/p>\n","protected":false},"featured_media":342149,"template":"","meta":{"_acf_changed":false},"rizoma_assembly_time":[42789],"rizoma_bike":[41841,42007,42124,41929,41842,42008,41896,42082,41870,41923,42152,41924],"rizoma_division":[42653],"rizoma_family":[],"rizoma_model_category":[],"rizoma_product_template":[],"product_brand":[],"product_cat":[42758],"product_tag":[],"class_list":{"0":"post-316130","1":"product","2":"type-product","3":"status-publish","4":"has-post-thumbnail","6":"rizoma_bike-monster-1200-2014-16","7":"rizoma_bike-monster-1200-2017-21","8":"rizoma_bike-monster-1200-25-anniversario-2018-19","9":"rizoma_bike-monster-1200-r-2016-19","10":"rizoma_bike-monster-1200-s-2014-16","11":"rizoma_bike-monster-1200-s-2017-21","12":"rizoma_bike-monster-1200-s-stripe-2014-15","13":"rizoma_bike-monster-821-2018-20","14":"rizoma_bike-monster-821-abs-2014-17","15":"rizoma_bike-monster-821-dark-abs-2014-16","16":"rizoma_bike-monster-821-stealth-2019-20","17":"rizoma_bike-monster-821-stripe-abs-2015-17","18":"product_cat-protectores-laterales","20":"first","21":"instock","22":"taxable","23":"shipping-taxable","24":"purchasable","25":"product-type-variable"},"acf":[],"_links":{"self":[{"href":"https:\/\/cycle.rizoma.com\/es\/wp-json\/wp\/v2\/product\/316130","targetHints":{"allow":["GET"]}}],"collection":[{"href":"https:\/\/cycle.rizoma.com\/es\/wp-json\/wp\/v2\/product"}],"about":[{"href":"https:\/\/cycle.rizoma.com\/es\/wp-json\/wp\/v2\/types\/product"}],"wp:featuredmedia":[{"embeddable":true,"href":"https:\/\/cycle.rizoma.com\/es\/wp-json\/wp\/v2\/media\/342149"}],"wp:attachment":[{"href":"https:\/\/cycle.rizoma.com\/es\/wp-json\/wp\/v2\/media?parent=316130"}],"wp:term":[{"taxonomy":"rizoma_assembly_time","embeddable":true,"href":"https:\/\/cycle.rizoma.com\/es\/wp-json\/wp\/v2\/rizoma_assembly_time?post=316130"},{"taxonomy":"rizoma_bike","embeddable":true,"href":"https:\/\/cycle.rizoma.com\/es\/wp-json\/wp\/v2\/rizoma_bike?post=316130"},{"taxonomy":"rizoma_division","embeddable":true,"href":"https:\/\/cycle.rizoma.com\/es\/wp-json\/wp\/v2\/rizoma_division?post=316130"},{"taxonomy":"rizoma_family","embeddable":true,"href":"https:\/\/cycle.rizoma.com\/es\/wp-json\/wp\/v2\/rizoma_family?post=316130"},{"taxonomy":"rizoma_model_category","embeddable":true,"href":"https:\/\/cycle.rizoma.com\/es\/wp-json\/wp\/v2\/rizoma_model_category?post=316130"},{"taxonomy":"rizoma_product_template","embeddable":true,"href":"https:\/\/cycle.rizoma.com\/es\/wp-json\/wp\/v2\/rizoma_product_template?post=316130"},{"taxonomy":"product_brand","embeddable":true,"href":"https:\/\/cycle.rizoma.com\/es\/wp-json\/wp\/v2\/product_brand?post=316130"},{"taxonomy":"product_cat","embeddable":true,"href":"https:\/\/cycle.rizoma.com\/es\/wp-json\/wp\/v2\/product_cat?post=316130"},{"taxonomy":"product_tag","embeddable":true,"href":"https:\/\/cycle.rizoma.com\/es\/wp-json\/wp\/v2\/product_tag?post=316130"}],"curies":[{"name":"wp","href":"https:\/\/api.w.org\/{rel}","templated":true}]}}