{"id":316435,"date":"2024-11-21T17:03:55","date_gmt":"2024-11-21T16:03:55","guid":{"rendered":"https:\/\/rwp.rizoma.com\/negozio\/kit-portamatricula-pt810\/"},"modified":"2025-01-14T11:45:07","modified_gmt":"2025-01-14T10:45:07","slug":"kit-portamatricula-pt810","status":"publish","type":"product","link":"https:\/\/cycle.rizoma.com\/es\/negozio\/portamatricula\/PT810\/kit-portamatricula-pt810\/motorbike\/8490\/kawasaki\/z-1000-sx\/","title":{"rendered":"Kit Portam\u00e1tricula"},"content":{"rendered":"<p>El portamatriculas Rizoma es compacto, ligero y funcional. El kit para la Vespa incluye una cubierta de soporte de tecno pol\u00edmero, sobre la que montar el portamatr\u00edculas de aluminio y que recrea el guardabarros en el extremo. Tambi\u00e9n se incluye la luz trasera, que se posiciona m\u00e1s alta y tiene una triple funci\u00f3n: luz de matr\u00edcula, luz de posici\u00f3n y luz de freno. Finalmente, el reflector y el cableado est\u00e1n incluidos en el kit.<br \/>F\u00e1cil de instalar, permite el ajuste de la inclinaci\u00f3n de la placa a trav\u00e9s de un tope de seguridad incluido y, adem\u00e1s, proporciona un sistema de ajuste de altura. Finalmente, se incluyen la luz de matr\u00edcula SMD LED, el reflector y el cableado. Equipado con certificaci\u00f3n ABE.<\/p>\n","protected":false},"excerpt":{"rendered":"<p>El portamatriculas Rizoma es compacto, ligero y funcional. El kit para la Vespa incluye una cubierta de soporte de tecno pol\u00edmero, sobre la que montar el portamatr\u00edculas de aluminio y que recrea el guardabarros en el extremo. Tambi\u00e9n se incluye la luz trasera, que se posiciona m\u00e1s alta y tiene una triple funci\u00f3n: luz de [&hellip;]<\/p>\n","protected":false},"featured_media":305191,"template":"","meta":{"_acf_changed":false},"rizoma_assembly_time":[42789],"rizoma_bike":[42558,42557,42561,42560,42567,42566],"rizoma_division":[42653],"rizoma_family":[],"rizoma_model_category":[],"rizoma_product_template":[],"product_brand":[],"product_cat":[42768],"product_tag":[],"class_list":{"0":"post-316435","1":"product","2":"type-product","3":"status-publish","4":"has-post-thumbnail","6":"rizoma_bike-gts-2015-2017","7":"rizoma_bike-gts-2018-2022","8":"rizoma_bike-gts-super-2015-2017","9":"rizoma_bike-gts-super-2018-2022","10":"rizoma_bike-sei-giorni-2016-2017","11":"rizoma_bike-sei-giorni-2018-2022","12":"product_cat-portamatricula","14":"first","15":"instock","16":"taxable","17":"shipping-taxable","18":"purchasable","19":"product-type-variable"},"acf":[],"_links":{"self":[{"href":"https:\/\/cycle.rizoma.com\/es\/wp-json\/wp\/v2\/product\/316435","targetHints":{"allow":["GET"]}}],"collection":[{"href":"https:\/\/cycle.rizoma.com\/es\/wp-json\/wp\/v2\/product"}],"about":[{"href":"https:\/\/cycle.rizoma.com\/es\/wp-json\/wp\/v2\/types\/product"}],"wp:featuredmedia":[{"embeddable":true,"href":"https:\/\/cycle.rizoma.com\/es\/wp-json\/wp\/v2\/media\/305191"}],"wp:attachment":[{"href":"https:\/\/cycle.rizoma.com\/es\/wp-json\/wp\/v2\/media?parent=316435"}],"wp:term":[{"taxonomy":"rizoma_assembly_time","embeddable":true,"href":"https:\/\/cycle.rizoma.com\/es\/wp-json\/wp\/v2\/rizoma_assembly_time?post=316435"},{"taxonomy":"rizoma_bike","embeddable":true,"href":"https:\/\/cycle.rizoma.com\/es\/wp-json\/wp\/v2\/rizoma_bike?post=316435"},{"taxonomy":"rizoma_division","embeddable":true,"href":"https:\/\/cycle.rizoma.com\/es\/wp-json\/wp\/v2\/rizoma_division?post=316435"},{"taxonomy":"rizoma_family","embeddable":true,"href":"https:\/\/cycle.rizoma.com\/es\/wp-json\/wp\/v2\/rizoma_family?post=316435"},{"taxonomy":"rizoma_model_category","embeddable":true,"href":"https:\/\/cycle.rizoma.com\/es\/wp-json\/wp\/v2\/rizoma_model_category?post=316435"},{"taxonomy":"rizoma_product_template","embeddable":true,"href":"https:\/\/cycle.rizoma.com\/es\/wp-json\/wp\/v2\/rizoma_product_template?post=316435"},{"taxonomy":"product_brand","embeddable":true,"href":"https:\/\/cycle.rizoma.com\/es\/wp-json\/wp\/v2\/product_brand?post=316435"},{"taxonomy":"product_cat","embeddable":true,"href":"https:\/\/cycle.rizoma.com\/es\/wp-json\/wp\/v2\/product_cat?post=316435"},{"taxonomy":"product_tag","embeddable":true,"href":"https:\/\/cycle.rizoma.com\/es\/wp-json\/wp\/v2\/product_tag?post=316435"}],"curies":[{"name":"wp","href":"https:\/\/api.w.org\/{rel}","templated":true}]}}