{"id":316510,"date":"2024-11-21T17:05:35","date_gmt":"2024-11-21T16:05:35","guid":{"rendered":"https:\/\/rwp.rizoma.com\/negozio\/soportes-caballete-sc020\/"},"modified":"2025-06-06T05:34:13","modified_gmt":"2025-06-06T03:34:13","slug":"soportes-caballete-sc020","status":"publish","type":"product","link":"https:\/\/cycle.rizoma.com\/es\/negozio\/soportes-caballete\/SC020\/soportes-caballete-sc020\/","title":{"rendered":"Soportes caballete"},"content":{"rendered":"<p>Los soportes de caballete Rizoma est\u00e1n realizados en aluminio mecanizado a partir de un bloque macizo y se caracterizan por un anillo protector en Delrin\u00ae. La combinaci\u00f3n de estos dos materiales garantiza una mayor calidad y durabilidad sin renunciar al dise\u00f1o. Disponibles para una amplia gama de marcas y modelos, estos soportes caballete cuentan con un ataque r\u00e1pido y se ofrecen en diferentes coloraciones gracias al acabado superficial anodizado.<\/p>\n","protected":false},"excerpt":{"rendered":"<p>Los soportes de caballete Rizoma est\u00e1n realizados en aluminio mecanizado a partir de un bloque macizo y se caracterizan por un anillo protector en Delrin\u00ae. La combinaci\u00f3n de estos dos materiales garantiza una mayor calidad y durabilidad sin renunciar al dise\u00f1o. Disponibles para una amplia gama de marcas y modelos, estos soportes caballete cuentan con [&hellip;]<\/p>\n","protected":false},"featured_media":300412,"template":"","meta":{"_acf_changed":false},"rizoma_assembly_time":[42664],"rizoma_bike":[41694,41695,41659,41660,41661,41662,41663,41664,41670,41671,41669,41672,41776,42228,42483,43719,42229,42540,43720,42550,42373,43721,41674,41675,41676,41604,43718,41807,41677,41808,44005,41865,42442,42637,42592,42136,42293,42137,42294,41549,41814,41552,41553,41748,41560,41561,41781,41823,41850,41851,41824,41897,41898,41899,41900,41918,41919,41605,41701,41707,41708,41709,41606,41607,41710,44006,44007,44008,44009,41609,42284,41884,42063,42002,42118,42110,42193,42423,42424,43418,44375,44378,43419,43420,41702,41703,41704,41705,41706,41771,41921,41995,42139,41914,42039,42141,42295,42346,42410,42390,41883,42062,44373,42421,42422,42395,42608,42609,42146,42194,42516,43912,42288,43892,42498,42043,42067,42402,43437,42403,43438,42308,42641,42310,42413,42519,44013,42309,42643,42588,41684,41685,42367,42515,42613,41786,42572,43689,42629,41985,42130,42368,42644,43688,41791,42142,42209,42595,42614,42170,42254,42255,43972,41982,42596,43973,42597,42615,43974,43699,44015,44017,43700,43704,43705,44014,44016,41840,41980,42345,43913,41621,41761,41881,41983,42167,42302,42574,43701,41894,41986,42593,43389,42144,42149,42389,42594,44381,42268,42553,42412,43393,42169,42396,43684,42475,43683,42603,41754,41835,41866,42044,41755,42045,43755,43756,41563,41610,41566,41436,41937,42047,42554,42599,41419,41612,41613,41988,41989,42017,42035,42036,41679,41680,42051,41846,42001,41869,44399,44400,42037,42237,42340,42502,43687,42464,42210,42256,42369,44370,44458,44460,44459,42581,44371,42582,41800,41803,42038,42171,42238,42317,42500,43745,42465,42172,42318,42503,43746,42344,42173,42319,42343,43916,42174,42320,42083,42366,42504,42478,42104,42257,42258,42370,42505,42501,42443,43747,42583,43917],"rizoma_division":[42653],"rizoma_family":[42880],"rizoma_model_category":[],"rizoma_product_template":[],"product_brand":[],"product_cat":[43000],"product_tag":[],"class_list":{"0":"post-316510","1":"product","2":"type-product","3":"status-publish","4":"has-post-thumbnail","6":"rizoma_bike-1190-rc8-2008-09","7":"rizoma_bike-1190-rc8-r-2009-16","8":"rizoma_bike-999-2002-04","9":"rizoma_bike-999-2005-06","10":"rizoma_bike-999-r-2002-04","11":"rizoma_bike-999-r-2005-06","12":"rizoma_bike-999-s-2003-04","13":"rizoma_bike-999-s-2005-06","14":"rizoma_bike-cbr-1000-rr-c-abs-2009-11","15":"rizoma_bike-cbr-1000-rr-fireblade-2004-05","16":"rizoma_bike-cbr-1000-rr-fireblade-2006-07","17":"rizoma_bike-cbr-1000-rr-fireblade-2008-11","18":"rizoma_bike-cbr-1000-rr-fireblade-2012-16","19":"rizoma_bike-cbr-1000-rr-r-fireblade-2020-21","20":"rizoma_bike-cbr-1000-rr-r-fireblade-2022-23","21":"rizoma_bike-cbr-1000-rr-r-fireblade-2024-26","22":"rizoma_bike-cbr-1000-rr-r-fireblade-sp-2020-21","23":"rizoma_bike-cbr-1000-rr-r-fireblade-sp-2022-23","24":"rizoma_bike-cbr-1000-rr-r-fireblade-sp-2024-26","25":"rizoma_bike-cbr-1000-rr-r-fireblade-sp-30th-anniversary-2022-23","26":"rizoma_bike-cbr-1000-rr-r-fireblade-sp-carbon-2021","27":"rizoma_bike-cbr-1000-rr-r-fireblade-sp-carbon-edition-2024-26","28":"rizoma_bike-cbr-600-rr-2003-04","29":"rizoma_bike-cbr-600-rr-2005-06","30":"rizoma_bike-cbr-600-rr-2007-08","31":"rizoma_bike-cbr-600-rr-2009-12","32":"rizoma_bike-cbr-600-rr-2024-26","33":"rizoma_bike-cbr-600-rr-abs-2012-16","34":"rizoma_bike-cbr-600-rr-c-abs-2009-12","35":"rizoma_bike-cbr-600-rr-ec-abs-2012-15","36":"rizoma_bike-cbr-900-rr-fireblade-2002-04","37":"rizoma_bike-daytona-675-r-abs-2009-16","38":"rizoma_bike-desertx-2022-25","39":"rizoma_bike-desertx-discovery-2025","40":"rizoma_bike-desertx-rally-2024-25","41":"rizoma_bike-ftr-1200-2019-20","42":"rizoma_bike-ftr-1200-2021-25","43":"rizoma_bike-ftr-1200-s-2019-20","44":"rizoma_bike-ftr-1200-s-2021-22","45":"rizoma_bike-gladius-650-sfv-2009-15","46":"rizoma_bike-gladius-650-sfv-abs-2009-15","47":"rizoma_bike-gsf-1250-bandit-2006-11","48":"rizoma_bike-gsf-1250-bandit-s-2006-11","49":"rizoma_bike-gsf-1250-bandit-s-traveller-2006-11","50":"rizoma_bike-gsr-600-2006-11","51":"rizoma_bike-gsr-750-2010-15","52":"rizoma_bike-gsr-750-abs-2010-17","53":"rizoma_bike-gsr-750-abs-mat-black-l-e-2010-14","54":"rizoma_bike-gsr-750-acc-2014-15","55":"rizoma_bike-gsr-750-acc-abs-2014-15","56":"rizoma_bike-gsr-750-mat-black-l-e-2013-14","57":"rizoma_bike-gsr-750-sp-2015","58":"rizoma_bike-gsr-750-sp-abs-2015-17","59":"rizoma_bike-gsr-750-z-2014-15","60":"rizoma_bike-gsr-750-z-abs-2015-16","61":"rizoma_bike-gsr-750-z-sp-2015","62":"rizoma_bike-gsr-750-z-sp-abs-2015-16","63":"rizoma_bike-gsx-1300-r-hayabusa-1999-06","64":"rizoma_bike-gsx-1300-r-hayabusa-2007-12","65":"rizoma_bike-gsx-r-600-2001-03","66":"rizoma_bike-gsx-r-600-2004-05","67":"rizoma_bike-gsx-r-600-2006-07","68":"rizoma_bike-gsx-r-600-2008-10","69":"rizoma_bike-gsx-r-600-2011-16","70":"rizoma_bike-gsx-r-600x-anniversary-2005-06","71":"rizoma_bike-gsx-r-750-1999-03","72":"rizoma_bike-gsx-r-750-2004-05","73":"rizoma_bike-gsx-r-750-2006-07","74":"rizoma_bike-gsx-r-750-2008-10","75":"rizoma_bike-gsx-r-750-2011-12","76":"rizoma_bike-gsx-r-750x-anniversary-2005","77":"rizoma_bike-gsx-s-1000-f-abs-2014-17","78":"rizoma_bike-gsx-s-1000-f-abs-2017-20","79":"rizoma_bike-gsx-s-750-abs-2017-20","80":"rizoma_bike-gsx-s-750-yugen-2018-20","81":"rizoma_bike-gsx-s-750-z-abs-2017-20","82":"rizoma_bike-gsx-s-750-z-yugen-2018-20","83":"rizoma_bike-gsx-s-950-gp-2022","84":"rizoma_bike-gsx-s-950-sert-edition-2022","85":"rizoma_bike-gsx-8s-2023-24","86":"rizoma_bike-gsx-8s-2025-26","87":"rizoma_bike-gsx-8s-evo-2025-26","88":"rizoma_bike-gsx-8s-kevin-schwantz-edition-2023","89":"rizoma_bike-gsx-8s-team-suzuki-edition-2024","90":"rizoma_bike-gsx-r1000-2000-02","91":"rizoma_bike-gsx-r1000-2003-04","92":"rizoma_bike-gsx-r1000-2005-06","93":"rizoma_bike-gsx-r1000-2006-08","94":"rizoma_bike-gsx-r1000-2009-11","95":"rizoma_bike-gsx-r1000-2012-15","96":"rizoma_bike-gsx-r1000-2015","97":"rizoma_bike-gsx-r1000-2017-18","98":"rizoma_bike-gsx-r1000-2019-20","99":"rizoma_bike-gsx-r1000-abs-2015-16","100":"rizoma_bike-gsx-r1000r-2017-18","101":"rizoma_bike-gsx-r1000r-2019-20","102":"rizoma_bike-gsx-r1000r-anniversary-2020","103":"rizoma_bike-gsx-r1000r-legend-edition-2020","104":"rizoma_bike-gsx-r1000r-phantom-2022","105":"rizoma_bike-gsx-s1000-2021-25","106":"rizoma_bike-gsx-s1000-abs-2015-17","107":"rizoma_bike-gsx-s1000-abs-2017-20","108":"rizoma_bike-gsx-s1000-evo-2025-26","109":"rizoma_bike-gsx-s1000-gp-2022","110":"rizoma_bike-gsx-s1000-sert-edition-2022","111":"rizoma_bike-gsx-s1000-web-edition-2021","112":"rizoma_bike-hypermotard-698-mono-2024-26","113":"rizoma_bike-hypermotard-698-mono-rve-2024-26","114":"rizoma_bike-katana-1000-2019-20","115":"rizoma_bike-katana-1000-jindachi-2019-20","116":"rizoma_bike-m-1000-r-2023-24","117":"rizoma_bike-m-1000-r-2025-26","118":"rizoma_bike-m-1000-rr-2023-24","119":"rizoma_bike-m-1000-rr-2025-26","120":"rizoma_bike-m-1000-rr-50-years-m-2022","121":"rizoma_bike-multistrada-1200-enduro-2016-18","122":"rizoma_bike-multistrada-1200-enduro-pro-2017-18","123":"rizoma_bike-multistrada-v2-2022-24","124":"rizoma_bike-multistrada-v2-2025-26","125":"rizoma_bike-multistrada-v2-s-2022-24","126":"rizoma_bike-multistrada-v2-s-2025-26","127":"rizoma_bike-multistrada-v4-2021-24","128":"rizoma_bike-multistrada-v4-2025-26","129":"rizoma_bike-multistrada-v4-1100-s-sport-2021","130":"rizoma_bike-multistrada-v4-pikes-peak-2021-24","131":"rizoma_bike-multistrada-v4-rally-2023-25","132":"rizoma_bike-multistrada-v4-rally-2026","133":"rizoma_bike-multistrada-v4-s-2021-24","134":"rizoma_bike-multistrada-v4-s-2025-26","135":"rizoma_bike-multistrada-v4-s-grand-tour-2024","136":"rizoma_bike-ninja-1000-zx-10r-2010-11","137":"rizoma_bike-ninja-1000-zx-10r-2011-15","138":"rizoma_bike-ninja-1000-zx-10r-2021-22","139":"rizoma_bike-ninja-1000-zx-10r-2021-25","140":"rizoma_bike-ninja-1000-zx-10r-40th-anniversary-edition-2024","141":"rizoma_bike-ninja-1000-zx-10r-abs-2011-15","142":"rizoma_bike-ninja-1000-zx-10r-performance-2021-24","143":"rizoma_bike-ninja-1000-zx-10r-performance-2025","144":"rizoma_bike-ninja-1000-zx-10rr-winter-test-limited-edition-2024","145":"rizoma_bike-ninja-1000-zx-10rr-2017-18","146":"rizoma_bike-ninja-1000-zx-10rr-2019-20","147":"rizoma_bike-ninja-1000-zx-10rr-2021-23","148":"rizoma_bike-ninja-1000-zx-10rr-2025","149":"rizoma_bike-ninja-1000-zx-10rr-performance-2025","150":"rizoma_bike-ninja-636-zx-6r-2013","151":"rizoma_bike-ninja-636-zx-6r-2019-20","152":"rizoma_bike-ninja-636-zx-6r-2020","153":"rizoma_bike-ninja-636-zx-6r-2024-26","154":"rizoma_bike-ninja-636-zx-6r-40th-anniversary-edition-2024","155":"rizoma_bike-ninja-636-zx-6r-krt-2019-20","156":"rizoma_bike-ninja-636-zx-6r-krt-performance-2019-20","157":"rizoma_bike-ninja-636-zx-6r-performance-2019-20","158":"rizoma_bike-ninja-636-zx-6r-performance-2025-26","159":"rizoma_bike-ninja-650-2017-19","160":"rizoma_bike-ninja-zx-4r-2024-26","161":"rizoma_bike-ninja-zx-4r-performance-2025-26","162":"rizoma_bike-ninja-zx-4rr-2024-26","163":"rizoma_bike-ninja-zx-4rr-40th-anniversay-edition-2024","164":"rizoma_bike-ninja-zx-4rr-performance-2025-26","165":"rizoma_bike-panigale-v4-2025-26","166":"rizoma_bike-panigale-v4-lamborghini-2026","167":"rizoma_bike-panigale-v4-r-2026","168":"rizoma_bike-panigale-v4-s-2025-26","169":"rizoma_bike-panigale-v4-s-carbon-2025-26","170":"rizoma_bike-panigale-v4-s-carbon-pro-2025-26","171":"rizoma_bike-panigale-v4-tricolore-2025-26","172":"rizoma_bike-panigale-v4-tricolore-italia-2025-26","173":"rizoma_bike-s-1000-r-2014-16","174":"rizoma_bike-s-1000-r-2017-20","175":"rizoma_bike-s-1000-r-2021-24","176":"rizoma_bike-s-1000-r-2025-26","177":"rizoma_bike-s-1000-rr-2009-12","178":"rizoma_bike-s-1000-rr-2012-14","179":"rizoma_bike-s-1000-rr-2015-16","180":"rizoma_bike-s-1000-rr-2017-18","181":"rizoma_bike-s-1000-rr-2019-20","182":"rizoma_bike-s-1000-rr-2021-22","183":"rizoma_bike-s-1000-rr-2023-24","184":"rizoma_bike-s-1000-rr-2025-26","185":"rizoma_bike-s-1000-xr-2015-16","186":"rizoma_bike-s-1000-xr-2017-19","187":"rizoma_bike-scrambler-1200-x-2024-26","188":"rizoma_bike-scrambler-1200-x-icon-edition-2025-26","189":"rizoma_bike-scrambler-1200-xc-2019-20","190":"rizoma_bike-scrambler-1200-xe-2019-20","191":"rizoma_bike-scrambler-1200-xe-2021-23","192":"rizoma_bike-scrambler-1200-xe-2024-25","193":"rizoma_bike-scrambler-1200-xe-2026","194":"rizoma_bike-scrambler-1200-xe-bond-edition-2020","195":"rizoma_bike-scrambler-1200-xe-chrome-edition-2023","196":"rizoma_bike-scrambler-1200-xe-gold-line-edition-2021-22","197":"rizoma_bike-scrambler-1200-xe-icon-edition-2025-26","198":"rizoma_bike-speed-twin-1200-2019-20","199":"rizoma_bike-speed-twin-1200-2021-24","200":"rizoma_bike-speed-twin-1200-2025-26","201":"rizoma_bike-speed-twin-1200-breitling-limited-edition-2022-24","202":"rizoma_bike-speed-twin-1200-rs-2025-26","203":"rizoma_bike-speed-twin-1200-stealth-edition-2024","204":"rizoma_bike-street-triple-2013","205":"rizoma_bike-street-triple-abs-2013-17","206":"rizoma_bike-street-triple-r-2013-14","207":"rizoma_bike-street-triple-r-2017-20","208":"rizoma_bike-street-triple-r-abs-2013-17","209":"rizoma_bike-street-triple-rs-2017-19","210":"rizoma_bike-streetfighter-v4-2025-26","211":"rizoma_bike-streetfighter-v4-s-2025-26","212":"rizoma_bike-sv-1000-1","213":"rizoma_bike-sv-1000-s-1","214":"rizoma_bike-sv-650-2006-11","215":"rizoma_bike-sv-650-s-1999-02","216":"rizoma_bike-thruxton-1200-r-2016","217":"rizoma_bike-thruxton-1200-r-2017-18","218":"rizoma_bike-thruxton-rs-chrome-edition-2023","219":"rizoma_bike-thruxton-rs-final-edition-2024-25","220":"rizoma_bike-tiger-800-abs-2010-14","221":"rizoma_bike-tl-1000-r-1998-02","222":"rizoma_bike-tl-1000-s-1997-03","223":"rizoma_bike-v-strom-1000-2017-20","224":"rizoma_bike-v-strom-1000xt-2017-20","225":"rizoma_bike-v-strom-250-2017-20","226":"rizoma_bike-v-strom-650-abs-2017-20","227":"rizoma_bike-v-strom-650xt-abs-2017-20","228":"rizoma_bike-vtr-1000-sp-1-2000-01","229":"rizoma_bike-vtr-1000-sp-2-2002-06","230":"rizoma_bike-z-1000-2017-20","231":"rizoma_bike-z-1000-abs-2014-16","232":"rizoma_bike-z-1000-r-2017-20","233":"rizoma_bike-z-1000-sx-abs-2014-16","234":"rizoma_bike-z-1100-2026","235":"rizoma_bike-z-1100-se-2026","236":"rizoma_bike-z-650-2017-19","237":"rizoma_bike-z-650-2020","238":"rizoma_bike-z-650-2021-22","239":"rizoma_bike-z-650-2023-24","240":"rizoma_bike-z-650-2025-26","241":"rizoma_bike-z-650-50th-anniversary-2022-23","242":"rizoma_bike-z-650-performance-2019-20","243":"rizoma_bike-z-650-performance-2020","244":"rizoma_bike-z-650-performance-2021-24","245":"rizoma_bike-z-650-performance-arrow-2025-26","246":"rizoma_bike-z-650-rs-2022-24","247":"rizoma_bike-z-650-rs-2025-26","248":"rizoma_bike-z-650-rs-50th-anniversary-2022","249":"rizoma_bike-z-650-sport-2021-24","250":"rizoma_bike-z-650-sport-2025-26","251":"rizoma_bike-z-650-urban-2021-24","252":"rizoma_bike-z-800-2012-13","253":"rizoma_bike-z-800-abs-2012-16","254":"rizoma_bike-z-900-2017-18","255":"rizoma_bike-z-900-2019","256":"rizoma_bike-z-900-2020-22","257":"rizoma_bike-z-900-2020","258":"rizoma_bike-z-900-2023-24","259":"rizoma_bike-z-900-2025-26","260":"rizoma_bike-z-900-50th-anniversary-2022-23","261":"rizoma_bike-z-900-a2-2019","262":"rizoma_bike-z-900-a2-2020","263":"rizoma_bike-z-900-a2-2021-24","264":"rizoma_bike-z-900-a2-2025-26","265":"rizoma_bike-z-900-a2-performance-2021-24","266":"rizoma_bike-z-900-performance-2019","267":"rizoma_bike-z-900-performance-2020","268":"rizoma_bike-z-900-performance-2021-24","269":"rizoma_bike-z-900-performance-2025-26","270":"rizoma_bike-z-900-performance-a2-2019","271":"rizoma_bike-z-900-performance-a2-2020","272":"rizoma_bike-z-900-rs-2018-20","273":"rizoma_bike-z-900-rs-2021","274":"rizoma_bike-z-900-rs-2022-25","275":"rizoma_bike-z-900-rs-50th-anniversary-2022","276":"rizoma_bike-z-900-rs-cafe-2018-21","277":"rizoma_bike-z-900-rs-cafe-performance-2020-21","278":"rizoma_bike-z-900-rs-performance-2020","279":"rizoma_bike-z-900-rs-performance-2021-22","280":"rizoma_bike-z-900-rs-se-2022-25","281":"rizoma_bike-z-900-se-2022-24","282":"rizoma_bike-z-900-se-2022","283":"rizoma_bike-z-900-se-2025-26","284":"rizoma_bike-z-900-se-performance-2023-24","285":"rizoma_bike-z-900-se-performance-2025-26","286":"product_cat-soportes-caballete","288":"first","289":"instock","290":"taxable","291":"shipping-taxable","292":"purchasable","293":"product-type-variable"},"acf":[],"_links":{"self":[{"href":"https:\/\/cycle.rizoma.com\/es\/wp-json\/wp\/v2\/product\/316510","targetHints":{"allow":["GET"]}}],"collection":[{"href":"https:\/\/cycle.rizoma.com\/es\/wp-json\/wp\/v2\/product"}],"about":[{"href":"https:\/\/cycle.rizoma.com\/es\/wp-json\/wp\/v2\/types\/product"}],"wp:featuredmedia":[{"embeddable":true,"href":"https:\/\/cycle.rizoma.com\/es\/wp-json\/wp\/v2\/media\/300412"}],"wp:attachment":[{"href":"https:\/\/cycle.rizoma.com\/es\/wp-json\/wp\/v2\/media?parent=316510"}],"wp:term":[{"taxonomy":"rizoma_assembly_time","embeddable":true,"href":"https:\/\/cycle.rizoma.com\/es\/wp-json\/wp\/v2\/rizoma_assembly_time?post=316510"},{"taxonomy":"rizoma_bike","embeddable":true,"href":"https:\/\/cycle.rizoma.com\/es\/wp-json\/wp\/v2\/rizoma_bike?post=316510"},{"taxonomy":"rizoma_division","embeddable":true,"href":"https:\/\/cycle.rizoma.com\/es\/wp-json\/wp\/v2\/rizoma_division?post=316510"},{"taxonomy":"rizoma_family","embeddable":true,"href":"https:\/\/cycle.rizoma.com\/es\/wp-json\/wp\/v2\/rizoma_family?post=316510"},{"taxonomy":"rizoma_model_category","embeddable":true,"href":"https:\/\/cycle.rizoma.com\/es\/wp-json\/wp\/v2\/rizoma_model_category?post=316510"},{"taxonomy":"rizoma_product_template","embeddable":true,"href":"https:\/\/cycle.rizoma.com\/es\/wp-json\/wp\/v2\/rizoma_product_template?post=316510"},{"taxonomy":"product_brand","embeddable":true,"href":"https:\/\/cycle.rizoma.com\/es\/wp-json\/wp\/v2\/product_brand?post=316510"},{"taxonomy":"product_cat","embeddable":true,"href":"https:\/\/cycle.rizoma.com\/es\/wp-json\/wp\/v2\/product_cat?post=316510"},{"taxonomy":"product_tag","embeddable":true,"href":"https:\/\/cycle.rizoma.com\/es\/wp-json\/wp\/v2\/product_tag?post=316510"}],"curies":[{"name":"wp","href":"https:\/\/api.w.org\/{rel}","templated":true}]}}