{"id":316520,"date":"2024-11-21T17:05:48","date_gmt":"2024-11-21T16:05:48","guid":{"rendered":"https:\/\/rwp.rizoma.com\/negozio\/tapon-deposito-de-fluido-tp042\/"},"modified":"2025-12-18T00:38:52","modified_gmt":"2025-12-17T23:38:52","slug":"tapon-deposito-de-fluido-tp042","status":"publish","type":"product","link":"https:\/\/cycle.rizoma.com\/es\/negozio\/depositos-de-fluido\/TP042\/tapon-deposito-de-fluido-tp042\/","title":{"rendered":"Tap\u00f3n dep\u00f3sito de fluido"},"content":{"rendered":"<p>Las tapas del dep\u00f3sito de fluido Rizoma, en aluminio mecanizado a partir de un bloque macizo, est\u00e1n disponibles en diferentes coloraciones gracias al acabado superficial obtenido a trav\u00e9s de anodizado, que garantiza un mejor rendimiento est\u00e9tico con el paso del tiempo. Dise\u00f1o limpio, cuidado en detalles, que se adapta perfectamente tanto al estilo m\u00e1s deportivo como a las tendencias m\u00e1s cl\u00e1sicas.<\/p>\n","protected":false},"excerpt":{"rendered":"<p>Las tapas del dep\u00f3sito de fluido Rizoma, en aluminio mecanizado a partir de un bloque macizo, est\u00e1n disponibles en diferentes coloraciones gracias al acabado superficial obtenido a trav\u00e9s de anodizado, que garantiza un mejor rendimiento est\u00e9tico con el paso del tiempo. Dise\u00f1o limpio, cuidado en detalles, que se adapta perfectamente tanto al estilo m\u00e1s deportivo [&hellip;]<\/p>\n","protected":false},"featured_media":296172,"template":"","meta":{"_acf_changed":false},"rizoma_assembly_time":[42753],"rizoma_bike":[42138,42239,42371,41837,42021,41939],"rizoma_division":[42653],"rizoma_family":[42819],"rizoma_model_category":[],"rizoma_product_template":[],"product_brand":[],"product_cat":[42690],"product_tag":[],"class_list":{"0":"post-316520","1":"product","2":"type-product","3":"status-publish","4":"has-post-thumbnail","6":"rizoma_bike-1290-super-duke-r-2019","7":"rizoma_bike-1290-super-duke-r-2020","8":"rizoma_bike-1290-super-duke-r-2021","9":"rizoma_bike-1290-super-duke-r-abs-2014-16","10":"rizoma_bike-1290-super-duke-r-abs-2017-18","11":"rizoma_bike-1290-super-duke-r-se-abs-2016","12":"product_cat-depositos-de-fluido","14":"first","15":"instock","16":"sale","17":"taxable","18":"shipping-taxable","19":"purchasable","20":"product-type-variable"},"acf":[],"_links":{"self":[{"href":"https:\/\/cycle.rizoma.com\/es\/wp-json\/wp\/v2\/product\/316520","targetHints":{"allow":["GET"]}}],"collection":[{"href":"https:\/\/cycle.rizoma.com\/es\/wp-json\/wp\/v2\/product"}],"about":[{"href":"https:\/\/cycle.rizoma.com\/es\/wp-json\/wp\/v2\/types\/product"}],"wp:featuredmedia":[{"embeddable":true,"href":"https:\/\/cycle.rizoma.com\/es\/wp-json\/wp\/v2\/media\/296172"}],"wp:attachment":[{"href":"https:\/\/cycle.rizoma.com\/es\/wp-json\/wp\/v2\/media?parent=316520"}],"wp:term":[{"taxonomy":"rizoma_assembly_time","embeddable":true,"href":"https:\/\/cycle.rizoma.com\/es\/wp-json\/wp\/v2\/rizoma_assembly_time?post=316520"},{"taxonomy":"rizoma_bike","embeddable":true,"href":"https:\/\/cycle.rizoma.com\/es\/wp-json\/wp\/v2\/rizoma_bike?post=316520"},{"taxonomy":"rizoma_division","embeddable":true,"href":"https:\/\/cycle.rizoma.com\/es\/wp-json\/wp\/v2\/rizoma_division?post=316520"},{"taxonomy":"rizoma_family","embeddable":true,"href":"https:\/\/cycle.rizoma.com\/es\/wp-json\/wp\/v2\/rizoma_family?post=316520"},{"taxonomy":"rizoma_model_category","embeddable":true,"href":"https:\/\/cycle.rizoma.com\/es\/wp-json\/wp\/v2\/rizoma_model_category?post=316520"},{"taxonomy":"rizoma_product_template","embeddable":true,"href":"https:\/\/cycle.rizoma.com\/es\/wp-json\/wp\/v2\/rizoma_product_template?post=316520"},{"taxonomy":"product_brand","embeddable":true,"href":"https:\/\/cycle.rizoma.com\/es\/wp-json\/wp\/v2\/product_brand?post=316520"},{"taxonomy":"product_cat","embeddable":true,"href":"https:\/\/cycle.rizoma.com\/es\/wp-json\/wp\/v2\/product_cat?post=316520"},{"taxonomy":"product_tag","embeddable":true,"href":"https:\/\/cycle.rizoma.com\/es\/wp-json\/wp\/v2\/product_tag?post=316520"}],"curies":[{"name":"wp","href":"https:\/\/api.w.org\/{rel}","templated":true}]}}