{"id":316525,"date":"2024-11-21T17:05:54","date_gmt":"2024-11-21T16:05:54","guid":{"rendered":"https:\/\/rwp.rizoma.com\/negozio\/tapon-llenado-aceite-de-motor-tp046\/"},"modified":"2025-12-18T00:37:17","modified_gmt":"2025-12-17T23:37:17","slug":"tapon-llenado-aceite-de-motor-tp046","status":"publish","type":"product","link":"https:\/\/cycle.rizoma.com\/es\/negozio\/tapones-llenado-aceite-de-motor\/TP046\/tapon-llenado-aceite-de-motor-tp046\/","title":{"rendered":"Tap\u00f3n llenado aceite de motor"},"content":{"rendered":"<p>El tap\u00f3n de llenado de aceite Rizoma est\u00e1 realizado \u00edntegramente en aluminio mecanizado a partir de un bloque macizo y sometido a un tratamiento superficial de anodizado que asegura calidad y durabilidad. Estilo Custom para quien quiere enriquecer con detalles su propia moto.<\/p>\n","protected":false},"excerpt":{"rendered":"<p>El tap\u00f3n de llenado de aceite Rizoma est\u00e1 realizado \u00edntegramente en aluminio mecanizado a partir de un bloque macizo y sometido a un tratamiento superficial de anodizado que asegura calidad y durabilidad. Estilo Custom para quien quiere enriquecer con detalles su propia moto.<\/p>\n","protected":false},"featured_media":296202,"template":"","meta":{"_acf_changed":false},"rizoma_assembly_time":[42664],"rizoma_bike":[43816],"rizoma_division":[42653],"rizoma_family":[42977],"rizoma_model_category":[],"rizoma_product_template":[],"product_brand":[],"product_cat":[43886],"product_tag":[],"class_list":{"0":"post-316525","1":"product","2":"type-product","3":"status-publish","4":"has-post-thumbnail","6":"rizoma_bike-softail-slim-2011-17-fls","7":"product_cat-tapones-llenado-aceite-de-motor","9":"first","10":"instock","11":"sale","12":"taxable","13":"shipping-taxable","14":"purchasable","15":"product-type-variable"},"acf":[],"_links":{"self":[{"href":"https:\/\/cycle.rizoma.com\/es\/wp-json\/wp\/v2\/product\/316525","targetHints":{"allow":["GET"]}}],"collection":[{"href":"https:\/\/cycle.rizoma.com\/es\/wp-json\/wp\/v2\/product"}],"about":[{"href":"https:\/\/cycle.rizoma.com\/es\/wp-json\/wp\/v2\/types\/product"}],"wp:featuredmedia":[{"embeddable":true,"href":"https:\/\/cycle.rizoma.com\/es\/wp-json\/wp\/v2\/media\/296202"}],"wp:attachment":[{"href":"https:\/\/cycle.rizoma.com\/es\/wp-json\/wp\/v2\/media?parent=316525"}],"wp:term":[{"taxonomy":"rizoma_assembly_time","embeddable":true,"href":"https:\/\/cycle.rizoma.com\/es\/wp-json\/wp\/v2\/rizoma_assembly_time?post=316525"},{"taxonomy":"rizoma_bike","embeddable":true,"href":"https:\/\/cycle.rizoma.com\/es\/wp-json\/wp\/v2\/rizoma_bike?post=316525"},{"taxonomy":"rizoma_division","embeddable":true,"href":"https:\/\/cycle.rizoma.com\/es\/wp-json\/wp\/v2\/rizoma_division?post=316525"},{"taxonomy":"rizoma_family","embeddable":true,"href":"https:\/\/cycle.rizoma.com\/es\/wp-json\/wp\/v2\/rizoma_family?post=316525"},{"taxonomy":"rizoma_model_category","embeddable":true,"href":"https:\/\/cycle.rizoma.com\/es\/wp-json\/wp\/v2\/rizoma_model_category?post=316525"},{"taxonomy":"rizoma_product_template","embeddable":true,"href":"https:\/\/cycle.rizoma.com\/es\/wp-json\/wp\/v2\/rizoma_product_template?post=316525"},{"taxonomy":"product_brand","embeddable":true,"href":"https:\/\/cycle.rizoma.com\/es\/wp-json\/wp\/v2\/product_brand?post=316525"},{"taxonomy":"product_cat","embeddable":true,"href":"https:\/\/cycle.rizoma.com\/es\/wp-json\/wp\/v2\/product_cat?post=316525"},{"taxonomy":"product_tag","embeddable":true,"href":"https:\/\/cycle.rizoma.com\/es\/wp-json\/wp\/v2\/product_tag?post=316525"}],"curies":[{"name":"wp","href":"https:\/\/api.w.org\/{rel}","templated":true}]}}