{"id":316595,"date":"2024-11-21T17:07:28","date_gmt":"2024-11-21T16:07:28","guid":{"rendered":"https:\/\/rwp.rizoma.com\/negozio\/manetas-de-freno-ducati-by-rizoma-dm-lb520\/"},"modified":"2025-11-22T00:06:59","modified_gmt":"2025-11-21T23:06:59","slug":"manetas-de-freno-ducati-by-rizoma-dm-lb520","status":"publish","type":"product","link":"https:\/\/cycle.rizoma.com\/es\/negozio\/accesorios-ducati-by-rizoma\/DM-LB520\/manetas-de-freno-ducati-by-rizoma-dm-lb520\/","title":{"rendered":"Manetas de Freno Ducati by Rizoma"},"content":{"rendered":"<p>En 2018 Rizoma instaura la colaboraci\u00f3n comercial con Ducati. Las dos excelencias  se unen para realizar un especial proyecto che pone e tilde en el estilo, la calidad y el  performance.<br \/>Los producto con la marca Ducati\u00ae by Rizoma\u00ae son dise\u00f1ados y producidos por Rizoma en exclusividad para Ducati Motor Holding Spa. Todos los accesorios de la l\u00ednea son adquiribles solo a trav\u00e9s de revendedores oficiales Ducati o shop on line Ducati.<\/p>\n","protected":false},"excerpt":{"rendered":"<p>En 2018 Rizoma instaura la colaboraci\u00f3n comercial con Ducati. Las dos excelencias se unen para realizar un especial proyecto che pone e tilde en el estilo, la calidad y el performance.Los producto con la marca Ducati\u00ae by Rizoma\u00ae son dise\u00f1ados y producidos por Rizoma en exclusividad para Ducati Motor Holding Spa. Todos los accesorios de [&hellip;]<\/p>\n","protected":false},"featured_media":290342,"template":"","meta":{"_acf_changed":false},"rizoma_assembly_time":[42675],"rizoma_bike":[41912,42070,41913,41972,41949,42092,42625,42517,44018,41841,42007,42124,41929,41842,42008,41896,42311,42214,42401,42432,42101,42215,42425,42197,42335,42477,42545,42546,42153,42539,42433,42093,42216,42426,42162,42612,42102,42527,42218,42313,42219,42314,42431,42580,42523,42524,42014,42251,42312],"rizoma_division":[42653],"rizoma_family":[],"rizoma_model_category":[],"rizoma_product_template":[],"product_brand":[],"product_cat":[42962],"product_tag":[],"class_list":{"0":"post-316595","1":"product","2":"type-product","3":"status-publish","4":"has-post-thumbnail","6":"rizoma_bike-1299-panigale-2015-17","7":"rizoma_bike-1299-panigale-r-final-edition-2017-20","8":"rizoma_bike-1299-panigale-s-2015-18","9":"rizoma_bike-1299-panigale-s-anniversario-2016","10":"rizoma_bike-959-panigale-2016-19","11":"rizoma_bike-959-panigale-corse-2018-19","12":"rizoma_bike-diavel-for-bentley-2024","13":"rizoma_bike-diavel-v4-2023-26","14":"rizoma_bike-diavel-v4-rs-2026","15":"rizoma_bike-monster-1200-2014-16","16":"rizoma_bike-monster-1200-2017-21","17":"rizoma_bike-monster-1200-25-anniversario-2018-19","18":"rizoma_bike-monster-1200-r-2016-19","19":"rizoma_bike-monster-1200-s-2014-16","20":"rizoma_bike-monster-1200-s-2017-21","21":"rizoma_bike-monster-1200-s-stripe-2014-15","22":"rizoma_bike-panigale-v2-2021-24","23":"rizoma_bike-panigale-v2-955-2020","24":"rizoma_bike-panigale-v2-bayliss-1st-championship-20th-anniversary-2021-24","25":"rizoma_bike-panigale-v4-2022-24","26":"rizoma_bike-panigale-v4-1100-2018-19","27":"rizoma_bike-panigale-v4-1100-2020","28":"rizoma_bike-panigale-v4-1100-2021","29":"rizoma_bike-panigale-v4-1100-25-anniversario-2019-20","30":"rizoma_bike-panigale-v4-1100-sp-2021","31":"rizoma_bike-panigale-v4-1100-sp2-2022-23","32":"rizoma_bike-panigale-v4-bagnaia-2022-world-champion-replica-2023","33":"rizoma_bike-panigale-v4-bautista-2022-world-champion-replica-2023","34":"rizoma_bike-panigale-v4-r-2023-24","35":"rizoma_bike-panigale-v4-r-1000-2019-20","36":"rizoma_bike-panigale-v4-s-2022-24","37":"rizoma_bike-panigale-v4-s-1100-2018-19","38":"rizoma_bike-panigale-v4-s-1100-2020","39":"rizoma_bike-panigale-v4-s-1100-2021","40":"rizoma_bike-panigale-v4-s-1100-corse-2019","41":"rizoma_bike-panigale-v4-sp2-30-anniversario-916-2024","42":"rizoma_bike-panigale-v4-speciale-1100-2018-19","43":"rizoma_bike-streetfighter-v4-2023-24","44":"rizoma_bike-streetfighter-v4-1100-2020","45":"rizoma_bike-streetfighter-v4-1100-2021-22","46":"rizoma_bike-streetfighter-v4-1100-s-2020","47":"rizoma_bike-streetfighter-v4-1100-s-2021-22","48":"rizoma_bike-streetfighter-v4-1100-sp-2022","49":"rizoma_bike-streetfighter-v4-lamborghini-2023-24","50":"rizoma_bike-streetfighter-v4-s-2023-24","51":"rizoma_bike-streetfighter-v4-sp2-2023-24","52":"rizoma_bike-superleggera-1299-2017","53":"rizoma_bike-superleggera-v4-1000-2020","54":"rizoma_bike-superleggera-v4-1000-2021-23","55":"product_cat-accesorios-ducati-by-rizoma","57":"first","58":"outofstock","59":"taxable","60":"shipping-taxable","61":"purchasable","62":"product-type-variable"},"acf":[],"_links":{"self":[{"href":"https:\/\/cycle.rizoma.com\/es\/wp-json\/wp\/v2\/product\/316595","targetHints":{"allow":["GET"]}}],"collection":[{"href":"https:\/\/cycle.rizoma.com\/es\/wp-json\/wp\/v2\/product"}],"about":[{"href":"https:\/\/cycle.rizoma.com\/es\/wp-json\/wp\/v2\/types\/product"}],"wp:featuredmedia":[{"embeddable":true,"href":"https:\/\/cycle.rizoma.com\/es\/wp-json\/wp\/v2\/media\/290342"}],"wp:attachment":[{"href":"https:\/\/cycle.rizoma.com\/es\/wp-json\/wp\/v2\/media?parent=316595"}],"wp:term":[{"taxonomy":"rizoma_assembly_time","embeddable":true,"href":"https:\/\/cycle.rizoma.com\/es\/wp-json\/wp\/v2\/rizoma_assembly_time?post=316595"},{"taxonomy":"rizoma_bike","embeddable":true,"href":"https:\/\/cycle.rizoma.com\/es\/wp-json\/wp\/v2\/rizoma_bike?post=316595"},{"taxonomy":"rizoma_division","embeddable":true,"href":"https:\/\/cycle.rizoma.com\/es\/wp-json\/wp\/v2\/rizoma_division?post=316595"},{"taxonomy":"rizoma_family","embeddable":true,"href":"https:\/\/cycle.rizoma.com\/es\/wp-json\/wp\/v2\/rizoma_family?post=316595"},{"taxonomy":"rizoma_model_category","embeddable":true,"href":"https:\/\/cycle.rizoma.com\/es\/wp-json\/wp\/v2\/rizoma_model_category?post=316595"},{"taxonomy":"rizoma_product_template","embeddable":true,"href":"https:\/\/cycle.rizoma.com\/es\/wp-json\/wp\/v2\/rizoma_product_template?post=316595"},{"taxonomy":"product_brand","embeddable":true,"href":"https:\/\/cycle.rizoma.com\/es\/wp-json\/wp\/v2\/product_brand?post=316595"},{"taxonomy":"product_cat","embeddable":true,"href":"https:\/\/cycle.rizoma.com\/es\/wp-json\/wp\/v2\/product_cat?post=316595"},{"taxonomy":"product_tag","embeddable":true,"href":"https:\/\/cycle.rizoma.com\/es\/wp-json\/wp\/v2\/product_tag?post=316595"}],"curies":[{"name":"wp","href":"https:\/\/api.w.org\/{rel}","templated":true}]}}