{"id":316690,"date":"2024-11-21T17:09:38","date_gmt":"2024-11-21T16:09:38","guid":{"rendered":"https:\/\/rwp.rizoma.com\/negozio\/kit-de-montaje-para-intermitentes-rizoma-light-unit-fr444\/"},"modified":"2025-09-24T08:06:43","modified_gmt":"2025-09-24T06:06:43","slug":"kit-de-montaje-para-intermitentes-rizoma-light-unit-fr444","status":"publish","type":"product","link":"https:\/\/cycle.rizoma.com\/es\/negozio\/intermitentes\/FR444\/kit-de-montaje-para-intermitentes-rizoma-light-unit-fr444\/","title":{"rendered":"Kit de montaje para intermitentes Rizoma Light Unit"},"content":{"rendered":"<p>El kit de montaje Multifit FR444B permite la instalaci\u00f3n de los intermitentes Light Unit en modo simple, r\u00e1pido y vers\u00e1til.<br \/>El kit incluye dos bridas de aluminio que fungen como soporte de los intermitentes, que mediante el adhesivo doble faz 3M,  estos, pueden ser fijados al carenado. Los intermitentes se anclan a las bridas  mediante dos tuercas de aluminio anodizado, incluidas en el kit.<br \/>Para la correcta preparaci\u00f3n de la superficie donde ser\u00e1n aplicadas la bridas, es surtido un especifico kit de limpieza.<\/p>\n","protected":false},"excerpt":{"rendered":"<p>El kit de montaje Multifit FR444B permite la instalaci\u00f3n de los intermitentes Light Unit en modo simple, r\u00e1pido y vers\u00e1til.El kit incluye dos bridas de aluminio que fungen como soporte de los intermitentes, que mediante el adhesivo doble faz 3M, estos, pueden ser fijados al carenado. Los intermitentes se anclan a las bridas mediante dos [&hellip;]<\/p>\n","protected":false},"featured_media":300402,"template":"","meta":{"_acf_changed":false},"rizoma_assembly_time":[43001],"rizoma_bike":[41768,41789,41799,41769,41790,41777,41863,41912,42070,41913,41972,41836,41949,42092,42015,42228,42483,43719,42229,42540,43720,42550,42373,43721,42625,42517,44018,42040,42578,44369,42391,44366,44377,42288,43892,42341,42342,42587,42635,42518,41684,41685,42367,42515,42613,41786,42572,43689,42129,42629,41985,42130,42368,42644,43688,43753,44431,44420,43754,42233,44361,42573,44362,42497,42354,44364,42355,44363,42576,41618,41619,41620,41993,41910,41994,42134,41911,41752,43701,42014,42336,42337,42457,41915,41975,42195,41965,41916,41976,42543,42196,41999,42385,44036],"rizoma_division":[42653],"rizoma_family":[42711],"rizoma_model_category":[],"rizoma_product_template":[],"product_brand":[],"product_cat":[42716],"product_tag":[],"class_list":{"0":"post-316690","1":"product","2":"type-product","3":"status-publish","4":"has-post-thumbnail","6":"rizoma_bike-1199-panigale-2012-13","7":"rizoma_bike-1199-panigale-abs-2013-14","8":"rizoma_bike-1199-panigale-r-abs-2013-17","9":"rizoma_bike-1199-panigale-s-2013-14","10":"rizoma_bike-1199-panigale-s-abs-2013-14","11":"rizoma_bike-1199-panigale-s-tricolore-2012-14","12":"rizoma_bike-1199-superleggera-2014","13":"rizoma_bike-1299-panigale-2015-17","14":"rizoma_bike-1299-panigale-r-final-edition-2017-20","15":"rizoma_bike-1299-panigale-s-2015-18","16":"rizoma_bike-1299-panigale-s-anniversario-2016","17":"rizoma_bike-899-panigale-abs-2013-15","18":"rizoma_bike-959-panigale-2016-19","19":"rizoma_bike-959-panigale-corse-2018-19","20":"rizoma_bike-cbr-1000-rr-fireblade-2017-19","21":"rizoma_bike-cbr-1000-rr-r-fireblade-2020-21","22":"rizoma_bike-cbr-1000-rr-r-fireblade-2022-23","23":"rizoma_bike-cbr-1000-rr-r-fireblade-2024-26","24":"rizoma_bike-cbr-1000-rr-r-fireblade-sp-2020-21","25":"rizoma_bike-cbr-1000-rr-r-fireblade-sp-2022-23","26":"rizoma_bike-cbr-1000-rr-r-fireblade-sp-2024-26","27":"rizoma_bike-cbr-1000-rr-r-fireblade-sp-30th-anniversary-2022-23","28":"rizoma_bike-cbr-1000-rr-r-fireblade-sp-carbon-2021","29":"rizoma_bike-cbr-1000-rr-r-fireblade-sp-carbon-edition-2024-26","30":"rizoma_bike-diavel-for-bentley-2024","31":"rizoma_bike-diavel-v4-2023-26","32":"rizoma_bike-diavel-v4-rs-2026","33":"rizoma_bike-f3-800-eas-abs-2017-20","34":"rizoma_bike-f3-800-r-2023-26","35":"rizoma_bike-f3-800-rc-2022-25","36":"rizoma_bike-f3-800-rosso-2021-23","37":"rizoma_bike-f3-800-rr-2022-25","38":"rizoma_bike-f3-800-rr-ottantesimo-2025-26","39":"rizoma_bike-m-1000-rr-2023-24","40":"rizoma_bike-m-1000-rr-2025-26","41":"rizoma_bike-monster-937-2021-25","42":"rizoma_bike-monster-937-2021-25-1","43":"rizoma_bike-monster-937-30-anniversario-2023-24","44":"rizoma_bike-monster-937-senna-2024","45":"rizoma_bike-monster-937-sp-2023-25","46":"rizoma_bike-ninja-1000-zx-10r-2010-11","47":"rizoma_bike-ninja-1000-zx-10r-2011-15","48":"rizoma_bike-ninja-1000-zx-10r-2021-22","49":"rizoma_bike-ninja-1000-zx-10r-2021-25","50":"rizoma_bike-ninja-1000-zx-10r-40th-anniversary-edition-2024","51":"rizoma_bike-ninja-1000-zx-10r-abs-2011-15","52":"rizoma_bike-ninja-1000-zx-10r-performance-2021-24","53":"rizoma_bike-ninja-1000-zx-10r-performance-2025","54":"rizoma_bike-ninja-1000-zx-10r-se-2019-20","55":"rizoma_bike-ninja-1000-zx-10rr-winter-test-limited-edition-2024","56":"rizoma_bike-ninja-1000-zx-10rr-2017-18","57":"rizoma_bike-ninja-1000-zx-10rr-2019-20","58":"rizoma_bike-ninja-1000-zx-10rr-2021-23","59":"rizoma_bike-ninja-1000-zx-10rr-2025","60":"rizoma_bike-ninja-1000-zx-10rr-performance-2025","61":"rizoma_bike-panigale-v2-2025-26","62":"rizoma_bike-panigale-v2-fb63-2026","63":"rizoma_bike-panigale-v2-mm93-2026","64":"rizoma_bike-panigale-v2-s-2025-26","65":"rizoma_bike-rs-660-2020-24","66":"rizoma_bike-rs-660-2025-26","67":"rizoma_bike-rs-660-extrema-2023-24","68":"rizoma_bike-rs-660-factory-2025-26","69":"rizoma_bike-rs-660-limited-edition-2020-23","70":"rizoma_bike-rsv4-1100-2021-24","71":"rizoma_bike-rsv4-1100-2025-26","72":"rizoma_bike-rsv4-1100-factory-2021-24","73":"rizoma_bike-rsv4-1100-factory-2025-26","74":"rizoma_bike-rsv4-1100-factory-speed-white-2023-24","75":"rizoma_bike-rsv4-factory-2009-12","76":"rizoma_bike-rsv4-factory-aprc-abs-2011-15","77":"rizoma_bike-rsv4-r-2009-12","78":"rizoma_bike-rsv4-rf-2017-19","79":"rizoma_bike-rsv4-rf-abs-2015-17","80":"rizoma_bike-rsv4-rr-2017-18","81":"rizoma_bike-rsv4-rr-2019-20","82":"rizoma_bike-rsv4-rr-abs-2015-17","83":"rizoma_bike-rsv4-rr-aprc-abs-2011-15","84":"rizoma_bike-s-1000-rr-2025-26","85":"rizoma_bike-superleggera-1299-2017","86":"rizoma_bike-supersport-950-2021-24","87":"rizoma_bike-supersport-950-s-2021-24","88":"rizoma_bike-xsr-900-2022-24","89":"rizoma_bike-yzf-r1-2015-16","90":"rizoma_bike-yzf-r1-2017-19","91":"rizoma_bike-yzf-r1-2020-25","92":"rizoma_bike-yzf-r1-60th-anniversary-2015-16","93":"rizoma_bike-yzf-r1-m-2015-16","94":"rizoma_bike-yzf-r1-m-2017-19","95":"rizoma_bike-yzf-r1-world-gp-60th-anniversary-2022-23","96":"rizoma_bike-yzf-r1m-2020-25","97":"rizoma_bike-yzf-r6-2017-20","98":"rizoma_bike-yzf-r6-race-2021","99":"rizoma_bike-yzf-r9-2025-26","100":"product_cat-intermitentes","102":"first","103":"instock","104":"taxable","105":"shipping-taxable","106":"purchasable","107":"product-type-variable"},"acf":[],"_links":{"self":[{"href":"https:\/\/cycle.rizoma.com\/es\/wp-json\/wp\/v2\/product\/316690","targetHints":{"allow":["GET"]}}],"collection":[{"href":"https:\/\/cycle.rizoma.com\/es\/wp-json\/wp\/v2\/product"}],"about":[{"href":"https:\/\/cycle.rizoma.com\/es\/wp-json\/wp\/v2\/types\/product"}],"wp:featuredmedia":[{"embeddable":true,"href":"https:\/\/cycle.rizoma.com\/es\/wp-json\/wp\/v2\/media\/300402"}],"wp:attachment":[{"href":"https:\/\/cycle.rizoma.com\/es\/wp-json\/wp\/v2\/media?parent=316690"}],"wp:term":[{"taxonomy":"rizoma_assembly_time","embeddable":true,"href":"https:\/\/cycle.rizoma.com\/es\/wp-json\/wp\/v2\/rizoma_assembly_time?post=316690"},{"taxonomy":"rizoma_bike","embeddable":true,"href":"https:\/\/cycle.rizoma.com\/es\/wp-json\/wp\/v2\/rizoma_bike?post=316690"},{"taxonomy":"rizoma_division","embeddable":true,"href":"https:\/\/cycle.rizoma.com\/es\/wp-json\/wp\/v2\/rizoma_division?post=316690"},{"taxonomy":"rizoma_family","embeddable":true,"href":"https:\/\/cycle.rizoma.com\/es\/wp-json\/wp\/v2\/rizoma_family?post=316690"},{"taxonomy":"rizoma_model_category","embeddable":true,"href":"https:\/\/cycle.rizoma.com\/es\/wp-json\/wp\/v2\/rizoma_model_category?post=316690"},{"taxonomy":"rizoma_product_template","embeddable":true,"href":"https:\/\/cycle.rizoma.com\/es\/wp-json\/wp\/v2\/rizoma_product_template?post=316690"},{"taxonomy":"product_brand","embeddable":true,"href":"https:\/\/cycle.rizoma.com\/es\/wp-json\/wp\/v2\/product_brand?post=316690"},{"taxonomy":"product_cat","embeddable":true,"href":"https:\/\/cycle.rizoma.com\/es\/wp-json\/wp\/v2\/product_cat?post=316690"},{"taxonomy":"product_tag","embeddable":true,"href":"https:\/\/cycle.rizoma.com\/es\/wp-json\/wp\/v2\/product_tag?post=316690"}],"curies":[{"name":"wp","href":"https:\/\/api.w.org\/{rel}","templated":true}]}}