{"id":316725,"date":"2024-11-21T17:10:28","date_gmt":"2024-11-21T16:10:28","guid":{"rendered":"https:\/\/rwp.rizoma.com\/negozio\/gancho-porta-maleta-zvp016\/"},"modified":"2025-06-06T06:26:50","modified_gmt":"2025-06-06T04:26:50","slug":"gancho-porta-maleta-zvp016","status":"publish","type":"product","link":"https:\/\/cycle.rizoma.com\/es\/negozio\/mas-para-tu-vespa\/ZVP016\/gancho-porta-maleta-zvp016\/","title":{"rendered":"Gancho porta maleta"},"content":{"rendered":"<p>El gancho porta maleta es una soluci\u00f3n de dise\u00f1o para las necesidades diarias. Cuenta con un sistema de f\u00e1cil apertura y cierre de muelles y, gracias a sus perfiles ergon\u00f3micos, permite insertar c\u00f3modamente las asas de un bolso o mochila. Fabricado en aluminio con l\u00e1ser de contrastante.<\/p>\n","protected":false},"excerpt":{"rendered":"<p>El gancho porta maleta es una soluci\u00f3n de dise\u00f1o para las necesidades diarias. Cuenta con un sistema de f\u00e1cil apertura y cierre de muelles y, gracias a sus perfiles ergon\u00f3micos, permite insertar c\u00f3modamente las asas de un bolso o mochila. Fabricado en aluminio con l\u00e1ser de contrastante.<\/p>\n","protected":false},"featured_media":302022,"template":"","meta":{"_acf_changed":false},"rizoma_assembly_time":[42664],"rizoma_bike":[42558,42557,42561,42560,42567,42566],"rizoma_division":[42653],"rizoma_family":[],"rizoma_model_category":[],"rizoma_product_template":[],"product_brand":[],"product_cat":[42947],"product_tag":[],"class_list":{"0":"post-316725","1":"product","2":"type-product","3":"status-publish","4":"has-post-thumbnail","6":"rizoma_bike-gts-2015-2017","7":"rizoma_bike-gts-2018-2022","8":"rizoma_bike-gts-super-2015-2017","9":"rizoma_bike-gts-super-2018-2022","10":"rizoma_bike-sei-giorni-2016-2017","11":"rizoma_bike-sei-giorni-2018-2022","12":"product_cat-mas-para-tu-vespa","14":"first","15":"instock","16":"taxable","17":"shipping-taxable","18":"purchasable","19":"product-type-variable"},"acf":[],"_links":{"self":[{"href":"https:\/\/cycle.rizoma.com\/es\/wp-json\/wp\/v2\/product\/316725","targetHints":{"allow":["GET"]}}],"collection":[{"href":"https:\/\/cycle.rizoma.com\/es\/wp-json\/wp\/v2\/product"}],"about":[{"href":"https:\/\/cycle.rizoma.com\/es\/wp-json\/wp\/v2\/types\/product"}],"wp:featuredmedia":[{"embeddable":true,"href":"https:\/\/cycle.rizoma.com\/es\/wp-json\/wp\/v2\/media\/302022"}],"wp:attachment":[{"href":"https:\/\/cycle.rizoma.com\/es\/wp-json\/wp\/v2\/media?parent=316725"}],"wp:term":[{"taxonomy":"rizoma_assembly_time","embeddable":true,"href":"https:\/\/cycle.rizoma.com\/es\/wp-json\/wp\/v2\/rizoma_assembly_time?post=316725"},{"taxonomy":"rizoma_bike","embeddable":true,"href":"https:\/\/cycle.rizoma.com\/es\/wp-json\/wp\/v2\/rizoma_bike?post=316725"},{"taxonomy":"rizoma_division","embeddable":true,"href":"https:\/\/cycle.rizoma.com\/es\/wp-json\/wp\/v2\/rizoma_division?post=316725"},{"taxonomy":"rizoma_family","embeddable":true,"href":"https:\/\/cycle.rizoma.com\/es\/wp-json\/wp\/v2\/rizoma_family?post=316725"},{"taxonomy":"rizoma_model_category","embeddable":true,"href":"https:\/\/cycle.rizoma.com\/es\/wp-json\/wp\/v2\/rizoma_model_category?post=316725"},{"taxonomy":"rizoma_product_template","embeddable":true,"href":"https:\/\/cycle.rizoma.com\/es\/wp-json\/wp\/v2\/rizoma_product_template?post=316725"},{"taxonomy":"product_brand","embeddable":true,"href":"https:\/\/cycle.rizoma.com\/es\/wp-json\/wp\/v2\/product_brand?post=316725"},{"taxonomy":"product_cat","embeddable":true,"href":"https:\/\/cycle.rizoma.com\/es\/wp-json\/wp\/v2\/product_cat?post=316725"},{"taxonomy":"product_tag","embeddable":true,"href":"https:\/\/cycle.rizoma.com\/es\/wp-json\/wp\/v2\/product_tag?post=316725"}],"curies":[{"name":"wp","href":"https:\/\/api.w.org\/{rel}","templated":true}]}}