{"id":316907,"date":"2024-11-21T17:14:44","date_gmt":"2024-11-21T16:14:44","guid":{"rendered":"https:\/\/rwp.rizoma.com\/negozio\/kit-cableado-para-intermitentes-rizoma-ee191\/"},"modified":"2025-07-01T18:34:52","modified_gmt":"2025-07-01T16:34:52","slug":"kit-cableado-con-resistencias-para-intermitentes-rizoma-ee191","status":"publish","type":"product","link":"https:\/\/cycle.rizoma.com\/es\/negozio\/intermitentes\/EE191\/kit-cableado-con-resistencias-para-intermitentes-rizoma-ee191\/","title":{"rendered":"Kit cableado con resistencias para intermitentes Rizoma"},"content":{"rendered":"<p>El kit de cableado el\u00e9ctrico Rizoma es necesario para el montaje de los intermitentes Rizoma.<br \/>Es aconsejable verificar la informaci\u00f3n t\u00e9cnica antes de la compra. Cada kit incluye 2 tipos de cableadoy 4 conectores T-Tap. Para montar 4 intermitentes es necesario comprar 2 kits.<\/p>\n","protected":false},"excerpt":{"rendered":"<p>El kit de cableado el\u00e9ctrico Rizoma es necesario para el montaje de los intermitentes Rizoma.Es aconsejable verificar la informaci\u00f3n t\u00e9cnica antes de la compra. Cada kit incluye 2 tipos de cableadoy 4 conectores T-Tap. Para montar 4 intermitentes es necesario comprar 2 kits.<\/p>\n","protected":false},"featured_media":306261,"template":"","meta":{"_acf_changed":false},"rizoma_assembly_time":[42664],"rizoma_bike":[42300,43871,42506,42590,42507,42508,42509,42414,42415,42416,42323,42484,43872,43873,42510,42417,42418,42419,43874,44012,43875],"rizoma_division":[42653],"rizoma_family":[42860],"rizoma_model_category":[],"rizoma_product_template":[],"product_brand":[],"product_cat":[42716],"product_tag":[],"class_list":{"0":"post-316907","1":"product","2":"type-product","3":"status-publish","4":"has-post-thumbnail","6":"rizoma_bike-forza-750-2021-22","7":"rizoma_bike-forza-750-2025-26","8":"rizoma_bike-forza-750-dct-2021-24","9":"rizoma_bike-forza-750-dct-special-edition-2024","10":"rizoma_bike-forza-750-dct-style-2021-24","11":"rizoma_bike-forza-750-dct-travel-2021-24","12":"rizoma_bike-forza-750-dct-urban-2021-24","13":"rizoma_bike-forza-750-style-2021-22","14":"rizoma_bike-forza-750-travel-2021-22","15":"rizoma_bike-forza-750-urban-2021-22","16":"rizoma_bike-x-adv-750-2021","17":"rizoma_bike-x-adv-750-2022","18":"rizoma_bike-x-adv-750-2025-26","19":"rizoma_bike-x-adv-750-adventure-2025-26","20":"rizoma_bike-x-adv-750-dct-2021-24","21":"rizoma_bike-x-adv-750-dct-adventure-2021-24","22":"rizoma_bike-x-adv-750-dct-gravel-2021-24","23":"rizoma_bike-x-adv-750-dct-travel-2021-24","24":"rizoma_bike-x-adv-750-gravel-2025-26","25":"rizoma_bike-x-adv-750-special-edition-2026","26":"rizoma_bike-x-adv-750-travel-2025-26","27":"product_cat-intermitentes","29":"first","30":"instock","31":"taxable","32":"shipping-taxable","33":"purchasable","34":"product-type-variable"},"acf":[],"_links":{"self":[{"href":"https:\/\/cycle.rizoma.com\/es\/wp-json\/wp\/v2\/product\/316907","targetHints":{"allow":["GET"]}}],"collection":[{"href":"https:\/\/cycle.rizoma.com\/es\/wp-json\/wp\/v2\/product"}],"about":[{"href":"https:\/\/cycle.rizoma.com\/es\/wp-json\/wp\/v2\/types\/product"}],"wp:featuredmedia":[{"embeddable":true,"href":"https:\/\/cycle.rizoma.com\/es\/wp-json\/wp\/v2\/media\/306261"}],"wp:attachment":[{"href":"https:\/\/cycle.rizoma.com\/es\/wp-json\/wp\/v2\/media?parent=316907"}],"wp:term":[{"taxonomy":"rizoma_assembly_time","embeddable":true,"href":"https:\/\/cycle.rizoma.com\/es\/wp-json\/wp\/v2\/rizoma_assembly_time?post=316907"},{"taxonomy":"rizoma_bike","embeddable":true,"href":"https:\/\/cycle.rizoma.com\/es\/wp-json\/wp\/v2\/rizoma_bike?post=316907"},{"taxonomy":"rizoma_division","embeddable":true,"href":"https:\/\/cycle.rizoma.com\/es\/wp-json\/wp\/v2\/rizoma_division?post=316907"},{"taxonomy":"rizoma_family","embeddable":true,"href":"https:\/\/cycle.rizoma.com\/es\/wp-json\/wp\/v2\/rizoma_family?post=316907"},{"taxonomy":"rizoma_model_category","embeddable":true,"href":"https:\/\/cycle.rizoma.com\/es\/wp-json\/wp\/v2\/rizoma_model_category?post=316907"},{"taxonomy":"rizoma_product_template","embeddable":true,"href":"https:\/\/cycle.rizoma.com\/es\/wp-json\/wp\/v2\/rizoma_product_template?post=316907"},{"taxonomy":"product_brand","embeddable":true,"href":"https:\/\/cycle.rizoma.com\/es\/wp-json\/wp\/v2\/product_brand?post=316907"},{"taxonomy":"product_cat","embeddable":true,"href":"https:\/\/cycle.rizoma.com\/es\/wp-json\/wp\/v2\/product_cat?post=316907"},{"taxonomy":"product_tag","embeddable":true,"href":"https:\/\/cycle.rizoma.com\/es\/wp-json\/wp\/v2\/product_tag?post=316907"}],"curies":[{"name":"wp","href":"https:\/\/api.w.org\/{rel}","templated":true}]}}