{"id":316922,"date":"2024-11-21T17:15:05","date_gmt":"2024-11-21T16:15:05","guid":{"rendered":"https:\/\/rwp.rizoma.com\/negozio\/protector-tapa-valvulas-horizontal-zdm151\/"},"modified":"2025-01-14T12:34:31","modified_gmt":"2025-01-14T11:34:31","slug":"protector-tapa-valvulas-horizontal-zdm151","status":"publish","type":"product","link":"https:\/\/cycle.rizoma.com\/es\/negozio\/mas-para-tu-ducati\/ZDM151\/protector-tapa-valvulas-horizontal-zdm151\/","title":{"rendered":"Protector tapa valvulas horizontal"},"content":{"rendered":"<p>La protecci\u00f3n de la tapa v\u00e1lvulas Rizoma del cilindro horizontal, es obtenida a partir de una l\u00e1mina de aluminio de 3 mm de espesor. De design limpio y funcional, acabado an\u00f3dico en color negro, se integra perfectamente con la formas de vuestro Monster 937. Ligera, s\u00f3lida y resistente a las vibraciones.<\/p>\n","protected":false},"excerpt":{"rendered":"<p>La protecci\u00f3n de la tapa v\u00e1lvulas Rizoma del cilindro horizontal, es obtenida a partir de una l\u00e1mina de aluminio de 3 mm de espesor. De design limpio y funcional, acabado an\u00f3dico en color negro, se integra perfectamente con la formas de vuestro Monster 937. Ligera, s\u00f3lida y resistente a las vibraciones.<\/p>\n","protected":false},"featured_media":304726,"template":"","meta":{"_acf_changed":false},"rizoma_assembly_time":[42675],"rizoma_bike":[42341,42342,42587,42635,42518],"rizoma_division":[42653],"rizoma_family":[],"rizoma_model_category":[],"rizoma_product_template":[],"product_brand":[],"product_cat":[42814],"product_tag":[],"class_list":{"0":"post-316922","1":"product","2":"type-product","3":"status-publish","4":"has-post-thumbnail","6":"rizoma_bike-monster-937-2021-25","7":"rizoma_bike-monster-937-2021-25-1","8":"rizoma_bike-monster-937-30-anniversario-2023-24","9":"rizoma_bike-monster-937-senna-2024","10":"rizoma_bike-monster-937-sp-2023-25","11":"product_cat-mas-para-tu-ducati","13":"first","14":"instock","15":"sale","16":"taxable","17":"shipping-taxable","18":"purchasable","19":"product-type-variable"},"acf":[],"_links":{"self":[{"href":"https:\/\/cycle.rizoma.com\/es\/wp-json\/wp\/v2\/product\/316922","targetHints":{"allow":["GET"]}}],"collection":[{"href":"https:\/\/cycle.rizoma.com\/es\/wp-json\/wp\/v2\/product"}],"about":[{"href":"https:\/\/cycle.rizoma.com\/es\/wp-json\/wp\/v2\/types\/product"}],"wp:featuredmedia":[{"embeddable":true,"href":"https:\/\/cycle.rizoma.com\/es\/wp-json\/wp\/v2\/media\/304726"}],"wp:attachment":[{"href":"https:\/\/cycle.rizoma.com\/es\/wp-json\/wp\/v2\/media?parent=316922"}],"wp:term":[{"taxonomy":"rizoma_assembly_time","embeddable":true,"href":"https:\/\/cycle.rizoma.com\/es\/wp-json\/wp\/v2\/rizoma_assembly_time?post=316922"},{"taxonomy":"rizoma_bike","embeddable":true,"href":"https:\/\/cycle.rizoma.com\/es\/wp-json\/wp\/v2\/rizoma_bike?post=316922"},{"taxonomy":"rizoma_division","embeddable":true,"href":"https:\/\/cycle.rizoma.com\/es\/wp-json\/wp\/v2\/rizoma_division?post=316922"},{"taxonomy":"rizoma_family","embeddable":true,"href":"https:\/\/cycle.rizoma.com\/es\/wp-json\/wp\/v2\/rizoma_family?post=316922"},{"taxonomy":"rizoma_model_category","embeddable":true,"href":"https:\/\/cycle.rizoma.com\/es\/wp-json\/wp\/v2\/rizoma_model_category?post=316922"},{"taxonomy":"rizoma_product_template","embeddable":true,"href":"https:\/\/cycle.rizoma.com\/es\/wp-json\/wp\/v2\/rizoma_product_template?post=316922"},{"taxonomy":"product_brand","embeddable":true,"href":"https:\/\/cycle.rizoma.com\/es\/wp-json\/wp\/v2\/product_brand?post=316922"},{"taxonomy":"product_cat","embeddable":true,"href":"https:\/\/cycle.rizoma.com\/es\/wp-json\/wp\/v2\/product_cat?post=316922"},{"taxonomy":"product_tag","embeddable":true,"href":"https:\/\/cycle.rizoma.com\/es\/wp-json\/wp\/v2\/product_tag?post=316922"}],"curies":[{"name":"wp","href":"https:\/\/api.w.org\/{rel}","templated":true}]}}