{"id":316927,"date":"2024-11-21T17:15:12","date_gmt":"2024-11-21T16:15:12","guid":{"rendered":"https:\/\/rwp.rizoma.com\/negozio\/protectores-laterales-b-pro-pm359\/"},"modified":"2025-01-14T12:34:54","modified_gmt":"2025-01-14T11:34:54","slug":"protectores-laterales-b-pro-pm359","status":"publish","type":"product","link":"https:\/\/cycle.rizoma.com\/es\/negozio\/protectores-laterales\/PM359\/protectores-laterales-b-pro-pm359\/","title":{"rendered":"Protectores laterales B-Pro"},"content":{"rendered":"<p>Los protectores de motor Rizoma est\u00e1n desarrolladas espec\u00edficamente para el modelo de moto al que est\u00e1n dedicadas, a fin de garantizar la mejor compatibilidad y funcionalidad posible, as\u00ed como un montaje sencillo y r\u00e1pido.<br \/>La estructura principal est\u00e1 realizada en aluminio mecanizado a partir de un bloque macizo, mientras que el deslizador est\u00e1 fabricado en Delrin\u00ae, lo que permite sustituirlo en caso de ca\u00edda.<br \/>Las l\u00edneas simples de las protecciones casan con un absoluto cuidado por el detalle que, yendo m\u00e1s all\u00e1 de su uso normal, las convierte en un objeto de dise\u00f1o.<\/p>\n","protected":false},"excerpt":{"rendered":"<p>Los protectores de motor Rizoma est\u00e1n desarrolladas espec\u00edficamente para el modelo de moto al que est\u00e1n dedicadas, a fin de garantizar la mejor compatibilidad y funcionalidad posible, as\u00ed como un montaje sencillo y r\u00e1pido.La estructura principal est\u00e1 realizada en aluminio mecanizado a partir de un bloque macizo, mientras que el deslizador est\u00e1 fabricado en Delrin\u00ae, [&hellip;]<\/p>\n","protected":false},"featured_media":305231,"template":"","meta":{"_acf_changed":false},"rizoma_assembly_time":[42789],"rizoma_bike":[42341,42342,42587,42635,42518],"rizoma_division":[42653],"rizoma_family":[],"rizoma_model_category":[],"rizoma_product_template":[],"product_brand":[],"product_cat":[42758],"product_tag":[],"class_list":{"0":"post-316927","1":"product","2":"type-product","3":"status-publish","4":"has-post-thumbnail","6":"rizoma_bike-monster-937-2021-25","7":"rizoma_bike-monster-937-2021-25-1","8":"rizoma_bike-monster-937-30-anniversario-2023-24","9":"rizoma_bike-monster-937-senna-2024","10":"rizoma_bike-monster-937-sp-2023-25","11":"product_cat-protectores-laterales","13":"first","14":"outofstock","15":"taxable","16":"shipping-taxable","17":"purchasable","18":"product-type-variable"},"acf":[],"_links":{"self":[{"href":"https:\/\/cycle.rizoma.com\/es\/wp-json\/wp\/v2\/product\/316927","targetHints":{"allow":["GET"]}}],"collection":[{"href":"https:\/\/cycle.rizoma.com\/es\/wp-json\/wp\/v2\/product"}],"about":[{"href":"https:\/\/cycle.rizoma.com\/es\/wp-json\/wp\/v2\/types\/product"}],"wp:featuredmedia":[{"embeddable":true,"href":"https:\/\/cycle.rizoma.com\/es\/wp-json\/wp\/v2\/media\/305231"}],"wp:attachment":[{"href":"https:\/\/cycle.rizoma.com\/es\/wp-json\/wp\/v2\/media?parent=316927"}],"wp:term":[{"taxonomy":"rizoma_assembly_time","embeddable":true,"href":"https:\/\/cycle.rizoma.com\/es\/wp-json\/wp\/v2\/rizoma_assembly_time?post=316927"},{"taxonomy":"rizoma_bike","embeddable":true,"href":"https:\/\/cycle.rizoma.com\/es\/wp-json\/wp\/v2\/rizoma_bike?post=316927"},{"taxonomy":"rizoma_division","embeddable":true,"href":"https:\/\/cycle.rizoma.com\/es\/wp-json\/wp\/v2\/rizoma_division?post=316927"},{"taxonomy":"rizoma_family","embeddable":true,"href":"https:\/\/cycle.rizoma.com\/es\/wp-json\/wp\/v2\/rizoma_family?post=316927"},{"taxonomy":"rizoma_model_category","embeddable":true,"href":"https:\/\/cycle.rizoma.com\/es\/wp-json\/wp\/v2\/rizoma_model_category?post=316927"},{"taxonomy":"rizoma_product_template","embeddable":true,"href":"https:\/\/cycle.rizoma.com\/es\/wp-json\/wp\/v2\/rizoma_product_template?post=316927"},{"taxonomy":"product_brand","embeddable":true,"href":"https:\/\/cycle.rizoma.com\/es\/wp-json\/wp\/v2\/product_brand?post=316927"},{"taxonomy":"product_cat","embeddable":true,"href":"https:\/\/cycle.rizoma.com\/es\/wp-json\/wp\/v2\/product_cat?post=316927"},{"taxonomy":"product_tag","embeddable":true,"href":"https:\/\/cycle.rizoma.com\/es\/wp-json\/wp\/v2\/product_tag?post=316927"}],"curies":[{"name":"wp","href":"https:\/\/api.w.org\/{rel}","templated":true}]}}