{"id":316932,"date":"2024-11-21T17:15:14","date_gmt":"2024-11-21T16:15:14","guid":{"rendered":"https:\/\/rwp.rizoma.com\/negozio\/cupula-con-kit-de-montaje-zdm150\/"},"modified":"2025-12-01T14:14:41","modified_gmt":"2025-12-01T13:14:41","slug":"cupula-con-kit-de-montaje-zdm150","status":"publish","type":"product","link":"https:\/\/cycle.rizoma.com\/es\/negozio\/cupulas\/ZDM150\/cupula-con-kit-de-montaje-zdm150\/","title":{"rendered":"C\u00fapula con Kit de montaje"},"content":{"rendered":"<p>Un dise\u00f1o innovador para la c\u00fapula de Rizoma, creada para atraer todas las miradas. Fabricada en carbono y aluminio, dos materiales ligeros y duraderos, en l\u00ednea con el estilo din\u00e1mico de esta moto. Incluye un kit de montaje completo.<\/p>\n","protected":false},"excerpt":{"rendered":"<p>Un dise\u00f1o innovador para la c\u00fapula de Rizoma, creada para atraer todas las miradas. Fabricada en carbono y aluminio, dos materiales ligeros y duraderos, en l\u00ednea con el estilo din\u00e1mico de esta moto. Incluye un kit de montaje completo.<\/p>\n","protected":false},"featured_media":311041,"template":"","meta":{"_acf_changed":false},"rizoma_assembly_time":[42675],"rizoma_bike":[42341,42342,42587,42518],"rizoma_division":[42653],"rizoma_family":[],"rizoma_model_category":[],"rizoma_product_template":[],"product_brand":[],"product_cat":[42829],"product_tag":[],"class_list":{"0":"post-316932","1":"product","2":"type-product","3":"status-publish","4":"has-post-thumbnail","6":"rizoma_bike-monster-937-2021-25","7":"rizoma_bike-monster-937-2021-25-1","8":"rizoma_bike-monster-937-30-anniversario-2023-24","9":"rizoma_bike-monster-937-sp-2023-25","10":"product_cat-cupulas","12":"first","13":"instock","14":"taxable","15":"shipping-taxable","16":"purchasable","17":"product-type-variable"},"acf":[],"_links":{"self":[{"href":"https:\/\/cycle.rizoma.com\/es\/wp-json\/wp\/v2\/product\/316932","targetHints":{"allow":["GET"]}}],"collection":[{"href":"https:\/\/cycle.rizoma.com\/es\/wp-json\/wp\/v2\/product"}],"about":[{"href":"https:\/\/cycle.rizoma.com\/es\/wp-json\/wp\/v2\/types\/product"}],"wp:featuredmedia":[{"embeddable":true,"href":"https:\/\/cycle.rizoma.com\/es\/wp-json\/wp\/v2\/media\/311041"}],"wp:attachment":[{"href":"https:\/\/cycle.rizoma.com\/es\/wp-json\/wp\/v2\/media?parent=316932"}],"wp:term":[{"taxonomy":"rizoma_assembly_time","embeddable":true,"href":"https:\/\/cycle.rizoma.com\/es\/wp-json\/wp\/v2\/rizoma_assembly_time?post=316932"},{"taxonomy":"rizoma_bike","embeddable":true,"href":"https:\/\/cycle.rizoma.com\/es\/wp-json\/wp\/v2\/rizoma_bike?post=316932"},{"taxonomy":"rizoma_division","embeddable":true,"href":"https:\/\/cycle.rizoma.com\/es\/wp-json\/wp\/v2\/rizoma_division?post=316932"},{"taxonomy":"rizoma_family","embeddable":true,"href":"https:\/\/cycle.rizoma.com\/es\/wp-json\/wp\/v2\/rizoma_family?post=316932"},{"taxonomy":"rizoma_model_category","embeddable":true,"href":"https:\/\/cycle.rizoma.com\/es\/wp-json\/wp\/v2\/rizoma_model_category?post=316932"},{"taxonomy":"rizoma_product_template","embeddable":true,"href":"https:\/\/cycle.rizoma.com\/es\/wp-json\/wp\/v2\/rizoma_product_template?post=316932"},{"taxonomy":"product_brand","embeddable":true,"href":"https:\/\/cycle.rizoma.com\/es\/wp-json\/wp\/v2\/product_brand?post=316932"},{"taxonomy":"product_cat","embeddable":true,"href":"https:\/\/cycle.rizoma.com\/es\/wp-json\/wp\/v2\/product_cat?post=316932"},{"taxonomy":"product_tag","embeddable":true,"href":"https:\/\/cycle.rizoma.com\/es\/wp-json\/wp\/v2\/product_tag?post=316932"}],"curies":[{"name":"wp","href":"https:\/\/api.w.org\/{rel}","templated":true}]}}