{"id":316942,"date":"2024-11-21T17:15:31","date_gmt":"2024-11-21T16:15:31","guid":{"rendered":"https:\/\/rwp.rizoma.com\/negozio\/guardabarros-trasero-zdm154\/"},"modified":"2025-01-14T12:34:45","modified_gmt":"2025-01-14T11:34:45","slug":"guardabarros-trasero-zdm154","status":"publish","type":"product","link":"https:\/\/cycle.rizoma.com\/es\/negozio\/guardabarros\/ZDM154\/guardabarros-trasero-zdm154\/","title":{"rendered":"Guardabarros trasero"},"content":{"rendered":"<p>Detalle altamente est\u00e9tico. El guardabarros trasero Rizoma es realizado en fibra de carbono trabajada en autoclave para una calidad y acabado superficial m\u00e1ximos, se pinta posteriormente al horno para mantener la m\u00e1xima calidad y fiabilidad frente al paso del tiempo. Sum\u00e1ndose a los otros protagonistas de la colecci\u00f3n Rizoma, como el cubre basculante, enfatiza el car\u00e1cter din\u00e1mico y deportivo de tu Monster.<\/p>\n","protected":false},"excerpt":{"rendered":"<p>Detalle altamente est\u00e9tico. El guardabarros trasero Rizoma es realizado en fibra de carbono trabajada en autoclave para una calidad y acabado superficial m\u00e1ximos, se pinta posteriormente al horno para mantener la m\u00e1xima calidad y fiabilidad frente al paso del tiempo. Sum\u00e1ndose a los otros protagonistas de la colecci\u00f3n Rizoma, como el cubre basculante, enfatiza el [&hellip;]<\/p>\n","protected":false},"featured_media":307826,"template":"","meta":{"_acf_changed":false},"rizoma_assembly_time":[42675],"rizoma_bike":[42341,42342],"rizoma_division":[42653],"rizoma_family":[],"rizoma_model_category":[],"rizoma_product_template":[],"product_brand":[],"product_cat":[42875],"product_tag":[],"class_list":{"0":"post-316942","1":"product","2":"type-product","3":"status-publish","4":"has-post-thumbnail","6":"rizoma_bike-monster-937-2021-25","7":"rizoma_bike-monster-937-2021-25-1","8":"product_cat-guardabarros","10":"first","11":"instock","12":"sale","13":"taxable","14":"shipping-taxable","15":"purchasable","16":"product-type-variable"},"acf":[],"_links":{"self":[{"href":"https:\/\/cycle.rizoma.com\/es\/wp-json\/wp\/v2\/product\/316942","targetHints":{"allow":["GET"]}}],"collection":[{"href":"https:\/\/cycle.rizoma.com\/es\/wp-json\/wp\/v2\/product"}],"about":[{"href":"https:\/\/cycle.rizoma.com\/es\/wp-json\/wp\/v2\/types\/product"}],"wp:featuredmedia":[{"embeddable":true,"href":"https:\/\/cycle.rizoma.com\/es\/wp-json\/wp\/v2\/media\/307826"}],"wp:attachment":[{"href":"https:\/\/cycle.rizoma.com\/es\/wp-json\/wp\/v2\/media?parent=316942"}],"wp:term":[{"taxonomy":"rizoma_assembly_time","embeddable":true,"href":"https:\/\/cycle.rizoma.com\/es\/wp-json\/wp\/v2\/rizoma_assembly_time?post=316942"},{"taxonomy":"rizoma_bike","embeddable":true,"href":"https:\/\/cycle.rizoma.com\/es\/wp-json\/wp\/v2\/rizoma_bike?post=316942"},{"taxonomy":"rizoma_division","embeddable":true,"href":"https:\/\/cycle.rizoma.com\/es\/wp-json\/wp\/v2\/rizoma_division?post=316942"},{"taxonomy":"rizoma_family","embeddable":true,"href":"https:\/\/cycle.rizoma.com\/es\/wp-json\/wp\/v2\/rizoma_family?post=316942"},{"taxonomy":"rizoma_model_category","embeddable":true,"href":"https:\/\/cycle.rizoma.com\/es\/wp-json\/wp\/v2\/rizoma_model_category?post=316942"},{"taxonomy":"rizoma_product_template","embeddable":true,"href":"https:\/\/cycle.rizoma.com\/es\/wp-json\/wp\/v2\/rizoma_product_template?post=316942"},{"taxonomy":"product_brand","embeddable":true,"href":"https:\/\/cycle.rizoma.com\/es\/wp-json\/wp\/v2\/product_brand?post=316942"},{"taxonomy":"product_cat","embeddable":true,"href":"https:\/\/cycle.rizoma.com\/es\/wp-json\/wp\/v2\/product_cat?post=316942"},{"taxonomy":"product_tag","embeddable":true,"href":"https:\/\/cycle.rizoma.com\/es\/wp-json\/wp\/v2\/product_tag?post=316942"}],"curies":[{"name":"wp","href":"https:\/\/api.w.org\/{rel}","templated":true}]}}