{"id":316947,"date":"2024-11-21T17:15:38","date_gmt":"2024-11-21T16:15:38","guid":{"rendered":"https:\/\/rwp.rizoma.com\/negozio\/alerones-laterales-zdm152\/"},"modified":"2025-01-14T12:35:56","modified_gmt":"2025-01-14T11:35:56","slug":"alerones-laterales-zdm152","status":"publish","type":"product","link":"https:\/\/cycle.rizoma.com\/es\/negozio\/mas-para-tu-ducati\/ZDM152\/alerones-laterales-zdm152\/","title":{"rendered":"Alerones laterales"},"content":{"rendered":"<p>Los Alerones toman forma a partir del br\u00edo de Rizoma de conferir a la Monster 937 una nueva silueta. El resultado es de las mejores expresiones, basadas en su experiencia, el redise\u00f1ar y enfatizar el car\u00e1cter de motos ic\u00f3nicas. El design toma inspiraci\u00f3n del mundo racing y al desarrollo de la fluodin\u00e1mica, recomponiendo  profundamente la est\u00e9tica  frontal y lateral de este monstruo de dos ruedas, enfatizando el car\u00e1cter deportivo.<br \/>Los alerones son realizados haciendo uso de dos materiales ligeros y resistentes. El elemento de fijaci\u00f3n es de aluminio mecanizado y anodizado, mientras el componente aerodin\u00e1mico es en fibra de carbono perfeccionada en autoclave. Sucesivamente se pinta al horno para una mayor durabilidad. Los alerones en combinaci\u00f3n a los otros accesorios de la colecci\u00f3n Rizoma rendir\u00e1n \u00fanica vuestra Monster 937.<\/p>\n","protected":false},"excerpt":{"rendered":"<p>Los Alerones toman forma a partir del br\u00edo de Rizoma de conferir a la Monster 937 una nueva silueta. El resultado es de las mejores expresiones, basadas en su experiencia, el redise\u00f1ar y enfatizar el car\u00e1cter de motos ic\u00f3nicas. El design toma inspiraci\u00f3n del mundo racing y al desarrollo de la fluodin\u00e1mica, recomponiendo profundamente la [&hellip;]<\/p>\n","protected":false},"featured_media":313739,"template":"","meta":{"_acf_changed":false},"rizoma_assembly_time":[42675],"rizoma_bike":[42341,42342,42587,42635,42518],"rizoma_division":[42653],"rizoma_family":[],"rizoma_model_category":[],"rizoma_product_template":[],"product_brand":[],"product_cat":[42814],"product_tag":[],"class_list":{"0":"post-316947","1":"product","2":"type-product","3":"status-publish","4":"has-post-thumbnail","6":"rizoma_bike-monster-937-2021-25","7":"rizoma_bike-monster-937-2021-25-1","8":"rizoma_bike-monster-937-30-anniversario-2023-24","9":"rizoma_bike-monster-937-senna-2024","10":"rizoma_bike-monster-937-sp-2023-25","11":"product_cat-mas-para-tu-ducati","13":"first","14":"instock","15":"sale","16":"taxable","17":"shipping-taxable","18":"purchasable","19":"product-type-variable"},"acf":[],"_links":{"self":[{"href":"https:\/\/cycle.rizoma.com\/es\/wp-json\/wp\/v2\/product\/316947","targetHints":{"allow":["GET"]}}],"collection":[{"href":"https:\/\/cycle.rizoma.com\/es\/wp-json\/wp\/v2\/product"}],"about":[{"href":"https:\/\/cycle.rizoma.com\/es\/wp-json\/wp\/v2\/types\/product"}],"wp:featuredmedia":[{"embeddable":true,"href":"https:\/\/cycle.rizoma.com\/es\/wp-json\/wp\/v2\/media\/313739"}],"wp:attachment":[{"href":"https:\/\/cycle.rizoma.com\/es\/wp-json\/wp\/v2\/media?parent=316947"}],"wp:term":[{"taxonomy":"rizoma_assembly_time","embeddable":true,"href":"https:\/\/cycle.rizoma.com\/es\/wp-json\/wp\/v2\/rizoma_assembly_time?post=316947"},{"taxonomy":"rizoma_bike","embeddable":true,"href":"https:\/\/cycle.rizoma.com\/es\/wp-json\/wp\/v2\/rizoma_bike?post=316947"},{"taxonomy":"rizoma_division","embeddable":true,"href":"https:\/\/cycle.rizoma.com\/es\/wp-json\/wp\/v2\/rizoma_division?post=316947"},{"taxonomy":"rizoma_family","embeddable":true,"href":"https:\/\/cycle.rizoma.com\/es\/wp-json\/wp\/v2\/rizoma_family?post=316947"},{"taxonomy":"rizoma_model_category","embeddable":true,"href":"https:\/\/cycle.rizoma.com\/es\/wp-json\/wp\/v2\/rizoma_model_category?post=316947"},{"taxonomy":"rizoma_product_template","embeddable":true,"href":"https:\/\/cycle.rizoma.com\/es\/wp-json\/wp\/v2\/rizoma_product_template?post=316947"},{"taxonomy":"product_brand","embeddable":true,"href":"https:\/\/cycle.rizoma.com\/es\/wp-json\/wp\/v2\/product_brand?post=316947"},{"taxonomy":"product_cat","embeddable":true,"href":"https:\/\/cycle.rizoma.com\/es\/wp-json\/wp\/v2\/product_cat?post=316947"},{"taxonomy":"product_tag","embeddable":true,"href":"https:\/\/cycle.rizoma.com\/es\/wp-json\/wp\/v2\/product_tag?post=316947"}],"curies":[{"name":"wp","href":"https:\/\/api.w.org\/{rel}","templated":true}]}}