{"id":317007,"date":"2024-11-21T17:16:58","date_gmt":"2024-11-21T16:16:58","guid":{"rendered":"https:\/\/rwp.rizoma.com\/negozio\/kit-de-montaje-excentrica-para-estriberas-rizoma-pe848\/"},"modified":"2025-01-14T12:37:45","modified_gmt":"2025-01-14T11:37:45","slug":"kit-de-montaje-excentrica-para-estriberas-rizoma-pe848","status":"publish","type":"product","link":"https:\/\/cycle.rizoma.com\/es\/negozio\/estriberas\/PE848\/kit-de-montaje-excentrica-para-estriberas-rizoma-pe848\/","title":{"rendered":"Kit de montaje exc\u00e9ntrica para estriberas Rizoma"},"content":{"rendered":"<p>Todos los adaptadores de estriberas est\u00e1n realizados en aluminio mecanizado a partir de un bloque macizo y estudiados de forma espec\u00edfica para los diferentes modelos de moto, garantizando as\u00ed la perfecta compatibilidad y la mejor soluci\u00f3n de fijaci\u00f3n. Los adaptadores Rizoma permiten montar las estriberas Rizoma sobre anclajes OEM. Adem\u00e1s, el adaptador exc\u00e9ntrico permite regular la posici\u00f3n de la estribera con respeto a la de serie de tipo fijo y encontrar el mejor confort de conducci\u00f3n. Adaptadores dotados de homologaci\u00f3n T\u00dcV.<\/p>\n","protected":false},"excerpt":{"rendered":"<p>Todos los adaptadores de estriberas est\u00e1n realizados en aluminio mecanizado a partir de un bloque macizo y estudiados de forma espec\u00edfica para los diferentes modelos de moto, garantizando as\u00ed la perfecta compatibilidad y la mejor soluci\u00f3n de fijaci\u00f3n. Los adaptadores Rizoma permiten montar las estriberas Rizoma sobre anclajes OEM. Adem\u00e1s, el adaptador exc\u00e9ntrico permite regular [&hellip;]<\/p>\n","protected":false},"featured_media":328965,"template":"","meta":{"_acf_changed":false},"rizoma_assembly_time":[42664],"rizoma_bike":[42445,42446,42617,42618,42619,44429],"rizoma_division":[42653],"rizoma_family":[44317],"rizoma_model_category":[],"rizoma_product_template":[],"product_brand":[],"product_cat":[42752],"product_tag":[],"class_list":{"0":"post-317007","1":"product","2":"type-product","3":"status-publish","4":"has-post-thumbnail","6":"rizoma_bike-1290-super-duke-r-2022-23","7":"rizoma_bike-1290-super-duke-r-evo-2022-23","8":"rizoma_bike-1390-super-duke-r-2024-26","9":"rizoma_bike-1390-super-duke-r-evo-2024-26","10":"rizoma_bike-990-duke-2024-26","11":"rizoma_bike-990-duke-r-2026","12":"product_cat-estriberas","14":"first","15":"instock","16":"sale","17":"taxable","18":"shipping-taxable","19":"purchasable","20":"product-type-variable"},"acf":[],"_links":{"self":[{"href":"https:\/\/cycle.rizoma.com\/es\/wp-json\/wp\/v2\/product\/317007","targetHints":{"allow":["GET"]}}],"collection":[{"href":"https:\/\/cycle.rizoma.com\/es\/wp-json\/wp\/v2\/product"}],"about":[{"href":"https:\/\/cycle.rizoma.com\/es\/wp-json\/wp\/v2\/types\/product"}],"wp:featuredmedia":[{"embeddable":true,"href":"https:\/\/cycle.rizoma.com\/es\/wp-json\/wp\/v2\/media\/328965"}],"wp:attachment":[{"href":"https:\/\/cycle.rizoma.com\/es\/wp-json\/wp\/v2\/media?parent=317007"}],"wp:term":[{"taxonomy":"rizoma_assembly_time","embeddable":true,"href":"https:\/\/cycle.rizoma.com\/es\/wp-json\/wp\/v2\/rizoma_assembly_time?post=317007"},{"taxonomy":"rizoma_bike","embeddable":true,"href":"https:\/\/cycle.rizoma.com\/es\/wp-json\/wp\/v2\/rizoma_bike?post=317007"},{"taxonomy":"rizoma_division","embeddable":true,"href":"https:\/\/cycle.rizoma.com\/es\/wp-json\/wp\/v2\/rizoma_division?post=317007"},{"taxonomy":"rizoma_family","embeddable":true,"href":"https:\/\/cycle.rizoma.com\/es\/wp-json\/wp\/v2\/rizoma_family?post=317007"},{"taxonomy":"rizoma_model_category","embeddable":true,"href":"https:\/\/cycle.rizoma.com\/es\/wp-json\/wp\/v2\/rizoma_model_category?post=317007"},{"taxonomy":"rizoma_product_template","embeddable":true,"href":"https:\/\/cycle.rizoma.com\/es\/wp-json\/wp\/v2\/rizoma_product_template?post=317007"},{"taxonomy":"product_brand","embeddable":true,"href":"https:\/\/cycle.rizoma.com\/es\/wp-json\/wp\/v2\/product_brand?post=317007"},{"taxonomy":"product_cat","embeddable":true,"href":"https:\/\/cycle.rizoma.com\/es\/wp-json\/wp\/v2\/product_cat?post=317007"},{"taxonomy":"product_tag","embeddable":true,"href":"https:\/\/cycle.rizoma.com\/es\/wp-json\/wp\/v2\/product_tag?post=317007"}],"curies":[{"name":"wp","href":"https:\/\/api.w.org\/{rel}","templated":true}]}}