{"id":317112,"date":"2024-11-21T17:19:23","date_gmt":"2024-11-21T16:19:23","guid":{"rendered":"https:\/\/rwp.rizoma.com\/negozio\/kit-de-montaje-deposito-de-fluido-rizoma-ct461\/"},"modified":"2025-01-14T12:40:52","modified_gmt":"2025-01-14T11:40:52","slug":"kit-de-montaje-deposito-de-fluido-rizoma-ct461","status":"publish","type":"product","link":"https:\/\/cycle.rizoma.com\/es\/negozio\/depositos-de-fluido\/CT461\/kit-de-montaje-deposito-de-fluido-rizoma-ct461\/","title":{"rendered":"Kit de montaje dep\u00f3sito de fluido Rizoma"},"content":{"rendered":"<p>Los adaptadores de dep\u00f3sito fluido Rizoma, realizados en aluminio, permiten encontrar la soluci\u00f3n de montaje m\u00e1s adecuada en caso de sustituci\u00f3n del dep\u00f3sito de fluido OEM por uno Rizoma.<\/p>\n","protected":false},"excerpt":{"rendered":"<p>Los adaptadores de dep\u00f3sito fluido Rizoma, realizados en aluminio, permiten encontrar la soluci\u00f3n de montaje m\u00e1s adecuada en caso de sustituci\u00f3n del dep\u00f3sito de fluido OEM por uno Rizoma.<\/p>\n","protected":false},"featured_media":313729,"template":"","meta":{"_acf_changed":false},"rizoma_assembly_time":[42742],"rizoma_bike":[43753,44431,44420,43754,42432,43699,42101,42215,42425,42197,42335,42477,42545,42546,44015,42153,44017,42539,42433,43700,42093,42216,42426,42162,43704,43705,42612,42102,44014,44016,42312],"rizoma_division":[42653],"rizoma_family":[42706],"rizoma_model_category":[],"rizoma_product_template":[],"product_brand":[],"product_cat":[42690],"product_tag":[],"class_list":{"0":"post-317112","1":"product","2":"type-product","3":"status-publish","4":"has-post-thumbnail","6":"rizoma_bike-panigale-v2-2025-26","7":"rizoma_bike-panigale-v2-fb63-2026","8":"rizoma_bike-panigale-v2-mm93-2026","9":"rizoma_bike-panigale-v2-s-2025-26","10":"rizoma_bike-panigale-v4-2022-24","11":"rizoma_bike-panigale-v4-2025-26","12":"rizoma_bike-panigale-v4-1100-2018-19","13":"rizoma_bike-panigale-v4-1100-2020","14":"rizoma_bike-panigale-v4-1100-2021","15":"rizoma_bike-panigale-v4-1100-25-anniversario-2019-20","16":"rizoma_bike-panigale-v4-1100-sp-2021","17":"rizoma_bike-panigale-v4-1100-sp2-2022-23","18":"rizoma_bike-panigale-v4-bagnaia-2022-world-champion-replica-2023","19":"rizoma_bike-panigale-v4-bautista-2022-world-champion-replica-2023","20":"rizoma_bike-panigale-v4-lamborghini-2026","21":"rizoma_bike-panigale-v4-r-2023-24","22":"rizoma_bike-panigale-v4-r-2026","23":"rizoma_bike-panigale-v4-r-1000-2019-20","24":"rizoma_bike-panigale-v4-s-2022-24","25":"rizoma_bike-panigale-v4-s-2025-26","26":"rizoma_bike-panigale-v4-s-1100-2018-19","27":"rizoma_bike-panigale-v4-s-1100-2020","28":"rizoma_bike-panigale-v4-s-1100-2021","29":"rizoma_bike-panigale-v4-s-1100-corse-2019","30":"rizoma_bike-panigale-v4-s-carbon-2025-26","31":"rizoma_bike-panigale-v4-s-carbon-pro-2025-26","32":"rizoma_bike-panigale-v4-sp2-30-anniversario-916-2024","33":"rizoma_bike-panigale-v4-speciale-1100-2018-19","34":"rizoma_bike-panigale-v4-tricolore-2025-26","35":"rizoma_bike-panigale-v4-tricolore-italia-2025-26","36":"rizoma_bike-superleggera-v4-1000-2021-23","37":"product_cat-depositos-de-fluido","39":"first","40":"instock","41":"taxable","42":"shipping-taxable","43":"purchasable","44":"product-type-variable"},"acf":[],"_links":{"self":[{"href":"https:\/\/cycle.rizoma.com\/es\/wp-json\/wp\/v2\/product\/317112","targetHints":{"allow":["GET"]}}],"collection":[{"href":"https:\/\/cycle.rizoma.com\/es\/wp-json\/wp\/v2\/product"}],"about":[{"href":"https:\/\/cycle.rizoma.com\/es\/wp-json\/wp\/v2\/types\/product"}],"wp:featuredmedia":[{"embeddable":true,"href":"https:\/\/cycle.rizoma.com\/es\/wp-json\/wp\/v2\/media\/313729"}],"wp:attachment":[{"href":"https:\/\/cycle.rizoma.com\/es\/wp-json\/wp\/v2\/media?parent=317112"}],"wp:term":[{"taxonomy":"rizoma_assembly_time","embeddable":true,"href":"https:\/\/cycle.rizoma.com\/es\/wp-json\/wp\/v2\/rizoma_assembly_time?post=317112"},{"taxonomy":"rizoma_bike","embeddable":true,"href":"https:\/\/cycle.rizoma.com\/es\/wp-json\/wp\/v2\/rizoma_bike?post=317112"},{"taxonomy":"rizoma_division","embeddable":true,"href":"https:\/\/cycle.rizoma.com\/es\/wp-json\/wp\/v2\/rizoma_division?post=317112"},{"taxonomy":"rizoma_family","embeddable":true,"href":"https:\/\/cycle.rizoma.com\/es\/wp-json\/wp\/v2\/rizoma_family?post=317112"},{"taxonomy":"rizoma_model_category","embeddable":true,"href":"https:\/\/cycle.rizoma.com\/es\/wp-json\/wp\/v2\/rizoma_model_category?post=317112"},{"taxonomy":"rizoma_product_template","embeddable":true,"href":"https:\/\/cycle.rizoma.com\/es\/wp-json\/wp\/v2\/rizoma_product_template?post=317112"},{"taxonomy":"product_brand","embeddable":true,"href":"https:\/\/cycle.rizoma.com\/es\/wp-json\/wp\/v2\/product_brand?post=317112"},{"taxonomy":"product_cat","embeddable":true,"href":"https:\/\/cycle.rizoma.com\/es\/wp-json\/wp\/v2\/product_cat?post=317112"},{"taxonomy":"product_tag","embeddable":true,"href":"https:\/\/cycle.rizoma.com\/es\/wp-json\/wp\/v2\/product_tag?post=317112"}],"curies":[{"name":"wp","href":"https:\/\/api.w.org\/{rel}","templated":true}]}}