{"id":317122,"date":"2024-11-21T17:19:36","date_gmt":"2024-11-21T16:19:36","guid":{"rendered":"https:\/\/rwp.rizoma.com\/negozio\/torretas-altas-inclinadas-zhd155\/"},"modified":"2025-06-06T04:11:46","modified_gmt":"2025-06-06T02:11:46","slug":"torretas-altas-inclinadas-zhd155","status":"publish","type":"product","link":"https:\/\/cycle.rizoma.com\/es\/negozio\/mas-para-tu-harley-davidson\/ZHD155\/torretas-altas-inclinadas-zhd155\/","title":{"rendered":"Torretas altas inclinadas"},"content":{"rendered":"<p>El kit de torretas Rizoma para la Harley-Davidson Pan America est\u00e1 fabricado a partir de un bloque \u00fanico de aluminio. Este complemento ha sido desarrollado para elevar (+28,5 mm) y retrasar (-37 mm) el manillar, lo que permite al piloto adoptar una postura de conducci\u00f3n m\u00e1s natural, aumentando el confort y el placer de conducci\u00f3n.<\/p>\n","protected":false},"excerpt":{"rendered":"<p>El kit de torretas Rizoma para la Harley-Davidson Pan America est\u00e1 fabricado a partir de un bloque \u00fanico de aluminio. Este complemento ha sido desarrollado para elevar (+28,5 mm) y retrasar (-37 mm) el manillar, lo que permite al piloto adoptar una postura de conducci\u00f3n m\u00e1s natural, aumentando el confort y el placer de conducci\u00f3n.<\/p>\n","protected":false},"featured_media":310001,"template":"","meta":{"_acf_changed":false},"rizoma_assembly_time":[42855],"rizoma_bike":[43763,43762,43759,43760,43761],"rizoma_division":[42653],"rizoma_family":[],"rizoma_model_category":[],"rizoma_product_template":[],"product_brand":[],"product_cat":[42788],"product_tag":[],"class_list":{"0":"post-317122","1":"product","2":"type-product","3":"status-publish","4":"has-post-thumbnail","6":"rizoma_bike-cvo-pan-america-2024","7":"rizoma_bike-cvo-pan-america-2025","8":"rizoma_bike-pan-america-1250-2020-25","9":"rizoma_bike-pan-america-1250-special-2020-25","10":"rizoma_bike-pan-america-1250-st-2025","11":"product_cat-mas-para-tu-harley-davidson","13":"first","14":"instock","15":"taxable","16":"shipping-taxable","17":"purchasable","18":"product-type-variable"},"acf":[],"_links":{"self":[{"href":"https:\/\/cycle.rizoma.com\/es\/wp-json\/wp\/v2\/product\/317122","targetHints":{"allow":["GET"]}}],"collection":[{"href":"https:\/\/cycle.rizoma.com\/es\/wp-json\/wp\/v2\/product"}],"about":[{"href":"https:\/\/cycle.rizoma.com\/es\/wp-json\/wp\/v2\/types\/product"}],"wp:featuredmedia":[{"embeddable":true,"href":"https:\/\/cycle.rizoma.com\/es\/wp-json\/wp\/v2\/media\/310001"}],"wp:attachment":[{"href":"https:\/\/cycle.rizoma.com\/es\/wp-json\/wp\/v2\/media?parent=317122"}],"wp:term":[{"taxonomy":"rizoma_assembly_time","embeddable":true,"href":"https:\/\/cycle.rizoma.com\/es\/wp-json\/wp\/v2\/rizoma_assembly_time?post=317122"},{"taxonomy":"rizoma_bike","embeddable":true,"href":"https:\/\/cycle.rizoma.com\/es\/wp-json\/wp\/v2\/rizoma_bike?post=317122"},{"taxonomy":"rizoma_division","embeddable":true,"href":"https:\/\/cycle.rizoma.com\/es\/wp-json\/wp\/v2\/rizoma_division?post=317122"},{"taxonomy":"rizoma_family","embeddable":true,"href":"https:\/\/cycle.rizoma.com\/es\/wp-json\/wp\/v2\/rizoma_family?post=317122"},{"taxonomy":"rizoma_model_category","embeddable":true,"href":"https:\/\/cycle.rizoma.com\/es\/wp-json\/wp\/v2\/rizoma_model_category?post=317122"},{"taxonomy":"rizoma_product_template","embeddable":true,"href":"https:\/\/cycle.rizoma.com\/es\/wp-json\/wp\/v2\/rizoma_product_template?post=317122"},{"taxonomy":"product_brand","embeddable":true,"href":"https:\/\/cycle.rizoma.com\/es\/wp-json\/wp\/v2\/product_brand?post=317122"},{"taxonomy":"product_cat","embeddable":true,"href":"https:\/\/cycle.rizoma.com\/es\/wp-json\/wp\/v2\/product_cat?post=317122"},{"taxonomy":"product_tag","embeddable":true,"href":"https:\/\/cycle.rizoma.com\/es\/wp-json\/wp\/v2\/product_tag?post=317122"}],"curies":[{"name":"wp","href":"https:\/\/api.w.org\/{rel}","templated":true}]}}