{"id":317127,"date":"2024-11-21T17:19:43","date_gmt":"2024-11-21T16:19:43","guid":{"rendered":"https:\/\/rwp.rizoma.com\/negozio\/kit-de-luces-led-antiniebla-zhd157\/"},"modified":"2025-01-14T12:41:32","modified_gmt":"2025-01-14T11:41:32","slug":"kit-de-luces-led-antiniebla-zhd157","status":"publish","type":"product","link":"https:\/\/cycle.rizoma.com\/es\/negozio\/mas-para-tu-harley-davidson\/ZHD157\/kit-de-luces-led-antiniebla-zhd157\/","title":{"rendered":"Kit de Luces LED Antiniebla"},"content":{"rendered":"<p>Los mejores Raids de larga distancia exigen la m\u00e1xima seguridad: Kits de luces LED antiniebla con cuerpo en aluminio. Con el kit se incluye el kit de sujeci\u00f3n, el cableado y el interruptor para el manillar que permite encender y apagar los faros c\u00f3modamente.<\/p>\n","protected":false},"excerpt":{"rendered":"<p>Los mejores Raids de larga distancia exigen la m\u00e1xima seguridad: Kits de luces LED antiniebla con cuerpo en aluminio. Con el kit se incluye el kit de sujeci\u00f3n, el cableado y el interruptor para el manillar que permite encender y apagar los faros c\u00f3modamente.<\/p>\n","protected":false},"featured_media":311481,"template":"","meta":{"_acf_changed":false},"rizoma_assembly_time":[42911],"rizoma_bike":[43759],"rizoma_division":[42653],"rizoma_family":[],"rizoma_model_category":[],"rizoma_product_template":[],"product_brand":[],"product_cat":[42788],"product_tag":[],"class_list":{"0":"post-317127","1":"product","2":"type-product","3":"status-publish","4":"has-post-thumbnail","6":"rizoma_bike-pan-america-1250-2020-25","7":"product_cat-mas-para-tu-harley-davidson","9":"first","10":"instock","11":"sale","12":"taxable","13":"shipping-taxable","14":"purchasable","15":"product-type-variable"},"acf":[],"_links":{"self":[{"href":"https:\/\/cycle.rizoma.com\/es\/wp-json\/wp\/v2\/product\/317127","targetHints":{"allow":["GET"]}}],"collection":[{"href":"https:\/\/cycle.rizoma.com\/es\/wp-json\/wp\/v2\/product"}],"about":[{"href":"https:\/\/cycle.rizoma.com\/es\/wp-json\/wp\/v2\/types\/product"}],"wp:featuredmedia":[{"embeddable":true,"href":"https:\/\/cycle.rizoma.com\/es\/wp-json\/wp\/v2\/media\/311481"}],"wp:attachment":[{"href":"https:\/\/cycle.rizoma.com\/es\/wp-json\/wp\/v2\/media?parent=317127"}],"wp:term":[{"taxonomy":"rizoma_assembly_time","embeddable":true,"href":"https:\/\/cycle.rizoma.com\/es\/wp-json\/wp\/v2\/rizoma_assembly_time?post=317127"},{"taxonomy":"rizoma_bike","embeddable":true,"href":"https:\/\/cycle.rizoma.com\/es\/wp-json\/wp\/v2\/rizoma_bike?post=317127"},{"taxonomy":"rizoma_division","embeddable":true,"href":"https:\/\/cycle.rizoma.com\/es\/wp-json\/wp\/v2\/rizoma_division?post=317127"},{"taxonomy":"rizoma_family","embeddable":true,"href":"https:\/\/cycle.rizoma.com\/es\/wp-json\/wp\/v2\/rizoma_family?post=317127"},{"taxonomy":"rizoma_model_category","embeddable":true,"href":"https:\/\/cycle.rizoma.com\/es\/wp-json\/wp\/v2\/rizoma_model_category?post=317127"},{"taxonomy":"rizoma_product_template","embeddable":true,"href":"https:\/\/cycle.rizoma.com\/es\/wp-json\/wp\/v2\/rizoma_product_template?post=317127"},{"taxonomy":"product_brand","embeddable":true,"href":"https:\/\/cycle.rizoma.com\/es\/wp-json\/wp\/v2\/product_brand?post=317127"},{"taxonomy":"product_cat","embeddable":true,"href":"https:\/\/cycle.rizoma.com\/es\/wp-json\/wp\/v2\/product_cat?post=317127"},{"taxonomy":"product_tag","embeddable":true,"href":"https:\/\/cycle.rizoma.com\/es\/wp-json\/wp\/v2\/product_tag?post=317127"}],"curies":[{"name":"wp","href":"https:\/\/api.w.org\/{rel}","templated":true}]}}