{"id":317132,"date":"2024-11-21T17:19:50","date_gmt":"2024-11-21T16:19:50","guid":{"rendered":"https:\/\/rwp.rizoma.com\/negozio\/ensanchamiento-del-pedal-de-freno-zhd156\/"},"modified":"2025-01-14T12:41:25","modified_gmt":"2025-01-14T11:41:25","slug":"ensanchamiento-del-pedal-de-freno-zhd156","status":"publish","type":"product","link":"https:\/\/cycle.rizoma.com\/es\/negozio\/mas-para-tu-harley-davidson\/ZHD156\/ensanchamiento-del-pedal-de-freno-zhd156\/","title":{"rendered":"Ensanchamiento del pedal de freno"},"content":{"rendered":"<p>Sobre terreno sin asfaltar, es absolutamente esencial pisar el freno con seguridad.<br \/>Con el ensanchamiento del pedal de freno Rizoma, la superficie de apoyo es mas amplia en comparaci\u00f3n con el componente original, la bota accede con mayor facilidad al pedal y tambi\u00e9n se mejora considerablemente la dosificaci\u00f3n.<br \/>El ensanchamiento Rizoma, que ya en la configuraci\u00f3n b\u00e1sica ofrece un aumento con respecto al original, permite un aumento adicional, ya que es ajustable hasta una extensi\u00f3n m\u00e1xima hacia el exterior de +8 mm.<br \/>Adem\u00e1s, Rizoma ha equipado la ampliaci\u00f3n con un funcional perfil dentado, exactamente como para las estriberas Escape, nacidas para los viajes de larga distancia.<\/p>\n","protected":false},"excerpt":{"rendered":"<p>Sobre terreno sin asfaltar, es absolutamente esencial pisar el freno con seguridad.Con el ensanchamiento del pedal de freno Rizoma, la superficie de apoyo es mas amplia en comparaci\u00f3n con el componente original, la bota accede con mayor facilidad al pedal y tambi\u00e9n se mejora considerablemente la dosificaci\u00f3n.El ensanchamiento Rizoma, que ya en la configuraci\u00f3n b\u00e1sica [&hellip;]<\/p>\n","protected":false},"featured_media":305931,"template":"","meta":{"_acf_changed":false},"rizoma_assembly_time":[42664],"rizoma_bike":[43759],"rizoma_division":[42653],"rizoma_family":[],"rizoma_model_category":[],"rizoma_product_template":[],"product_brand":[],"product_cat":[42788],"product_tag":[],"class_list":{"0":"post-317132","1":"product","2":"type-product","3":"status-publish","4":"has-post-thumbnail","6":"rizoma_bike-pan-america-1250-2020-25","7":"product_cat-mas-para-tu-harley-davidson","9":"first","10":"instock","11":"sale","12":"taxable","13":"shipping-taxable","14":"purchasable","15":"product-type-variable"},"acf":[],"_links":{"self":[{"href":"https:\/\/cycle.rizoma.com\/es\/wp-json\/wp\/v2\/product\/317132","targetHints":{"allow":["GET"]}}],"collection":[{"href":"https:\/\/cycle.rizoma.com\/es\/wp-json\/wp\/v2\/product"}],"about":[{"href":"https:\/\/cycle.rizoma.com\/es\/wp-json\/wp\/v2\/types\/product"}],"wp:featuredmedia":[{"embeddable":true,"href":"https:\/\/cycle.rizoma.com\/es\/wp-json\/wp\/v2\/media\/305931"}],"wp:attachment":[{"href":"https:\/\/cycle.rizoma.com\/es\/wp-json\/wp\/v2\/media?parent=317132"}],"wp:term":[{"taxonomy":"rizoma_assembly_time","embeddable":true,"href":"https:\/\/cycle.rizoma.com\/es\/wp-json\/wp\/v2\/rizoma_assembly_time?post=317132"},{"taxonomy":"rizoma_bike","embeddable":true,"href":"https:\/\/cycle.rizoma.com\/es\/wp-json\/wp\/v2\/rizoma_bike?post=317132"},{"taxonomy":"rizoma_division","embeddable":true,"href":"https:\/\/cycle.rizoma.com\/es\/wp-json\/wp\/v2\/rizoma_division?post=317132"},{"taxonomy":"rizoma_family","embeddable":true,"href":"https:\/\/cycle.rizoma.com\/es\/wp-json\/wp\/v2\/rizoma_family?post=317132"},{"taxonomy":"rizoma_model_category","embeddable":true,"href":"https:\/\/cycle.rizoma.com\/es\/wp-json\/wp\/v2\/rizoma_model_category?post=317132"},{"taxonomy":"rizoma_product_template","embeddable":true,"href":"https:\/\/cycle.rizoma.com\/es\/wp-json\/wp\/v2\/rizoma_product_template?post=317132"},{"taxonomy":"product_brand","embeddable":true,"href":"https:\/\/cycle.rizoma.com\/es\/wp-json\/wp\/v2\/product_brand?post=317132"},{"taxonomy":"product_cat","embeddable":true,"href":"https:\/\/cycle.rizoma.com\/es\/wp-json\/wp\/v2\/product_cat?post=317132"},{"taxonomy":"product_tag","embeddable":true,"href":"https:\/\/cycle.rizoma.com\/es\/wp-json\/wp\/v2\/product_tag?post=317132"}],"curies":[{"name":"wp","href":"https:\/\/api.w.org\/{rel}","templated":true}]}}