{"id":317177,"date":"2024-11-21T17:20:52","date_gmt":"2024-11-21T16:20:52","guid":{"rendered":"https:\/\/rwp.rizoma.com\/negozio\/kit-de-montaje-depositos-fluido-oem-ct410\/"},"modified":"2025-01-14T12:43:06","modified_gmt":"2025-01-14T11:43:06","slug":"kit-de-montaje-depositos-fluido-oem-ct410","status":"publish","type":"product","link":"https:\/\/cycle.rizoma.com\/es\/negozio\/depositos-de-fluido\/CT410\/kit-de-montaje-depositos-fluido-oem-ct410\/","title":{"rendered":"Kit de montaje dep\u00f3sitos fluido OEM"},"content":{"rendered":"<p>El kit de montaje se compone de dos tornillos de acero inoxidable, especialmente mecanizados a partir de un bloque macizo y estudiados de forma espec\u00edfica. Permite cambiar adecuadamente los dep\u00f3sitos de fluido delanteros de frenos y de embrague originales en caso de la sustituci\u00f3n de los espejos OEM por los de Rizoma del tipo End Mount.<\/p>\n","protected":false},"excerpt":{"rendered":"<p>El kit de montaje se compone de dos tornillos de acero inoxidable, especialmente mecanizados a partir de un bloque macizo y estudiados de forma espec\u00edfica. Permite cambiar adecuadamente los dep\u00f3sitos de fluido delanteros de frenos y de embrague originales en caso de la sustituci\u00f3n de los espejos OEM por los de Rizoma del tipo End [&hellip;]<\/p>\n","protected":false},"featured_media":306891,"template":"","meta":{"_acf_changed":false},"rizoma_assembly_time":[42664],"rizoma_bike":[42341,42342,42587,42635,42518,42430,43893,42499,43894,42527,43755,42218,42313,42219,42314,42431,42580,42523,43756,42524],"rizoma_division":[42653],"rizoma_family":[42706],"rizoma_model_category":[],"rizoma_product_template":[],"product_brand":[],"product_cat":[42690],"product_tag":[],"class_list":{"0":"post-317177","1":"product","2":"type-product","3":"status-publish","4":"has-post-thumbnail","6":"rizoma_bike-monster-937-2021-25","7":"rizoma_bike-monster-937-2021-25-1","8":"rizoma_bike-monster-937-30-anniversario-2023-24","9":"rizoma_bike-monster-937-senna-2024","10":"rizoma_bike-monster-937-sp-2023-25","11":"rizoma_bike-streetfighter-v2-2022-24","12":"rizoma_bike-streetfighter-v2-2025-26","13":"rizoma_bike-streetfighter-v2-955-green-2022-23","14":"rizoma_bike-streetfighter-v2-s-2025-26","15":"rizoma_bike-streetfighter-v4-2023-24","16":"rizoma_bike-streetfighter-v4-2025-26","17":"rizoma_bike-streetfighter-v4-1100-2020","18":"rizoma_bike-streetfighter-v4-1100-2021-22","19":"rizoma_bike-streetfighter-v4-1100-s-2020","20":"rizoma_bike-streetfighter-v4-1100-s-2021-22","21":"rizoma_bike-streetfighter-v4-1100-sp-2022","22":"rizoma_bike-streetfighter-v4-lamborghini-2023-24","23":"rizoma_bike-streetfighter-v4-s-2023-24","24":"rizoma_bike-streetfighter-v4-s-2025-26","25":"rizoma_bike-streetfighter-v4-sp2-2023-24","26":"product_cat-depositos-de-fluido","28":"first","29":"instock","30":"taxable","31":"shipping-taxable","32":"purchasable","33":"product-type-variable"},"acf":[],"_links":{"self":[{"href":"https:\/\/cycle.rizoma.com\/es\/wp-json\/wp\/v2\/product\/317177","targetHints":{"allow":["GET"]}}],"collection":[{"href":"https:\/\/cycle.rizoma.com\/es\/wp-json\/wp\/v2\/product"}],"about":[{"href":"https:\/\/cycle.rizoma.com\/es\/wp-json\/wp\/v2\/types\/product"}],"wp:featuredmedia":[{"embeddable":true,"href":"https:\/\/cycle.rizoma.com\/es\/wp-json\/wp\/v2\/media\/306891"}],"wp:attachment":[{"href":"https:\/\/cycle.rizoma.com\/es\/wp-json\/wp\/v2\/media?parent=317177"}],"wp:term":[{"taxonomy":"rizoma_assembly_time","embeddable":true,"href":"https:\/\/cycle.rizoma.com\/es\/wp-json\/wp\/v2\/rizoma_assembly_time?post=317177"},{"taxonomy":"rizoma_bike","embeddable":true,"href":"https:\/\/cycle.rizoma.com\/es\/wp-json\/wp\/v2\/rizoma_bike?post=317177"},{"taxonomy":"rizoma_division","embeddable":true,"href":"https:\/\/cycle.rizoma.com\/es\/wp-json\/wp\/v2\/rizoma_division?post=317177"},{"taxonomy":"rizoma_family","embeddable":true,"href":"https:\/\/cycle.rizoma.com\/es\/wp-json\/wp\/v2\/rizoma_family?post=317177"},{"taxonomy":"rizoma_model_category","embeddable":true,"href":"https:\/\/cycle.rizoma.com\/es\/wp-json\/wp\/v2\/rizoma_model_category?post=317177"},{"taxonomy":"rizoma_product_template","embeddable":true,"href":"https:\/\/cycle.rizoma.com\/es\/wp-json\/wp\/v2\/rizoma_product_template?post=317177"},{"taxonomy":"product_brand","embeddable":true,"href":"https:\/\/cycle.rizoma.com\/es\/wp-json\/wp\/v2\/product_brand?post=317177"},{"taxonomy":"product_cat","embeddable":true,"href":"https:\/\/cycle.rizoma.com\/es\/wp-json\/wp\/v2\/product_cat?post=317177"},{"taxonomy":"product_tag","embeddable":true,"href":"https:\/\/cycle.rizoma.com\/es\/wp-json\/wp\/v2\/product_tag?post=317177"}],"curies":[{"name":"wp","href":"https:\/\/api.w.org\/{rel}","templated":true}]}}