{"id":317272,"date":"2024-11-21T17:23:01","date_gmt":"2024-11-21T16:23:01","guid":{"rendered":"https:\/\/rwp.rizoma.com\/negozio\/urlo-ride-by-wire-grdw222z10\/"},"modified":"2025-06-06T05:47:35","modified_gmt":"2025-06-06T03:47:35","slug":"urlo-ride-by-wire-grdw222z10","status":"publish","type":"product","link":"https:\/\/cycle.rizoma.com\/es\/negozio\/kit-para-manillar\/GRDW222Z10\/urlo-ride-by-wire-grdw222z10\/motorbike\/9073\/ducati\/monster-821\/","title":{"rendered":"Urlo Ride by Wire"},"content":{"rendered":"<p>Enteramente en aluminio mecanizado a partir de un bloque macizo, el pu\u00f1o Urlo (\u00d8 22 mm) se caracteriza por una forma ergon\u00f3mica y con un particular tratamiento de la goma que garantiza el m\u00e1ximo agarre. Adem\u00e1s, el Kit de anillos de aluminio de color intercambiables permite elegir la configuraci\u00f3n preferida.  La versi\u00f3n Ride by Wire adem\u00e1s es compatible con el sistema de control electr\u00f3nico.<\/p>\n","protected":false},"excerpt":{"rendered":"<p>Enteramente en aluminio mecanizado a partir de un bloque macizo, el pu\u00f1o Urlo (\u00d8 22 mm) se caracteriza por una forma ergon\u00f3mica y con un particular tratamiento de la goma que garantiza el m\u00e1ximo agarre. Adem\u00e1s, el Kit de anillos de aluminio de color intercambiables permite elegir la configuraci\u00f3n preferida. La versi\u00f3n Ride by Wire [&hellip;]<\/p>\n","protected":false},"featured_media":343104,"template":"","meta":{"_acf_changed":false},"rizoma_assembly_time":[42742],"rizoma_bike":[41841,41842,41896,41870,41923,41924,42043,42067],"rizoma_division":[42653],"rizoma_family":[43021],"rizoma_model_category":[],"rizoma_product_template":[],"product_brand":[],"product_cat":[42663],"product_tag":[],"class_list":{"0":"post-317272","1":"product","2":"type-product","3":"status-publish","4":"has-post-thumbnail","6":"rizoma_bike-monster-1200-2014-16","7":"rizoma_bike-monster-1200-s-2014-16","8":"rizoma_bike-monster-1200-s-stripe-2014-15","9":"rizoma_bike-monster-821-abs-2014-17","10":"rizoma_bike-monster-821-dark-abs-2014-16","11":"rizoma_bike-monster-821-stripe-abs-2015-17","12":"rizoma_bike-multistrada-1200-enduro-2016-18","13":"rizoma_bike-multistrada-1200-enduro-pro-2017-18","14":"product_cat-kit-para-manillar","16":"first","17":"instock","18":"taxable","19":"shipping-taxable","20":"purchasable","21":"product-type-variable"},"acf":[],"_links":{"self":[{"href":"https:\/\/cycle.rizoma.com\/es\/wp-json\/wp\/v2\/product\/317272","targetHints":{"allow":["GET"]}}],"collection":[{"href":"https:\/\/cycle.rizoma.com\/es\/wp-json\/wp\/v2\/product"}],"about":[{"href":"https:\/\/cycle.rizoma.com\/es\/wp-json\/wp\/v2\/types\/product"}],"wp:featuredmedia":[{"embeddable":true,"href":"https:\/\/cycle.rizoma.com\/es\/wp-json\/wp\/v2\/media\/343104"}],"wp:attachment":[{"href":"https:\/\/cycle.rizoma.com\/es\/wp-json\/wp\/v2\/media?parent=317272"}],"wp:term":[{"taxonomy":"rizoma_assembly_time","embeddable":true,"href":"https:\/\/cycle.rizoma.com\/es\/wp-json\/wp\/v2\/rizoma_assembly_time?post=317272"},{"taxonomy":"rizoma_bike","embeddable":true,"href":"https:\/\/cycle.rizoma.com\/es\/wp-json\/wp\/v2\/rizoma_bike?post=317272"},{"taxonomy":"rizoma_division","embeddable":true,"href":"https:\/\/cycle.rizoma.com\/es\/wp-json\/wp\/v2\/rizoma_division?post=317272"},{"taxonomy":"rizoma_family","embeddable":true,"href":"https:\/\/cycle.rizoma.com\/es\/wp-json\/wp\/v2\/rizoma_family?post=317272"},{"taxonomy":"rizoma_model_category","embeddable":true,"href":"https:\/\/cycle.rizoma.com\/es\/wp-json\/wp\/v2\/rizoma_model_category?post=317272"},{"taxonomy":"rizoma_product_template","embeddable":true,"href":"https:\/\/cycle.rizoma.com\/es\/wp-json\/wp\/v2\/rizoma_product_template?post=317272"},{"taxonomy":"product_brand","embeddable":true,"href":"https:\/\/cycle.rizoma.com\/es\/wp-json\/wp\/v2\/product_brand?post=317272"},{"taxonomy":"product_cat","embeddable":true,"href":"https:\/\/cycle.rizoma.com\/es\/wp-json\/wp\/v2\/product_cat?post=317272"},{"taxonomy":"product_tag","embeddable":true,"href":"https:\/\/cycle.rizoma.com\/es\/wp-json\/wp\/v2\/product_tag?post=317272"}],"curies":[{"name":"wp","href":"https:\/\/api.w.org\/{rel}","templated":true}]}}