{"id":317337,"date":"2024-11-21T17:24:38","date_gmt":"2024-11-21T16:24:38","guid":{"rendered":"https:\/\/rwp.rizoma.com\/negozio\/kit-de-manetas-de-freno-lbx152\/"},"modified":"2025-06-05T20:15:52","modified_gmt":"2025-06-05T18:15:52","slug":"kit-de-manetas-de-freno-lbx152","status":"publish","type":"product","link":"https:\/\/cycle.rizoma.com\/es\/negozio\/manetas-freno-embrague\/LBX152\/kit-de-manetas-de-freno-lbx152\/","title":{"rendered":"Kit de manetas de freno"},"content":{"rendered":"<p>El kit de la palanca de freno incluye tanto la palanca del freno delantero como la palanca del freno trasero. Ambas palancas son Ajustables Plus: adem\u00e1s del sistema de control de distancia palanca-perilla, colocado arriba para una mayor accesibilidad, tambi\u00e9n tienen un sistema deslizante que permite el ajuste de longitud de la propia palanca. Adem\u00e1s, el kit incluye dos insertos de tecnopol\u00edmero que se utilizar\u00e1n para eliminar el espacio que se crea cuando la palanca est\u00e1 en su m\u00e1xima extensi\u00f3n (hasta 20 mm), evitando as\u00ed el desgaste de los guantes.<\/p>\n","protected":false},"excerpt":{"rendered":"<p>El kit de la palanca de freno incluye tanto la palanca del freno delantero como la palanca del freno trasero. Ambas palancas son Ajustables Plus: adem\u00e1s del sistema de control de distancia palanca-perilla, colocado arriba para una mayor accesibilidad, tambi\u00e9n tienen un sistema deslizante que permite el ajuste de longitud de la propia palanca. Adem\u00e1s, [&hellip;]<\/p>\n","protected":false},"featured_media":310151,"template":"","meta":{"_acf_changed":false},"rizoma_assembly_time":[42691],"rizoma_bike":[42558,42557,42561,42560,42636,44397,44437,42567,42566],"rizoma_division":[42653],"rizoma_family":[42804],"rizoma_model_category":[],"rizoma_product_template":[],"product_brand":[],"product_cat":[42809],"product_tag":[],"class_list":{"0":"post-317337","1":"product","2":"type-product","3":"status-publish","4":"has-post-thumbnail","6":"rizoma_bike-gts-2015-2017","7":"rizoma_bike-gts-2018-2022","8":"rizoma_bike-gts-super-2015-2017","9":"rizoma_bike-gts-super-2018-2022","10":"rizoma_bike-gtv-2023-2024","11":"rizoma_bike-gtv-310-2025-2026","12":"rizoma_bike-gtv-310-officina-8-2026","13":"rizoma_bike-sei-giorni-2016-2017","14":"rizoma_bike-sei-giorni-2018-2022","15":"product_cat-manetas-freno-embrague","17":"first","18":"instock","19":"taxable","20":"shipping-taxable","21":"purchasable","22":"product-type-variable"},"acf":[],"_links":{"self":[{"href":"https:\/\/cycle.rizoma.com\/es\/wp-json\/wp\/v2\/product\/317337","targetHints":{"allow":["GET"]}}],"collection":[{"href":"https:\/\/cycle.rizoma.com\/es\/wp-json\/wp\/v2\/product"}],"about":[{"href":"https:\/\/cycle.rizoma.com\/es\/wp-json\/wp\/v2\/types\/product"}],"wp:featuredmedia":[{"embeddable":true,"href":"https:\/\/cycle.rizoma.com\/es\/wp-json\/wp\/v2\/media\/310151"}],"wp:attachment":[{"href":"https:\/\/cycle.rizoma.com\/es\/wp-json\/wp\/v2\/media?parent=317337"}],"wp:term":[{"taxonomy":"rizoma_assembly_time","embeddable":true,"href":"https:\/\/cycle.rizoma.com\/es\/wp-json\/wp\/v2\/rizoma_assembly_time?post=317337"},{"taxonomy":"rizoma_bike","embeddable":true,"href":"https:\/\/cycle.rizoma.com\/es\/wp-json\/wp\/v2\/rizoma_bike?post=317337"},{"taxonomy":"rizoma_division","embeddable":true,"href":"https:\/\/cycle.rizoma.com\/es\/wp-json\/wp\/v2\/rizoma_division?post=317337"},{"taxonomy":"rizoma_family","embeddable":true,"href":"https:\/\/cycle.rizoma.com\/es\/wp-json\/wp\/v2\/rizoma_family?post=317337"},{"taxonomy":"rizoma_model_category","embeddable":true,"href":"https:\/\/cycle.rizoma.com\/es\/wp-json\/wp\/v2\/rizoma_model_category?post=317337"},{"taxonomy":"rizoma_product_template","embeddable":true,"href":"https:\/\/cycle.rizoma.com\/es\/wp-json\/wp\/v2\/rizoma_product_template?post=317337"},{"taxonomy":"product_brand","embeddable":true,"href":"https:\/\/cycle.rizoma.com\/es\/wp-json\/wp\/v2\/product_brand?post=317337"},{"taxonomy":"product_cat","embeddable":true,"href":"https:\/\/cycle.rizoma.com\/es\/wp-json\/wp\/v2\/product_cat?post=317337"},{"taxonomy":"product_tag","embeddable":true,"href":"https:\/\/cycle.rizoma.com\/es\/wp-json\/wp\/v2\/product_tag?post=317337"}],"curies":[{"name":"wp","href":"https:\/\/api.w.org\/{rel}","templated":true}]}}