{"id":317357,"date":"2024-11-21T17:25:06","date_gmt":"2024-11-21T16:25:06","guid":{"rendered":"https:\/\/rwp.rizoma.com\/negozio\/kit-de-intermitentes-zvp018\/"},"modified":"2025-01-14T12:51:56","modified_gmt":"2025-01-14T11:51:56","slug":"kit-de-intermitentes-zvp018","status":"publish","type":"product","link":"https:\/\/cycle.rizoma.com\/es\/negozio\/intermitentes\/ZVP018\/kit-de-intermitentes-zvp018\/","title":{"rendered":"Kit de intermitentes"},"content":{"rendered":"<p>El dise\u00f1o innovador de Light Unit se reinterpreta para integrarse perfectamente con las l\u00edneas Vespa. Incorporado a una parrilla de tecno pol\u00edmero, adquiere un renovado aspecto audaz y deportivo. El kit es plug &#038; play, dise\u00f1ado y suministrado completo con todo lo necesario para personalizar tanto la parte delantera como la trasera de la Vespa.<\/p>\n","protected":false},"excerpt":{"rendered":"<p>El dise\u00f1o innovador de Light Unit se reinterpreta para integrarse perfectamente con las l\u00edneas Vespa. Incorporado a una parrilla de tecno pol\u00edmero, adquiere un renovado aspecto audaz y deportivo. El kit es plug &#038; play, dise\u00f1ado y suministrado completo con todo lo necesario para personalizar tanto la parte delantera como la trasera de la Vespa.<\/p>\n","protected":false},"featured_media":309711,"template":"","meta":{"_acf_changed":false},"rizoma_assembly_time":[42691],"rizoma_bike":[42558,42557,42561,42560,42567,42566],"rizoma_division":[42653],"rizoma_family":[42834],"rizoma_model_category":[],"rizoma_product_template":[],"product_brand":[],"product_cat":[42716],"product_tag":[],"class_list":{"0":"post-317357","1":"product","2":"type-product","3":"status-publish","4":"has-post-thumbnail","6":"rizoma_bike-gts-2015-2017","7":"rizoma_bike-gts-2018-2022","8":"rizoma_bike-gts-super-2015-2017","9":"rizoma_bike-gts-super-2018-2022","10":"rizoma_bike-sei-giorni-2016-2017","11":"rizoma_bike-sei-giorni-2018-2022","12":"product_cat-intermitentes","14":"first","15":"instock","16":"taxable","17":"shipping-taxable","18":"purchasable","19":"product-type-variable"},"acf":[],"_links":{"self":[{"href":"https:\/\/cycle.rizoma.com\/es\/wp-json\/wp\/v2\/product\/317357","targetHints":{"allow":["GET"]}}],"collection":[{"href":"https:\/\/cycle.rizoma.com\/es\/wp-json\/wp\/v2\/product"}],"about":[{"href":"https:\/\/cycle.rizoma.com\/es\/wp-json\/wp\/v2\/types\/product"}],"wp:featuredmedia":[{"embeddable":true,"href":"https:\/\/cycle.rizoma.com\/es\/wp-json\/wp\/v2\/media\/309711"}],"wp:attachment":[{"href":"https:\/\/cycle.rizoma.com\/es\/wp-json\/wp\/v2\/media?parent=317357"}],"wp:term":[{"taxonomy":"rizoma_assembly_time","embeddable":true,"href":"https:\/\/cycle.rizoma.com\/es\/wp-json\/wp\/v2\/rizoma_assembly_time?post=317357"},{"taxonomy":"rizoma_bike","embeddable":true,"href":"https:\/\/cycle.rizoma.com\/es\/wp-json\/wp\/v2\/rizoma_bike?post=317357"},{"taxonomy":"rizoma_division","embeddable":true,"href":"https:\/\/cycle.rizoma.com\/es\/wp-json\/wp\/v2\/rizoma_division?post=317357"},{"taxonomy":"rizoma_family","embeddable":true,"href":"https:\/\/cycle.rizoma.com\/es\/wp-json\/wp\/v2\/rizoma_family?post=317357"},{"taxonomy":"rizoma_model_category","embeddable":true,"href":"https:\/\/cycle.rizoma.com\/es\/wp-json\/wp\/v2\/rizoma_model_category?post=317357"},{"taxonomy":"rizoma_product_template","embeddable":true,"href":"https:\/\/cycle.rizoma.com\/es\/wp-json\/wp\/v2\/rizoma_product_template?post=317357"},{"taxonomy":"product_brand","embeddable":true,"href":"https:\/\/cycle.rizoma.com\/es\/wp-json\/wp\/v2\/product_brand?post=317357"},{"taxonomy":"product_cat","embeddable":true,"href":"https:\/\/cycle.rizoma.com\/es\/wp-json\/wp\/v2\/product_cat?post=317357"},{"taxonomy":"product_tag","embeddable":true,"href":"https:\/\/cycle.rizoma.com\/es\/wp-json\/wp\/v2\/product_tag?post=317357"}],"curies":[{"name":"wp","href":"https:\/\/api.w.org\/{rel}","templated":true}]}}