{"id":317392,"date":"2024-11-21T17:25:54","date_gmt":"2024-11-21T16:25:54","guid":{"rendered":"https:\/\/rwp.rizoma.com\/negozio\/urlo-gr257\/"},"modified":"2026-01-08T15:55:49","modified_gmt":"2026-01-08T14:55:49","slug":"urlo-gr257","status":"publish","type":"product","link":"https:\/\/cycle.rizoma.com\/es\/negozio\/kit-para-manillar\/GR257\/urlo-gr257\/","title":{"rendered":"Urlo"},"content":{"rendered":"<p>Los pu\u00f1os  Urlo son ergon\u00f3micos y se caracterizan por el uso de aluminio junto con un tecnopol\u00edmero de alta calidad. Este \u00faltimo tiene un acabado de diamante particular, que garantiza el m\u00e1ximo en t\u00e9rminos de agarre. Disponible en diferentes colores, obtenidos a trav\u00e9s de un proceso de anodizado que garantiza un mejor resultado est\u00e9tico y durabilidad.<\/p>\n","protected":false},"excerpt":{"rendered":"<p>Los pu\u00f1os Urlo son ergon\u00f3micos y se caracterizan por el uso de aluminio junto con un tecnopol\u00edmero de alta calidad. Este \u00faltimo tiene un acabado de diamante particular, que garantiza el m\u00e1ximo en t\u00e9rminos de agarre. Disponible en diferentes colores, obtenidos a trav\u00e9s de un proceso de anodizado que garantiza un mejor resultado est\u00e9tico y [&hellip;]<\/p>\n","protected":false},"featured_media":341757,"template":"","meta":{"_acf_changed":false},"rizoma_assembly_time":[42742],"rizoma_bike":[42558,42557,42556,43430,43427,43744,43429,42561,42560,42559,42567,42566],"rizoma_division":[42653],"rizoma_family":[42952],"rizoma_model_category":[],"rizoma_product_template":[],"product_brand":[],"product_cat":[42663],"product_tag":[],"class_list":{"0":"post-317392","1":"product","2":"type-product","3":"status-publish","4":"has-post-thumbnail","6":"rizoma_bike-gts-2015-2017","7":"rizoma_bike-gts-2018-2022","8":"rizoma_bike-gts-2023-2025","9":"rizoma_bike-gts-310-2025","10":"rizoma_bike-gts-310-super-2025","11":"rizoma_bike-gts-310-super-tech-2025","12":"rizoma_bike-gts-310-supersport-2025","13":"rizoma_bike-gts-super-2015-2017","14":"rizoma_bike-gts-super-2018-2022","15":"rizoma_bike-gts-super-2023-2025","16":"rizoma_bike-sei-giorni-2016-2017","17":"rizoma_bike-sei-giorni-2018-2022","18":"product_cat-kit-para-manillar","20":"first","21":"instock","22":"taxable","23":"shipping-taxable","24":"purchasable","25":"product-type-variable"},"acf":[],"_links":{"self":[{"href":"https:\/\/cycle.rizoma.com\/es\/wp-json\/wp\/v2\/product\/317392","targetHints":{"allow":["GET"]}}],"collection":[{"href":"https:\/\/cycle.rizoma.com\/es\/wp-json\/wp\/v2\/product"}],"about":[{"href":"https:\/\/cycle.rizoma.com\/es\/wp-json\/wp\/v2\/types\/product"}],"wp:featuredmedia":[{"embeddable":true,"href":"https:\/\/cycle.rizoma.com\/es\/wp-json\/wp\/v2\/media\/341757"}],"wp:attachment":[{"href":"https:\/\/cycle.rizoma.com\/es\/wp-json\/wp\/v2\/media?parent=317392"}],"wp:term":[{"taxonomy":"rizoma_assembly_time","embeddable":true,"href":"https:\/\/cycle.rizoma.com\/es\/wp-json\/wp\/v2\/rizoma_assembly_time?post=317392"},{"taxonomy":"rizoma_bike","embeddable":true,"href":"https:\/\/cycle.rizoma.com\/es\/wp-json\/wp\/v2\/rizoma_bike?post=317392"},{"taxonomy":"rizoma_division","embeddable":true,"href":"https:\/\/cycle.rizoma.com\/es\/wp-json\/wp\/v2\/rizoma_division?post=317392"},{"taxonomy":"rizoma_family","embeddable":true,"href":"https:\/\/cycle.rizoma.com\/es\/wp-json\/wp\/v2\/rizoma_family?post=317392"},{"taxonomy":"rizoma_model_category","embeddable":true,"href":"https:\/\/cycle.rizoma.com\/es\/wp-json\/wp\/v2\/rizoma_model_category?post=317392"},{"taxonomy":"rizoma_product_template","embeddable":true,"href":"https:\/\/cycle.rizoma.com\/es\/wp-json\/wp\/v2\/rizoma_product_template?post=317392"},{"taxonomy":"product_brand","embeddable":true,"href":"https:\/\/cycle.rizoma.com\/es\/wp-json\/wp\/v2\/product_brand?post=317392"},{"taxonomy":"product_cat","embeddable":true,"href":"https:\/\/cycle.rizoma.com\/es\/wp-json\/wp\/v2\/product_cat?post=317392"},{"taxonomy":"product_tag","embeddable":true,"href":"https:\/\/cycle.rizoma.com\/es\/wp-json\/wp\/v2\/product_tag?post=317392"}],"curies":[{"name":"wp","href":"https:\/\/api.w.org\/{rel}","templated":true}]}}