{"id":317432,"date":"2024-11-21T17:26:49","date_gmt":"2024-11-21T16:26:49","guid":{"rendered":"https:\/\/rwp.rizoma.com\/negozio\/icon-tag-frontal-zvp038\/"},"modified":"2025-06-11T17:20:29","modified_gmt":"2025-06-11T15:20:29","slug":"icon-tag-frontal-zvp038","status":"publish","type":"product","link":"https:\/\/cycle.rizoma.com\/es\/negozio\/mas-para-tu-vespa\/ZVP038\/icon-tag-frontal-zvp038\/","title":{"rendered":"Icon tag frontal"},"content":{"rendered":"<p>Con un toque est\u00e9tico adicional dedicado a la parte delantera de la Vespa. El icono V est\u00e1 completamente hecha de aluminio mecanizado, est\u00e1 disponible en plata o negro  con grabado a  l\u00e1ser contrastante. En perfecta combinaci\u00f3n con el inserto de la corbata, enfatiza el estilo ic\u00f3nico de la Vespa.<\/p>\n","protected":false},"excerpt":{"rendered":"<p>Con un toque est\u00e9tico adicional dedicado a la parte delantera de la Vespa. El icono V est\u00e1 completamente hecha de aluminio mecanizado, est\u00e1 disponible en plata o negro con grabado a l\u00e1ser contrastante. En perfecta combinaci\u00f3n con el inserto de la corbata, enfatiza el estilo ic\u00f3nico de la Vespa.<\/p>\n","protected":false},"featured_media":306576,"template":"","meta":{"_acf_changed":false},"rizoma_assembly_time":[42664],"rizoma_bike":[42569,42568,42557,42556,43430,43427,43744,43429,42560,42559,42636,44397,44437,42563,43435,42562,44434,42566,42565,43436,42564,44435,44436],"rizoma_division":[42653],"rizoma_family":[],"rizoma_model_category":[],"rizoma_product_template":[],"product_brand":[],"product_cat":[42947],"product_tag":[],"class_list":{"0":"post-317432","1":"product","2":"type-product","3":"status-publish","4":"has-post-thumbnail","6":"rizoma_bike-elettrica-2018-2022","7":"rizoma_bike-elettrica-2023-2024","8":"rizoma_bike-gts-2018-2022","9":"rizoma_bike-gts-2023-2025","10":"rizoma_bike-gts-310-2025","11":"rizoma_bike-gts-310-super-2025","12":"rizoma_bike-gts-310-super-tech-2025","13":"rizoma_bike-gts-310-supersport-2025","14":"rizoma_bike-gts-super-2018-2022","15":"rizoma_bike-gts-super-2023-2025","16":"rizoma_bike-gtv-2023-2024","17":"rizoma_bike-gtv-310-2025-2026","18":"rizoma_bike-gtv-310-officina-8-2026","19":"rizoma_bike-primavera-2018-2022","20":"rizoma_bike-primavera-2023","21":"rizoma_bike-primavera-2024-2025","22":"rizoma_bike-primavera-elettrica-2024-25","23":"rizoma_bike-sei-giorni-2018-2022","24":"rizoma_bike-sprint-2018-2022","25":"rizoma_bike-sprint-2023","26":"rizoma_bike-sprint-2024-2025","27":"rizoma_bike-sprint-elettrica-2024-25","28":"rizoma_bike-sprint-elettrica-2026","29":"product_cat-mas-para-tu-vespa","31":"first","32":"instock","33":"taxable","34":"shipping-taxable","35":"purchasable","36":"product-type-variable"},"acf":[],"_links":{"self":[{"href":"https:\/\/cycle.rizoma.com\/es\/wp-json\/wp\/v2\/product\/317432","targetHints":{"allow":["GET"]}}],"collection":[{"href":"https:\/\/cycle.rizoma.com\/es\/wp-json\/wp\/v2\/product"}],"about":[{"href":"https:\/\/cycle.rizoma.com\/es\/wp-json\/wp\/v2\/types\/product"}],"wp:featuredmedia":[{"embeddable":true,"href":"https:\/\/cycle.rizoma.com\/es\/wp-json\/wp\/v2\/media\/306576"}],"wp:attachment":[{"href":"https:\/\/cycle.rizoma.com\/es\/wp-json\/wp\/v2\/media?parent=317432"}],"wp:term":[{"taxonomy":"rizoma_assembly_time","embeddable":true,"href":"https:\/\/cycle.rizoma.com\/es\/wp-json\/wp\/v2\/rizoma_assembly_time?post=317432"},{"taxonomy":"rizoma_bike","embeddable":true,"href":"https:\/\/cycle.rizoma.com\/es\/wp-json\/wp\/v2\/rizoma_bike?post=317432"},{"taxonomy":"rizoma_division","embeddable":true,"href":"https:\/\/cycle.rizoma.com\/es\/wp-json\/wp\/v2\/rizoma_division?post=317432"},{"taxonomy":"rizoma_family","embeddable":true,"href":"https:\/\/cycle.rizoma.com\/es\/wp-json\/wp\/v2\/rizoma_family?post=317432"},{"taxonomy":"rizoma_model_category","embeddable":true,"href":"https:\/\/cycle.rizoma.com\/es\/wp-json\/wp\/v2\/rizoma_model_category?post=317432"},{"taxonomy":"rizoma_product_template","embeddable":true,"href":"https:\/\/cycle.rizoma.com\/es\/wp-json\/wp\/v2\/rizoma_product_template?post=317432"},{"taxonomy":"product_brand","embeddable":true,"href":"https:\/\/cycle.rizoma.com\/es\/wp-json\/wp\/v2\/product_brand?post=317432"},{"taxonomy":"product_cat","embeddable":true,"href":"https:\/\/cycle.rizoma.com\/es\/wp-json\/wp\/v2\/product_cat?post=317432"},{"taxonomy":"product_tag","embeddable":true,"href":"https:\/\/cycle.rizoma.com\/es\/wp-json\/wp\/v2\/product_tag?post=317432"}],"curies":[{"name":"wp","href":"https:\/\/api.w.org\/{rel}","templated":true}]}}