{"id":317437,"date":"2024-11-21T17:26:56","date_gmt":"2024-11-21T16:26:56","guid":{"rendered":"https:\/\/rwp.rizoma.com\/negozio\/icon-tag-laterales-zvp043\/"},"modified":"2025-06-11T17:20:27","modified_gmt":"2025-06-11T15:20:27","slug":"icon-tag-laterales-zvp043","status":"publish","type":"product","link":"https:\/\/cycle.rizoma.com\/es\/negozio\/mas-para-tu-vespa\/ZVP043\/icon-tag-laterales-zvp043\/","title":{"rendered":"Icon tag laterales"},"content":{"rendered":"<p>Los iconos V laterales se obtienen de aluminio mecanizado con procesamiento 3D de alta precisi\u00f3n. Est\u00e1n disponibles en plata o negro con grabado Laser de  contrastante que  combinan perfectamente con el Icono Tag V dise\u00f1ado para el frontal.<\/p>\n","protected":false},"excerpt":{"rendered":"<p>Los iconos V laterales se obtienen de aluminio mecanizado con procesamiento 3D de alta precisi\u00f3n. Est\u00e1n disponibles en plata o negro con grabado Laser de contrastante que combinan perfectamente con el Icono Tag V dise\u00f1ado para el frontal.<\/p>\n","protected":false},"featured_media":306911,"template":"","meta":{"_acf_changed":false},"rizoma_assembly_time":[42664],"rizoma_bike":[42557,42556,43430,43427,43744,43429,42560,42559,42636,44397,44437,42566],"rizoma_division":[42653],"rizoma_family":[],"rizoma_model_category":[],"rizoma_product_template":[],"product_brand":[],"product_cat":[42947],"product_tag":[],"class_list":{"0":"post-317437","1":"product","2":"type-product","3":"status-publish","4":"has-post-thumbnail","6":"rizoma_bike-gts-2018-2022","7":"rizoma_bike-gts-2023-2025","8":"rizoma_bike-gts-310-2025","9":"rizoma_bike-gts-310-super-2025","10":"rizoma_bike-gts-310-super-tech-2025","11":"rizoma_bike-gts-310-supersport-2025","12":"rizoma_bike-gts-super-2018-2022","13":"rizoma_bike-gts-super-2023-2025","14":"rizoma_bike-gtv-2023-2024","15":"rizoma_bike-gtv-310-2025-2026","16":"rizoma_bike-gtv-310-officina-8-2026","17":"rizoma_bike-sei-giorni-2018-2022","18":"product_cat-mas-para-tu-vespa","20":"first","21":"instock","22":"taxable","23":"shipping-taxable","24":"purchasable","25":"product-type-variable"},"acf":[],"_links":{"self":[{"href":"https:\/\/cycle.rizoma.com\/es\/wp-json\/wp\/v2\/product\/317437","targetHints":{"allow":["GET"]}}],"collection":[{"href":"https:\/\/cycle.rizoma.com\/es\/wp-json\/wp\/v2\/product"}],"about":[{"href":"https:\/\/cycle.rizoma.com\/es\/wp-json\/wp\/v2\/types\/product"}],"wp:featuredmedia":[{"embeddable":true,"href":"https:\/\/cycle.rizoma.com\/es\/wp-json\/wp\/v2\/media\/306911"}],"wp:attachment":[{"href":"https:\/\/cycle.rizoma.com\/es\/wp-json\/wp\/v2\/media?parent=317437"}],"wp:term":[{"taxonomy":"rizoma_assembly_time","embeddable":true,"href":"https:\/\/cycle.rizoma.com\/es\/wp-json\/wp\/v2\/rizoma_assembly_time?post=317437"},{"taxonomy":"rizoma_bike","embeddable":true,"href":"https:\/\/cycle.rizoma.com\/es\/wp-json\/wp\/v2\/rizoma_bike?post=317437"},{"taxonomy":"rizoma_division","embeddable":true,"href":"https:\/\/cycle.rizoma.com\/es\/wp-json\/wp\/v2\/rizoma_division?post=317437"},{"taxonomy":"rizoma_family","embeddable":true,"href":"https:\/\/cycle.rizoma.com\/es\/wp-json\/wp\/v2\/rizoma_family?post=317437"},{"taxonomy":"rizoma_model_category","embeddable":true,"href":"https:\/\/cycle.rizoma.com\/es\/wp-json\/wp\/v2\/rizoma_model_category?post=317437"},{"taxonomy":"rizoma_product_template","embeddable":true,"href":"https:\/\/cycle.rizoma.com\/es\/wp-json\/wp\/v2\/rizoma_product_template?post=317437"},{"taxonomy":"product_brand","embeddable":true,"href":"https:\/\/cycle.rizoma.com\/es\/wp-json\/wp\/v2\/product_brand?post=317437"},{"taxonomy":"product_cat","embeddable":true,"href":"https:\/\/cycle.rizoma.com\/es\/wp-json\/wp\/v2\/product_cat?post=317437"},{"taxonomy":"product_tag","embeddable":true,"href":"https:\/\/cycle.rizoma.com\/es\/wp-json\/wp\/v2\/product_tag?post=317437"}],"curies":[{"name":"wp","href":"https:\/\/api.w.org\/{rel}","templated":true}]}}