{"id":317442,"date":"2024-11-21T17:27:03","date_gmt":"2024-11-21T16:27:03","guid":{"rendered":"https:\/\/rwp.rizoma.com\/negozio\/cubierta-de-motor-zvp044\/"},"modified":"2025-01-14T12:49:25","modified_gmt":"2025-01-14T11:49:25","slug":"cubierta-de-motor-zvp044","status":"publish","type":"product","link":"https:\/\/cycle.rizoma.com\/es\/negozio\/mas-para-tu-vespa\/ZVP044\/cubierta-de-motor-zvp044\/","title":{"rendered":"Cubierta de motor"},"content":{"rendered":"<p>La cubierta del motor para Vespa est\u00e1 completamente hecha de aluminio y est\u00e1 adornada con una elegante textura longitudinal. El dise\u00f1o innovador presenta dos aberturas, una en la parte delantera y otra en la parte trasera, dise\u00f1adas para mejorar el flujo de aire. Disponible en variantes anodizadas Silver y Black.<\/p>\n","protected":false},"excerpt":{"rendered":"<p>La cubierta del motor para Vespa est\u00e1 completamente hecha de aluminio y est\u00e1 adornada con una elegante textura longitudinal. El dise\u00f1o innovador presenta dos aberturas, una en la parte delantera y otra en la parte trasera, dise\u00f1adas para mejorar el flujo de aire. Disponible en variantes anodizadas Silver y Black.<\/p>\n","protected":false},"featured_media":309546,"template":"","meta":{"_acf_changed":false},"rizoma_assembly_time":[42664],"rizoma_bike":[43435,42562,43436,42564],"rizoma_division":[42653],"rizoma_family":[],"rizoma_model_category":[],"rizoma_product_template":[],"product_brand":[],"product_cat":[42947],"product_tag":[],"class_list":{"0":"post-317442","1":"product","2":"type-product","3":"status-publish","4":"has-post-thumbnail","6":"rizoma_bike-primavera-2023","7":"rizoma_bike-primavera-2024-2025","8":"rizoma_bike-sprint-2023","9":"rizoma_bike-sprint-2024-2025","10":"product_cat-mas-para-tu-vespa","12":"first","13":"instock","14":"sale","15":"taxable","16":"shipping-taxable","17":"purchasable","18":"product-type-variable"},"acf":[],"_links":{"self":[{"href":"https:\/\/cycle.rizoma.com\/es\/wp-json\/wp\/v2\/product\/317442","targetHints":{"allow":["GET"]}}],"collection":[{"href":"https:\/\/cycle.rizoma.com\/es\/wp-json\/wp\/v2\/product"}],"about":[{"href":"https:\/\/cycle.rizoma.com\/es\/wp-json\/wp\/v2\/types\/product"}],"wp:featuredmedia":[{"embeddable":true,"href":"https:\/\/cycle.rizoma.com\/es\/wp-json\/wp\/v2\/media\/309546"}],"wp:attachment":[{"href":"https:\/\/cycle.rizoma.com\/es\/wp-json\/wp\/v2\/media?parent=317442"}],"wp:term":[{"taxonomy":"rizoma_assembly_time","embeddable":true,"href":"https:\/\/cycle.rizoma.com\/es\/wp-json\/wp\/v2\/rizoma_assembly_time?post=317442"},{"taxonomy":"rizoma_bike","embeddable":true,"href":"https:\/\/cycle.rizoma.com\/es\/wp-json\/wp\/v2\/rizoma_bike?post=317442"},{"taxonomy":"rizoma_division","embeddable":true,"href":"https:\/\/cycle.rizoma.com\/es\/wp-json\/wp\/v2\/rizoma_division?post=317442"},{"taxonomy":"rizoma_family","embeddable":true,"href":"https:\/\/cycle.rizoma.com\/es\/wp-json\/wp\/v2\/rizoma_family?post=317442"},{"taxonomy":"rizoma_model_category","embeddable":true,"href":"https:\/\/cycle.rizoma.com\/es\/wp-json\/wp\/v2\/rizoma_model_category?post=317442"},{"taxonomy":"rizoma_product_template","embeddable":true,"href":"https:\/\/cycle.rizoma.com\/es\/wp-json\/wp\/v2\/rizoma_product_template?post=317442"},{"taxonomy":"product_brand","embeddable":true,"href":"https:\/\/cycle.rizoma.com\/es\/wp-json\/wp\/v2\/product_brand?post=317442"},{"taxonomy":"product_cat","embeddable":true,"href":"https:\/\/cycle.rizoma.com\/es\/wp-json\/wp\/v2\/product_cat?post=317442"},{"taxonomy":"product_tag","embeddable":true,"href":"https:\/\/cycle.rizoma.com\/es\/wp-json\/wp\/v2\/product_tag?post=317442"}],"curies":[{"name":"wp","href":"https:\/\/api.w.org\/{rel}","templated":true}]}}