{"id":317672,"date":"2024-11-21T17:32:13","date_gmt":"2024-11-21T16:32:13","guid":{"rendered":"https:\/\/rwp.rizoma.com\/negozio\/tapon-deposito-de-gasolina-tf160\/"},"modified":"2025-01-14T12:59:47","modified_gmt":"2025-01-14T11:59:47","slug":"tapon-deposito-de-gasolina-tf160","status":"publish","type":"product","link":"https:\/\/cycle.rizoma.com\/es\/negozio\/mas-para-tu-yamaha\/TF160\/tapon-deposito-de-gasolina-tf160\/","title":{"rendered":"Tapon dep\u00f3sito de gasolina"},"content":{"rendered":"<p>El tap\u00f3n de dep\u00f3sito de gasolina de Rizoma, realizado totalmente en aluminio mecanizado a partir de un bloque macizo, fusiona dise\u00f1o, tecnolog\u00eda, alta calidad de materiales y seguridad. El accesorio Rizoma ofrece la funci\u00f3n de apertura autom\u00e1tica, sin pulsar ning\u00fan bot\u00f3n, gracias al reconocimiento de la llave del veh\u00edculo. El propietario es reconocido al acercarse a su motocicleta gracias a un transponder RFID integrado en la llave y un receptor integrado en la tapa a juego. De esta forma, se posibilita la apertura y cierre del tap\u00f3n con solo levantar el asa de este \u00faltimo.<br \/>Acabado bicolor obtenido mediante proceso de anodizado que garantiza un mejor rendimiento est\u00e9tico frente al paso del tiempo.<\/p>\n","protected":false},"excerpt":{"rendered":"<p>El tap\u00f3n de dep\u00f3sito de gasolina de Rizoma, realizado totalmente en aluminio mecanizado a partir de un bloque macizo, fusiona dise\u00f1o, tecnolog\u00eda, alta calidad de materiales y seguridad. El accesorio Rizoma ofrece la funci\u00f3n de apertura autom\u00e1tica, sin pulsar ning\u00fan bot\u00f3n, gracias al reconocimiento de la llave del veh\u00edculo. El propietario es reconocido al acercarse [&hellip;]<\/p>\n","protected":false},"featured_media":307216,"template":"","meta":{"_acf_changed":false},"rizoma_assembly_time":[42789],"rizoma_bike":[42611,42640,42447,43421,44422,42448,43422,44408,44409,44411,44410,44412],"rizoma_division":[42653],"rizoma_family":[],"rizoma_model_category":[],"rizoma_product_template":[],"product_brand":[],"product_cat":[42799],"product_tag":[],"class_list":{"0":"post-317672","1":"product","2":"type-product","3":"status-publish","4":"has-post-thumbnail","6":"rizoma_bike-mt-09-sp-2024-26","7":"rizoma_bike-mt-09-y-amt-2024-26","8":"rizoma_bike-t-max-560-2022-24","9":"rizoma_bike-t-max-560-2025-26","10":"rizoma_bike-t-max-560-25th-anniversary-2026","11":"rizoma_bike-t-max-560-tech-max-2022-24","12":"rizoma_bike-t-max-560-tech-max-2025-26","13":"rizoma_bike-tracer-9-2025-26","14":"rizoma_bike-tracer-9-gt-2025-26","15":"rizoma_bike-tracer-9-gt-y-amt-2025-26","16":"rizoma_bike-tracer-9-gtplus-y-amt-2025","17":"rizoma_bike-tracer-9-y-amt-2025-26","18":"product_cat-mas-para-tu-yamaha","20":"first","21":"instock","22":"taxable","23":"shipping-taxable","24":"purchasable","25":"product-type-variable"},"acf":[],"_links":{"self":[{"href":"https:\/\/cycle.rizoma.com\/es\/wp-json\/wp\/v2\/product\/317672","targetHints":{"allow":["GET"]}}],"collection":[{"href":"https:\/\/cycle.rizoma.com\/es\/wp-json\/wp\/v2\/product"}],"about":[{"href":"https:\/\/cycle.rizoma.com\/es\/wp-json\/wp\/v2\/types\/product"}],"wp:featuredmedia":[{"embeddable":true,"href":"https:\/\/cycle.rizoma.com\/es\/wp-json\/wp\/v2\/media\/307216"}],"wp:attachment":[{"href":"https:\/\/cycle.rizoma.com\/es\/wp-json\/wp\/v2\/media?parent=317672"}],"wp:term":[{"taxonomy":"rizoma_assembly_time","embeddable":true,"href":"https:\/\/cycle.rizoma.com\/es\/wp-json\/wp\/v2\/rizoma_assembly_time?post=317672"},{"taxonomy":"rizoma_bike","embeddable":true,"href":"https:\/\/cycle.rizoma.com\/es\/wp-json\/wp\/v2\/rizoma_bike?post=317672"},{"taxonomy":"rizoma_division","embeddable":true,"href":"https:\/\/cycle.rizoma.com\/es\/wp-json\/wp\/v2\/rizoma_division?post=317672"},{"taxonomy":"rizoma_family","embeddable":true,"href":"https:\/\/cycle.rizoma.com\/es\/wp-json\/wp\/v2\/rizoma_family?post=317672"},{"taxonomy":"rizoma_model_category","embeddable":true,"href":"https:\/\/cycle.rizoma.com\/es\/wp-json\/wp\/v2\/rizoma_model_category?post=317672"},{"taxonomy":"rizoma_product_template","embeddable":true,"href":"https:\/\/cycle.rizoma.com\/es\/wp-json\/wp\/v2\/rizoma_product_template?post=317672"},{"taxonomy":"product_brand","embeddable":true,"href":"https:\/\/cycle.rizoma.com\/es\/wp-json\/wp\/v2\/product_brand?post=317672"},{"taxonomy":"product_cat","embeddable":true,"href":"https:\/\/cycle.rizoma.com\/es\/wp-json\/wp\/v2\/product_cat?post=317672"},{"taxonomy":"product_tag","embeddable":true,"href":"https:\/\/cycle.rizoma.com\/es\/wp-json\/wp\/v2\/product_tag?post=317672"}],"curies":[{"name":"wp","href":"https:\/\/api.w.org\/{rel}","templated":true}]}}