{"id":317677,"date":"2024-11-21T17:32:20","date_gmt":"2024-11-21T16:32:20","guid":{"rendered":"https:\/\/rwp.rizoma.com\/negozio\/inserciones-reposapies-frontal-zyf063\/"},"modified":"2025-01-14T13:00:01","modified_gmt":"2025-01-14T12:00:01","slug":"inserciones-reposapies-frontal-zyf063","status":"publish","type":"product","link":"https:\/\/cycle.rizoma.com\/es\/negozio\/mas-para-tu-yamaha\/ZYF063\/inserciones-reposapies-frontal-zyf063\/","title":{"rendered":"Inserciones reposapi\u00e9s frontal"},"content":{"rendered":"<p>El kit de reposapi\u00e9s delantero est\u00e1 realizado en aluminio, finamente anodizado para garantizar una mayor resistencia al desgaste, haciendo m\u00e1s confortable la conducci\u00f3n de tu T-Max. Seguridad y confort sin renunciar a la est\u00e9tica.<\/p>\n","protected":false},"excerpt":{"rendered":"<p>El kit de reposapi\u00e9s delantero est\u00e1 realizado en aluminio, finamente anodizado para garantizar una mayor resistencia al desgaste, haciendo m\u00e1s confortable la conducci\u00f3n de tu T-Max. Seguridad y confort sin renunciar a la est\u00e9tica.<\/p>\n","protected":false},"featured_media":307281,"template":"","meta":{"_acf_changed":false},"rizoma_assembly_time":[42664],"rizoma_bike":[42447,43421,44422,42448,43422],"rizoma_division":[42653],"rizoma_family":[],"rizoma_model_category":[],"rizoma_product_template":[],"product_brand":[],"product_cat":[42799],"product_tag":[],"class_list":{"0":"post-317677","1":"product","2":"type-product","3":"status-publish","4":"has-post-thumbnail","6":"rizoma_bike-t-max-560-2022-24","7":"rizoma_bike-t-max-560-2025-26","8":"rizoma_bike-t-max-560-25th-anniversary-2026","9":"rizoma_bike-t-max-560-tech-max-2022-24","10":"rizoma_bike-t-max-560-tech-max-2025-26","11":"product_cat-mas-para-tu-yamaha","13":"first","14":"instock","15":"sale","16":"taxable","17":"shipping-taxable","18":"purchasable","19":"product-type-variable"},"acf":[],"_links":{"self":[{"href":"https:\/\/cycle.rizoma.com\/es\/wp-json\/wp\/v2\/product\/317677","targetHints":{"allow":["GET"]}}],"collection":[{"href":"https:\/\/cycle.rizoma.com\/es\/wp-json\/wp\/v2\/product"}],"about":[{"href":"https:\/\/cycle.rizoma.com\/es\/wp-json\/wp\/v2\/types\/product"}],"wp:featuredmedia":[{"embeddable":true,"href":"https:\/\/cycle.rizoma.com\/es\/wp-json\/wp\/v2\/media\/307281"}],"wp:attachment":[{"href":"https:\/\/cycle.rizoma.com\/es\/wp-json\/wp\/v2\/media?parent=317677"}],"wp:term":[{"taxonomy":"rizoma_assembly_time","embeddable":true,"href":"https:\/\/cycle.rizoma.com\/es\/wp-json\/wp\/v2\/rizoma_assembly_time?post=317677"},{"taxonomy":"rizoma_bike","embeddable":true,"href":"https:\/\/cycle.rizoma.com\/es\/wp-json\/wp\/v2\/rizoma_bike?post=317677"},{"taxonomy":"rizoma_division","embeddable":true,"href":"https:\/\/cycle.rizoma.com\/es\/wp-json\/wp\/v2\/rizoma_division?post=317677"},{"taxonomy":"rizoma_family","embeddable":true,"href":"https:\/\/cycle.rizoma.com\/es\/wp-json\/wp\/v2\/rizoma_family?post=317677"},{"taxonomy":"rizoma_model_category","embeddable":true,"href":"https:\/\/cycle.rizoma.com\/es\/wp-json\/wp\/v2\/rizoma_model_category?post=317677"},{"taxonomy":"rizoma_product_template","embeddable":true,"href":"https:\/\/cycle.rizoma.com\/es\/wp-json\/wp\/v2\/rizoma_product_template?post=317677"},{"taxonomy":"product_brand","embeddable":true,"href":"https:\/\/cycle.rizoma.com\/es\/wp-json\/wp\/v2\/product_brand?post=317677"},{"taxonomy":"product_cat","embeddable":true,"href":"https:\/\/cycle.rizoma.com\/es\/wp-json\/wp\/v2\/product_cat?post=317677"},{"taxonomy":"product_tag","embeddable":true,"href":"https:\/\/cycle.rizoma.com\/es\/wp-json\/wp\/v2\/product_tag?post=317677"}],"curies":[{"name":"wp","href":"https:\/\/api.w.org\/{rel}","templated":true}]}}