{"id":317742,"date":"2024-11-21T17:33:49","date_gmt":"2024-11-21T16:33:49","guid":{"rendered":"https:\/\/rwp.rizoma.com\/negozio\/torretas-altas-inclinadas-zdm167\/"},"modified":"2025-01-14T13:01:51","modified_gmt":"2025-01-14T12:01:51","slug":"torretas-altas-inclinadas-zdm167","status":"publish","type":"product","link":"https:\/\/cycle.rizoma.com\/es\/negozio\/mas-para-tu-ducati\/ZDM167\/torretas-altas-inclinadas-zdm167\/","title":{"rendered":"Torretas altas inclinadas"},"content":{"rendered":"<p>El kit de torretas Rizoma para la Ducati Multistrada V4 est\u00e1 fabricado a partir de un bloque \u00fanico de aluminio. Este complemento ha sido desarrollado para elevar (+35 mm) y retrasar (-20 mm) el manillar, lo que permite al piloto adoptar una postura de conducci\u00f3n m\u00e1s natural, aumentando el confort y el placer de conducci\u00f3n.<\/p>\n","protected":false},"excerpt":{"rendered":"<p>El kit de torretas Rizoma para la Ducati Multistrada V4 est\u00e1 fabricado a partir de un bloque \u00fanico de aluminio. Este complemento ha sido desarrollado para elevar (+35 mm) y retrasar (-20 mm) el manillar, lo que permite al piloto adoptar una postura de conducci\u00f3n m\u00e1s natural, aumentando el confort y el placer de conducci\u00f3n.<\/p>\n","protected":false},"featured_media":309331,"template":"","meta":{"_acf_changed":false},"rizoma_assembly_time":[],"rizoma_bike":[42308,42641,42310,42413,42642,42519,44013,42600,44019,42309,42643,42588],"rizoma_division":[42653],"rizoma_family":[],"rizoma_model_category":[],"rizoma_product_template":[],"product_brand":[],"product_cat":[42814],"product_tag":[],"class_list":{"0":"post-317742","1":"product","2":"type-product","3":"status-publish","4":"has-post-thumbnail","6":"rizoma_bike-multistrada-v4-2021-24","7":"rizoma_bike-multistrada-v4-2025-26","8":"rizoma_bike-multistrada-v4-1100-s-sport-2021","9":"rizoma_bike-multistrada-v4-pikes-peak-2021-24","10":"rizoma_bike-multistrada-v4-pikes-peak-2025-26","11":"rizoma_bike-multistrada-v4-rally-2023-25","12":"rizoma_bike-multistrada-v4-rally-2026","13":"rizoma_bike-multistrada-v4-rs-2024-25","14":"rizoma_bike-multistrada-v4-rs-2026","15":"rizoma_bike-multistrada-v4-s-2021-24","16":"rizoma_bike-multistrada-v4-s-2025-26","17":"rizoma_bike-multistrada-v4-s-grand-tour-2024","18":"product_cat-mas-para-tu-ducati","20":"first","21":"instock","22":"taxable","23":"shipping-taxable","24":"purchasable","25":"product-type-variable"},"acf":[],"_links":{"self":[{"href":"https:\/\/cycle.rizoma.com\/es\/wp-json\/wp\/v2\/product\/317742","targetHints":{"allow":["GET"]}}],"collection":[{"href":"https:\/\/cycle.rizoma.com\/es\/wp-json\/wp\/v2\/product"}],"about":[{"href":"https:\/\/cycle.rizoma.com\/es\/wp-json\/wp\/v2\/types\/product"}],"wp:featuredmedia":[{"embeddable":true,"href":"https:\/\/cycle.rizoma.com\/es\/wp-json\/wp\/v2\/media\/309331"}],"wp:attachment":[{"href":"https:\/\/cycle.rizoma.com\/es\/wp-json\/wp\/v2\/media?parent=317742"}],"wp:term":[{"taxonomy":"rizoma_assembly_time","embeddable":true,"href":"https:\/\/cycle.rizoma.com\/es\/wp-json\/wp\/v2\/rizoma_assembly_time?post=317742"},{"taxonomy":"rizoma_bike","embeddable":true,"href":"https:\/\/cycle.rizoma.com\/es\/wp-json\/wp\/v2\/rizoma_bike?post=317742"},{"taxonomy":"rizoma_division","embeddable":true,"href":"https:\/\/cycle.rizoma.com\/es\/wp-json\/wp\/v2\/rizoma_division?post=317742"},{"taxonomy":"rizoma_family","embeddable":true,"href":"https:\/\/cycle.rizoma.com\/es\/wp-json\/wp\/v2\/rizoma_family?post=317742"},{"taxonomy":"rizoma_model_category","embeddable":true,"href":"https:\/\/cycle.rizoma.com\/es\/wp-json\/wp\/v2\/rizoma_model_category?post=317742"},{"taxonomy":"rizoma_product_template","embeddable":true,"href":"https:\/\/cycle.rizoma.com\/es\/wp-json\/wp\/v2\/rizoma_product_template?post=317742"},{"taxonomy":"product_brand","embeddable":true,"href":"https:\/\/cycle.rizoma.com\/es\/wp-json\/wp\/v2\/product_brand?post=317742"},{"taxonomy":"product_cat","embeddable":true,"href":"https:\/\/cycle.rizoma.com\/es\/wp-json\/wp\/v2\/product_cat?post=317742"},{"taxonomy":"product_tag","embeddable":true,"href":"https:\/\/cycle.rizoma.com\/es\/wp-json\/wp\/v2\/product_tag?post=317742"}],"curies":[{"name":"wp","href":"https:\/\/api.w.org\/{rel}","templated":true}]}}