{"id":317807,"date":"2024-11-21T17:35:16","date_gmt":"2024-11-21T16:35:16","guid":{"rendered":"https:\/\/rwp.rizoma.com\/negozio\/blind-spot-bs326\/"},"modified":"2025-01-14T13:05:43","modified_gmt":"2025-01-14T12:05:43","slug":"blind-spot-bs326","status":"publish","type":"product","link":"https:\/\/cycle.rizoma.com\/es\/negozio\/espejos-retrovisores\/BS326\/blind-spot-bs326\/","title":{"rendered":"Blind Spot"},"content":{"rendered":"<p>El primer retrovisor de Rizoma integra la tecnolog\u00eda de punto ciego, combinando dise\u00f1o y seguridad. Ideal para el tr\u00e1fico urbano y autopistas, permite a los motociclistas monitorear \u00e1reas fuera del reflejo del espejo, detectando veh\u00edculos durante los cambios de carril u obst\u00e1culos en el punto ciego. <\/p>\n<p>Hecho de aluminio mecanizado de precisi\u00f3n con acabado anodizado, garantiza durabilidad y ofrece excelente visibilidad con vidrio convexo antideslumbrante.<\/p>\n","protected":false},"excerpt":{"rendered":"<p>El primer retrovisor de Rizoma integra la tecnolog\u00eda de punto ciego, combinando dise\u00f1o y seguridad. Ideal para el tr\u00e1fico urbano y autopistas, permite a los motociclistas monitorear \u00e1reas fuera del reflejo del espejo, detectando veh\u00edculos durante los cambios de carril u obst\u00e1culos en el punto ciego. Hecho de aluminio mecanizado de precisi\u00f3n con acabado anodizado, [&hellip;]<\/p>\n","protected":false},"featured_media":305096,"template":"","meta":{"_acf_changed":false},"rizoma_assembly_time":[42664],"rizoma_bike":[42641,42310,42413,42642,42519,42600,44019,42309,42643,42588,42591,43987,43988,43989,43990,43991,43394,42604,42605,42606,44410],"rizoma_division":[42653],"rizoma_family":[43887],"rizoma_model_category":[],"rizoma_product_template":[],"product_brand":[],"product_cat":[43943],"product_tag":[],"class_list":{"0":"post-317807","1":"product","2":"type-product","3":"status-publish","4":"has-post-thumbnail","6":"rizoma_bike-multistrada-v4-2025-26","7":"rizoma_bike-multistrada-v4-1100-s-sport-2021","8":"rizoma_bike-multistrada-v4-pikes-peak-2021-24","9":"rizoma_bike-multistrada-v4-pikes-peak-2025-26","10":"rizoma_bike-multistrada-v4-rally-2023-25","11":"rizoma_bike-multistrada-v4-rs-2024-25","12":"rizoma_bike-multistrada-v4-rs-2026","13":"rizoma_bike-multistrada-v4-s-2021-24","14":"rizoma_bike-multistrada-v4-s-2025-26","15":"rizoma_bike-multistrada-v4-s-grand-tour-2024","16":"rizoma_bike-r-1300-gs-2023-26","17":"rizoma_bike-r-1300-gs-adventure-2025-26","18":"rizoma_bike-r-1300-gs-adventure-asa-2025-26","19":"rizoma_bike-r-1300-gs-adventure-option-719-karakorum-2025-26","20":"rizoma_bike-r-1300-gs-adventure-triple-black-2025-26","21":"rizoma_bike-r-1300-gs-adventure-trophy-2025-26","22":"rizoma_bike-r-1300-gs-asa-2024-26","23":"rizoma_bike-r-1300-gs-option-719-tramuntana-2023-26","24":"rizoma_bike-r-1300-gs-triple-black-2023-26","25":"rizoma_bike-r-1300-gs-trophy-2023-26","26":"rizoma_bike-tracer-9-gtplus-y-amt-2025","27":"product_cat-espejos-retrovisores","29":"first","30":"instock","31":"taxable","32":"shipping-taxable","33":"purchasable","34":"product-type-variable"},"acf":[],"_links":{"self":[{"href":"https:\/\/cycle.rizoma.com\/es\/wp-json\/wp\/v2\/product\/317807","targetHints":{"allow":["GET"]}}],"collection":[{"href":"https:\/\/cycle.rizoma.com\/es\/wp-json\/wp\/v2\/product"}],"about":[{"href":"https:\/\/cycle.rizoma.com\/es\/wp-json\/wp\/v2\/types\/product"}],"wp:featuredmedia":[{"embeddable":true,"href":"https:\/\/cycle.rizoma.com\/es\/wp-json\/wp\/v2\/media\/305096"}],"wp:attachment":[{"href":"https:\/\/cycle.rizoma.com\/es\/wp-json\/wp\/v2\/media?parent=317807"}],"wp:term":[{"taxonomy":"rizoma_assembly_time","embeddable":true,"href":"https:\/\/cycle.rizoma.com\/es\/wp-json\/wp\/v2\/rizoma_assembly_time?post=317807"},{"taxonomy":"rizoma_bike","embeddable":true,"href":"https:\/\/cycle.rizoma.com\/es\/wp-json\/wp\/v2\/rizoma_bike?post=317807"},{"taxonomy":"rizoma_division","embeddable":true,"href":"https:\/\/cycle.rizoma.com\/es\/wp-json\/wp\/v2\/rizoma_division?post=317807"},{"taxonomy":"rizoma_family","embeddable":true,"href":"https:\/\/cycle.rizoma.com\/es\/wp-json\/wp\/v2\/rizoma_family?post=317807"},{"taxonomy":"rizoma_model_category","embeddable":true,"href":"https:\/\/cycle.rizoma.com\/es\/wp-json\/wp\/v2\/rizoma_model_category?post=317807"},{"taxonomy":"rizoma_product_template","embeddable":true,"href":"https:\/\/cycle.rizoma.com\/es\/wp-json\/wp\/v2\/rizoma_product_template?post=317807"},{"taxonomy":"product_brand","embeddable":true,"href":"https:\/\/cycle.rizoma.com\/es\/wp-json\/wp\/v2\/product_brand?post=317807"},{"taxonomy":"product_cat","embeddable":true,"href":"https:\/\/cycle.rizoma.com\/es\/wp-json\/wp\/v2\/product_cat?post=317807"},{"taxonomy":"product_tag","embeddable":true,"href":"https:\/\/cycle.rizoma.com\/es\/wp-json\/wp\/v2\/product_tag?post=317807"}],"curies":[{"name":"wp","href":"https:\/\/api.w.org\/{rel}","templated":true}]}}