{"id":318314,"date":"2024-11-21T17:47:48","date_gmt":"2024-11-21T16:47:48","guid":{"rendered":"https:\/\/rwp.rizoma.com\/negozio\/tapones-deposito-de-gasolina-street-tf020\/"},"modified":"2025-06-06T04:30:26","modified_gmt":"2025-06-06T02:30:26","slug":"tapones-deposito-de-gasolina-street-tf020","status":"publish","type":"product","link":"https:\/\/cycle.rizoma.com\/es\/negozio\/tapones-deposito-de-gasolina\/TF020\/tapones-deposito-de-gasolina-street-tf020\/","title":{"rendered":"Tapones dep\u00f3sito de gasolina Street"},"content":{"rendered":"<p>El tap\u00f3n de dep\u00f3sito de gasolina de Rizoma, realizado totalmente en aluminio mecanizado a partir de un bloque macizo, fusiona dise\u00f1o, tecnolog\u00eda, alta calidad de materiales y seguridad. En efecto, gracias al Key Lock System con el que est\u00e1 dotado, se reduce el riesgo de manipulaci\u00f3n manteniendo la sencillez de instalaci\u00f3n y uso. Acabado bicolor obtenido mediante proceso de anodizado que garantiza un mejor rendimiento est\u00e9tico frente al paso del tiempo.<\/p>\n","protected":false},"excerpt":{"rendered":"<p>El tap\u00f3n de dep\u00f3sito de gasolina de Rizoma, realizado totalmente en aluminio mecanizado a partir de un bloque macizo, fusiona dise\u00f1o, tecnolog\u00eda, alta calidad de materiales y seguridad. En efecto, gracias al Key Lock System con el que est\u00e1 dotado, se reduce el riesgo de manipulaci\u00f3n manteniendo la sencillez de instalaci\u00f3n y uso. Acabado bicolor [&hellip;]<\/p>\n","protected":false},"featured_media":294442,"template":"","meta":{"_acf_changed":false},"rizoma_assembly_time":[42664],"rizoma_bike":[41515,41780,41516,41670,41671,41669,41672,41776,41601,41602,41673,41674,41675,41676,41604,43718,41807,41677,41808,44005,41518,41519,41520,41521,41522,41433,41679,41680],"rizoma_division":[42653],"rizoma_family":[42819],"rizoma_model_category":[],"rizoma_product_template":[],"product_brand":[],"product_cat":[43036],"product_tag":[],"class_list":{"0":"post-318314","1":"product","2":"type-product","3":"status-publish","4":"has-post-thumbnail","6":"rizoma_bike-cb-1000-r-2008-10","7":"rizoma_bike-cb-1000-r-2011-14","8":"rizoma_bike-cb-1000-r-abs-2011-17","9":"rizoma_bike-cbr-1000-rr-c-abs-2009-11","10":"rizoma_bike-cbr-1000-rr-fireblade-2004-05","11":"rizoma_bike-cbr-1000-rr-fireblade-2006-07","12":"rizoma_bike-cbr-1000-rr-fireblade-2008-11","13":"rizoma_bike-cbr-1000-rr-fireblade-2012-16","14":"rizoma_bike-cbr-600-f-1999-00","15":"rizoma_bike-cbr-600-f-2001-06","16":"rizoma_bike-cbr-600-f-sport-1","17":"rizoma_bike-cbr-600-rr-2003-04","18":"rizoma_bike-cbr-600-rr-2005-06","19":"rizoma_bike-cbr-600-rr-2007-08","20":"rizoma_bike-cbr-600-rr-2009-12","21":"rizoma_bike-cbr-600-rr-2024-26","22":"rizoma_bike-cbr-600-rr-abs-2012-16","23":"rizoma_bike-cbr-600-rr-c-abs-2009-12","24":"rizoma_bike-cbr-600-rr-ec-abs-2012-15","25":"rizoma_bike-cbr-900-rr-fireblade-2002-04","26":"rizoma_bike-hornet-600-2003-04","27":"rizoma_bike-hornet-600-2005-06","28":"rizoma_bike-hornet-600-2007-10","29":"rizoma_bike-hornet-600-2011-13","30":"rizoma_bike-hornet-600-abs-2011-13","31":"rizoma_bike-hornet-600-s-2002-04","32":"rizoma_bike-vtr-1000-sp-1-2000-01","33":"rizoma_bike-vtr-1000-sp-2-2002-06","34":"product_cat-tapones-deposito-de-gasolina","36":"first","37":"instock","38":"taxable","39":"shipping-taxable","40":"purchasable","41":"product-type-variable"},"acf":[],"_links":{"self":[{"href":"https:\/\/cycle.rizoma.com\/es\/wp-json\/wp\/v2\/product\/318314","targetHints":{"allow":["GET"]}}],"collection":[{"href":"https:\/\/cycle.rizoma.com\/es\/wp-json\/wp\/v2\/product"}],"about":[{"href":"https:\/\/cycle.rizoma.com\/es\/wp-json\/wp\/v2\/types\/product"}],"wp:featuredmedia":[{"embeddable":true,"href":"https:\/\/cycle.rizoma.com\/es\/wp-json\/wp\/v2\/media\/294442"}],"wp:attachment":[{"href":"https:\/\/cycle.rizoma.com\/es\/wp-json\/wp\/v2\/media?parent=318314"}],"wp:term":[{"taxonomy":"rizoma_assembly_time","embeddable":true,"href":"https:\/\/cycle.rizoma.com\/es\/wp-json\/wp\/v2\/rizoma_assembly_time?post=318314"},{"taxonomy":"rizoma_bike","embeddable":true,"href":"https:\/\/cycle.rizoma.com\/es\/wp-json\/wp\/v2\/rizoma_bike?post=318314"},{"taxonomy":"rizoma_division","embeddable":true,"href":"https:\/\/cycle.rizoma.com\/es\/wp-json\/wp\/v2\/rizoma_division?post=318314"},{"taxonomy":"rizoma_family","embeddable":true,"href":"https:\/\/cycle.rizoma.com\/es\/wp-json\/wp\/v2\/rizoma_family?post=318314"},{"taxonomy":"rizoma_model_category","embeddable":true,"href":"https:\/\/cycle.rizoma.com\/es\/wp-json\/wp\/v2\/rizoma_model_category?post=318314"},{"taxonomy":"rizoma_product_template","embeddable":true,"href":"https:\/\/cycle.rizoma.com\/es\/wp-json\/wp\/v2\/rizoma_product_template?post=318314"},{"taxonomy":"product_brand","embeddable":true,"href":"https:\/\/cycle.rizoma.com\/es\/wp-json\/wp\/v2\/product_brand?post=318314"},{"taxonomy":"product_cat","embeddable":true,"href":"https:\/\/cycle.rizoma.com\/es\/wp-json\/wp\/v2\/product_cat?post=318314"},{"taxonomy":"product_tag","embeddable":true,"href":"https:\/\/cycle.rizoma.com\/es\/wp-json\/wp\/v2\/product_tag?post=318314"}],"curies":[{"name":"wp","href":"https:\/\/api.w.org\/{rel}","templated":true}]}}