{"id":318484,"date":"2024-11-21T17:51:55","date_gmt":"2024-11-21T16:51:55","guid":{"rendered":"https:\/\/rwp.rizoma.com\/negozio\/embellecedor-paramanos-oem-zbw110\/"},"modified":"2025-01-14T13:09:04","modified_gmt":"2025-01-14T12:09:04","slug":"embellecedor-tornillo-paramanos-oem-zbw110","status":"publish","type":"product","link":"https:\/\/cycle.rizoma.com\/es\/negozio\/mas-para-tu-bmw\/ZBW110\/embellecedor-tornillo-paramanos-oem-zbw110\/","title":{"rendered":"Embellecedor tornillo paramanos OEM"},"content":{"rendered":"<p>Detalles sencillos pero de gran impacto est\u00e9tico: los embellecedores de tornillos paramanos, realizados en aluminio anodizado, destacan por su dise\u00f1o y colores. Rizoma confiere un estilo \u00fanico y hace de cada detalle un punto de atracci\u00f3n.<\/p>\n","protected":false},"excerpt":{"rendered":"<p>Detalles sencillos pero de gran impacto est\u00e9tico: los embellecedores de tornillos paramanos, realizados en aluminio anodizado, destacan por su dise\u00f1o y colores. Rizoma confiere un estilo \u00fanico y hace de cada detalle un punto de atracci\u00f3n.<\/p>\n","protected":false},"featured_media":313479,"template":"","meta":{"_acf_changed":false},"rizoma_assembly_time":[42664],"rizoma_bike":[41817,42096,42235,41413,41838,41971,42591,43394,42604,42605,42606,41894,41986,42607],"rizoma_division":[42653],"rizoma_family":[],"rizoma_model_category":[],"rizoma_product_template":[],"product_brand":[],"product_cat":[42783],"product_tag":[],"class_list":{"0":"post-318484","1":"product","2":"type-product","3":"status-publish","4":"has-post-thumbnail","6":"rizoma_bike-f-800-gs-adventure-2013-17","7":"rizoma_bike-f-850-gs-2018-20","8":"rizoma_bike-f-900-xr-2020-24","9":"rizoma_bike-r-1200-gs-adventure-2010-13","10":"rizoma_bike-r-1200-gs-adventure-2013-16","11":"rizoma_bike-r-1200-gs-adventure-2017-18","12":"rizoma_bike-r-1300-gs-2023-26","13":"rizoma_bike-r-1300-gs-asa-2024-26","14":"rizoma_bike-r-1300-gs-option-719-tramuntana-2023-26","15":"rizoma_bike-r-1300-gs-triple-black-2023-26","16":"rizoma_bike-r-1300-gs-trophy-2023-26","17":"rizoma_bike-s-1000-xr-2015-16","18":"rizoma_bike-s-1000-xr-2017-19","19":"rizoma_bike-s-1000-xr-2024-26","20":"product_cat-mas-para-tu-bmw","22":"first","23":"instock","24":"taxable","25":"shipping-taxable","26":"purchasable","27":"product-type-variable"},"acf":[],"_links":{"self":[{"href":"https:\/\/cycle.rizoma.com\/es\/wp-json\/wp\/v2\/product\/318484","targetHints":{"allow":["GET"]}}],"collection":[{"href":"https:\/\/cycle.rizoma.com\/es\/wp-json\/wp\/v2\/product"}],"about":[{"href":"https:\/\/cycle.rizoma.com\/es\/wp-json\/wp\/v2\/types\/product"}],"wp:featuredmedia":[{"embeddable":true,"href":"https:\/\/cycle.rizoma.com\/es\/wp-json\/wp\/v2\/media\/313479"}],"wp:attachment":[{"href":"https:\/\/cycle.rizoma.com\/es\/wp-json\/wp\/v2\/media?parent=318484"}],"wp:term":[{"taxonomy":"rizoma_assembly_time","embeddable":true,"href":"https:\/\/cycle.rizoma.com\/es\/wp-json\/wp\/v2\/rizoma_assembly_time?post=318484"},{"taxonomy":"rizoma_bike","embeddable":true,"href":"https:\/\/cycle.rizoma.com\/es\/wp-json\/wp\/v2\/rizoma_bike?post=318484"},{"taxonomy":"rizoma_division","embeddable":true,"href":"https:\/\/cycle.rizoma.com\/es\/wp-json\/wp\/v2\/rizoma_division?post=318484"},{"taxonomy":"rizoma_family","embeddable":true,"href":"https:\/\/cycle.rizoma.com\/es\/wp-json\/wp\/v2\/rizoma_family?post=318484"},{"taxonomy":"rizoma_model_category","embeddable":true,"href":"https:\/\/cycle.rizoma.com\/es\/wp-json\/wp\/v2\/rizoma_model_category?post=318484"},{"taxonomy":"rizoma_product_template","embeddable":true,"href":"https:\/\/cycle.rizoma.com\/es\/wp-json\/wp\/v2\/rizoma_product_template?post=318484"},{"taxonomy":"product_brand","embeddable":true,"href":"https:\/\/cycle.rizoma.com\/es\/wp-json\/wp\/v2\/product_brand?post=318484"},{"taxonomy":"product_cat","embeddable":true,"href":"https:\/\/cycle.rizoma.com\/es\/wp-json\/wp\/v2\/product_cat?post=318484"},{"taxonomy":"product_tag","embeddable":true,"href":"https:\/\/cycle.rizoma.com\/es\/wp-json\/wp\/v2\/product_tag?post=318484"}],"curies":[{"name":"wp","href":"https:\/\/api.w.org\/{rel}","templated":true}]}}