{"id":318584,"date":"2024-11-21T17:54:14","date_gmt":"2024-11-21T16:54:14","guid":{"rendered":"https:\/\/rwp.rizoma.com\/negozio\/carter-embrague-zdm181\/"},"modified":"2025-10-20T14:48:23","modified_gmt":"2025-10-20T12:48:23","slug":"carter-embrague-zdm181","status":"publish","type":"product","link":"https:\/\/cycle.rizoma.com\/es\/negozio\/mas-para-tu-ducati\/ZDM181\/carter-embrague-zdm181\/","title":{"rendered":"C\u00e1rter embrague"},"content":{"rendered":"<p>Una obra maestra del dise\u00f1o, capaz de expresar excelentemente la visi\u00f3n de belleza de Rizoma, una combinaci\u00f3n perfecta entre forma, funci\u00f3n y m\u00e1xima expresi\u00f3n de la mecanizaci\u00f3n, a partir de un bloque macizo de aluminio. <\/p>\n<p>La cubierta exterior bordless cuenta con una ventana Lexan transparente de alta tecnolog\u00eda, lo que permite a los entusiastas mostrar y admirar la singularidad y la belleza del conjunto del embrague en movimiento.<\/p>\n<p>Los componentes internos han sido desarrollados para garantizar la excelencia est\u00e9tica y t\u00e9cnica.<\/p>\n<p>El sistema de ventilaci\u00f3n del embrague, de hecho, que consta de un plato de presi\u00f3n y un anillo de presi\u00f3n de aluminio, han sido especialmente dise\u00f1ados para optimizar la circulaci\u00f3n del aceite dentro del cover.<br \/>Adem\u00e1s, el sistema se caracteriza por llevar tornillos de fijaci\u00f3n de titanio, elegidos por Rizoma para minimizar las masas en movimiento y aumentar la resistencia mec\u00e1nica.<\/p>\n<p>Para una mejor experiencia de compra y montaje, la tapa del embrague se vende completa con todos los componentes necesarios para un reemplazo plug &#038; play del sistema original, incluido el rodamiento preensamblado en el plato de presi\u00f3n.<\/p>\n<p>Rizoma proporciona la tapa del embrague para m\u00e1s de 30 modelos DUCATI (ZDM179 para los modelos con motor V2 y ZDM181 para los modelos con motor V4) y los usuarios pueden elegir entre tres opciones de anodizado diferentes para una experiencia de personalizaci\u00f3n premium.<\/p>\n","protected":false},"excerpt":{"rendered":"<p>Una obra maestra del dise\u00f1o, capaz de expresar excelentemente la visi\u00f3n de belleza de Rizoma, una combinaci\u00f3n perfecta entre forma, funci\u00f3n y m\u00e1xima expresi\u00f3n de la mecanizaci\u00f3n, a partir de un bloque macizo de aluminio. La cubierta exterior bordless cuenta con una ventana Lexan transparente de alta tecnolog\u00eda, lo que permite a los entusiastas mostrar [&hellip;]<\/p>\n","protected":false},"featured_media":303961,"template":"","meta":{"_acf_changed":false},"rizoma_assembly_time":[42691],"rizoma_bike":[42432,43699,42101,42215,42425,42433,43700,42093,42216,42426,42162,43704,43705,42102,42527,43755,42523,43756],"rizoma_division":[42653],"rizoma_family":[],"rizoma_model_category":[],"rizoma_product_template":[],"product_brand":[],"product_cat":[42814],"product_tag":[],"class_list":{"0":"post-318584","1":"product","2":"type-product","3":"status-publish","4":"has-post-thumbnail","6":"rizoma_bike-panigale-v4-2022-24","7":"rizoma_bike-panigale-v4-2025-26","8":"rizoma_bike-panigale-v4-1100-2018-19","9":"rizoma_bike-panigale-v4-1100-2020","10":"rizoma_bike-panigale-v4-1100-2021","11":"rizoma_bike-panigale-v4-s-2022-24","12":"rizoma_bike-panigale-v4-s-2025-26","13":"rizoma_bike-panigale-v4-s-1100-2018-19","14":"rizoma_bike-panigale-v4-s-1100-2020","15":"rizoma_bike-panigale-v4-s-1100-2021","16":"rizoma_bike-panigale-v4-s-1100-corse-2019","17":"rizoma_bike-panigale-v4-s-carbon-2025-26","18":"rizoma_bike-panigale-v4-s-carbon-pro-2025-26","19":"rizoma_bike-panigale-v4-speciale-1100-2018-19","20":"rizoma_bike-streetfighter-v4-2023-24","21":"rizoma_bike-streetfighter-v4-2025-26","22":"rizoma_bike-streetfighter-v4-s-2023-24","23":"rizoma_bike-streetfighter-v4-s-2025-26","24":"product_cat-mas-para-tu-ducati","26":"first","27":"instock","28":"taxable","29":"shipping-taxable","30":"purchasable","31":"product-type-variable"},"acf":[],"_links":{"self":[{"href":"https:\/\/cycle.rizoma.com\/es\/wp-json\/wp\/v2\/product\/318584","targetHints":{"allow":["GET"]}}],"collection":[{"href":"https:\/\/cycle.rizoma.com\/es\/wp-json\/wp\/v2\/product"}],"about":[{"href":"https:\/\/cycle.rizoma.com\/es\/wp-json\/wp\/v2\/types\/product"}],"wp:featuredmedia":[{"embeddable":true,"href":"https:\/\/cycle.rizoma.com\/es\/wp-json\/wp\/v2\/media\/303961"}],"wp:attachment":[{"href":"https:\/\/cycle.rizoma.com\/es\/wp-json\/wp\/v2\/media?parent=318584"}],"wp:term":[{"taxonomy":"rizoma_assembly_time","embeddable":true,"href":"https:\/\/cycle.rizoma.com\/es\/wp-json\/wp\/v2\/rizoma_assembly_time?post=318584"},{"taxonomy":"rizoma_bike","embeddable":true,"href":"https:\/\/cycle.rizoma.com\/es\/wp-json\/wp\/v2\/rizoma_bike?post=318584"},{"taxonomy":"rizoma_division","embeddable":true,"href":"https:\/\/cycle.rizoma.com\/es\/wp-json\/wp\/v2\/rizoma_division?post=318584"},{"taxonomy":"rizoma_family","embeddable":true,"href":"https:\/\/cycle.rizoma.com\/es\/wp-json\/wp\/v2\/rizoma_family?post=318584"},{"taxonomy":"rizoma_model_category","embeddable":true,"href":"https:\/\/cycle.rizoma.com\/es\/wp-json\/wp\/v2\/rizoma_model_category?post=318584"},{"taxonomy":"rizoma_product_template","embeddable":true,"href":"https:\/\/cycle.rizoma.com\/es\/wp-json\/wp\/v2\/rizoma_product_template?post=318584"},{"taxonomy":"product_brand","embeddable":true,"href":"https:\/\/cycle.rizoma.com\/es\/wp-json\/wp\/v2\/product_brand?post=318584"},{"taxonomy":"product_cat","embeddable":true,"href":"https:\/\/cycle.rizoma.com\/es\/wp-json\/wp\/v2\/product_cat?post=318584"},{"taxonomy":"product_tag","embeddable":true,"href":"https:\/\/cycle.rizoma.com\/es\/wp-json\/wp\/v2\/product_tag?post=318584"}],"curies":[{"name":"wp","href":"https:\/\/api.w.org\/{rel}","templated":true}]}}