{"id":324428,"date":"2024-11-22T11:50:05","date_gmt":"2024-11-22T10:50:05","guid":{"rendered":"https:\/\/rwp.rizoma.com\/negozio\/estriberas-para-pasajero-pe740\/"},"modified":"2025-01-14T12:25:40","modified_gmt":"2025-01-14T11:25:40","slug":"estriberas-para-pasajero-pe740","status":"publish","type":"product","link":"https:\/\/cycle.rizoma.com\/es\/negozio\/kit-estriberas\/PE740\/estriberas-para-pasajero-pe740\/motorbike\/18374\/yamaha\/mt-07\/","title":{"rendered":"Estriberas para pasajero"},"content":{"rendered":"<p>Las estriberas de pasajero est\u00e1n fabricadas en aluminio mecanizado, y se fijan al chasis por medio de soportes ocultos con cubiertas de tecnopol\u00edmero ABS, que permiten cerrarlas cuando no est\u00e1n en uso. El dise\u00f1o se caracteriza por aberturas en la parte superior y lateral para dar ligereza y un doble acabado para resaltar la zona de mayor agarre.<br \/>Dotatadas de Certificacion  T\u00dcV.<\/p>\n","protected":false},"excerpt":{"rendered":"<p>Las estriberas de pasajero est\u00e1n fabricadas en aluminio mecanizado, y se fijan al chasis por medio de soportes ocultos con cubiertas de tecnopol\u00edmero ABS, que permiten cerrarlas cuando no est\u00e1n en uso. El dise\u00f1o se caracteriza por aberturas en la parte superior y lateral para dar ligereza y un doble acabado para resaltar la zona [&hellip;]<\/p>\n","protected":false},"featured_media":301962,"template":"","meta":{"_acf_changed":false},"rizoma_assembly_time":[42742],"rizoma_bike":[42558,42557,42556,43430,43427,43744,43429,42561,42560,42559,42636,44397,44437,42567,42566],"rizoma_division":[42653],"rizoma_family":[],"rizoma_model_category":[],"rizoma_product_template":[],"product_brand":[],"product_cat":[43006],"product_tag":[],"class_list":{"0":"post-324428","1":"product","2":"type-product","3":"status-publish","4":"has-post-thumbnail","6":"rizoma_bike-gts-2015-2017","7":"rizoma_bike-gts-2018-2022","8":"rizoma_bike-gts-2023-2025","9":"rizoma_bike-gts-310-2025","10":"rizoma_bike-gts-310-super-2025","11":"rizoma_bike-gts-310-super-tech-2025","12":"rizoma_bike-gts-310-supersport-2025","13":"rizoma_bike-gts-super-2015-2017","14":"rizoma_bike-gts-super-2018-2022","15":"rizoma_bike-gts-super-2023-2025","16":"rizoma_bike-gtv-2023-2024","17":"rizoma_bike-gtv-310-2025-2026","18":"rizoma_bike-gtv-310-officina-8-2026","19":"rizoma_bike-sei-giorni-2016-2017","20":"rizoma_bike-sei-giorni-2018-2022","21":"product_cat-kit-estriberas","23":"first","24":"instock","25":"taxable","26":"shipping-taxable","27":"purchasable","28":"product-type-variable"},"acf":[],"_links":{"self":[{"href":"https:\/\/cycle.rizoma.com\/es\/wp-json\/wp\/v2\/product\/324428","targetHints":{"allow":["GET"]}}],"collection":[{"href":"https:\/\/cycle.rizoma.com\/es\/wp-json\/wp\/v2\/product"}],"about":[{"href":"https:\/\/cycle.rizoma.com\/es\/wp-json\/wp\/v2\/types\/product"}],"wp:featuredmedia":[{"embeddable":true,"href":"https:\/\/cycle.rizoma.com\/es\/wp-json\/wp\/v2\/media\/301962"}],"wp:attachment":[{"href":"https:\/\/cycle.rizoma.com\/es\/wp-json\/wp\/v2\/media?parent=324428"}],"wp:term":[{"taxonomy":"rizoma_assembly_time","embeddable":true,"href":"https:\/\/cycle.rizoma.com\/es\/wp-json\/wp\/v2\/rizoma_assembly_time?post=324428"},{"taxonomy":"rizoma_bike","embeddable":true,"href":"https:\/\/cycle.rizoma.com\/es\/wp-json\/wp\/v2\/rizoma_bike?post=324428"},{"taxonomy":"rizoma_division","embeddable":true,"href":"https:\/\/cycle.rizoma.com\/es\/wp-json\/wp\/v2\/rizoma_division?post=324428"},{"taxonomy":"rizoma_family","embeddable":true,"href":"https:\/\/cycle.rizoma.com\/es\/wp-json\/wp\/v2\/rizoma_family?post=324428"},{"taxonomy":"rizoma_model_category","embeddable":true,"href":"https:\/\/cycle.rizoma.com\/es\/wp-json\/wp\/v2\/rizoma_model_category?post=324428"},{"taxonomy":"rizoma_product_template","embeddable":true,"href":"https:\/\/cycle.rizoma.com\/es\/wp-json\/wp\/v2\/rizoma_product_template?post=324428"},{"taxonomy":"product_brand","embeddable":true,"href":"https:\/\/cycle.rizoma.com\/es\/wp-json\/wp\/v2\/product_brand?post=324428"},{"taxonomy":"product_cat","embeddable":true,"href":"https:\/\/cycle.rizoma.com\/es\/wp-json\/wp\/v2\/product_cat?post=324428"},{"taxonomy":"product_tag","embeddable":true,"href":"https:\/\/cycle.rizoma.com\/es\/wp-json\/wp\/v2\/product_tag?post=324428"}],"curies":[{"name":"wp","href":"https:\/\/api.w.org\/{rel}","templated":true}]}}