{"id":326928,"date":"2025-01-17T15:01:56","date_gmt":"2025-01-17T14:01:56","guid":{"rendered":"https:\/\/www.rizoma.com\/negozio\/kit-de-montaje-direct-mount-bs852\/"},"modified":"2025-05-21T13:28:01","modified_gmt":"2025-05-21T11:28:01","slug":"kit-de-montaje-direct-mount-bs852","status":"publish","type":"product","link":"https:\/\/cycle.rizoma.com\/es\/negozio\/espejos-retrovisores\/BS852\/kit-de-montaje-direct-mount-bs852\/","title":{"rendered":"Kit de montaje Direct Mount"},"content":{"rendered":"<p>Cada adaptador espec\u00edfico de espejo est\u00e1 expresamente realizado para el modelo de moto correspondiente, con el fin de garantizar la mejor fijaci\u00f3n al manillar. En armon\u00eda con las l\u00edneas de los espejos, en acero torneado, el adaptador garantiza la continuidad del dise\u00f1o, combinando funcionalidad y confort sin olvidar el aspecto est\u00e9tico.<\/p>\n","protected":false},"excerpt":{"rendered":"<p>Cada adaptador espec\u00edfico de espejo est\u00e1 expresamente realizado para el modelo de moto correspondiente, con el fin de garantizar la mejor fijaci\u00f3n al manillar. En armon\u00eda con las l\u00edneas de los espejos, en acero torneado, el adaptador garantiza la continuidad del dise\u00f1o, combinando funcionalidad y confort sin olvidar el aspecto est\u00e9tico.<\/p>\n","protected":false},"featured_media":326901,"template":"","meta":{"_acf_changed":false},"rizoma_assembly_time":[42664],"rizoma_bike":[42094,42199,43690,42399,42479,42351,42474,42377,42240,42352,42469,41925,42030,41926,41957,42097,42098,42187,42175,42188,42176,42031,41966,41927,42185,42032,42186,42050,42203,42511,42620,42205,42513,42623,42206,42514,42624,42438,42439,42627,42276,42440,42277,42278,42441,42628,42279,42204,42512,42270,42404,42271,42405,42621,42622,42272,42406,42273,42407,42274,42408,42275,42409,42347,42348,41938,42398,42442,42637,42592,41525,41750,41759,42300,43871,42506,42590,42507,42508,42509,42414,42415,42416,42136,42293,42137,42294,41576,41578,41581,42636,44397,44437,41517,41518,41519,41520,41521,41522,41523,42608,42609,41804,41805,41951,41952,42154,42392,42280,42393,42163,42394,41795,42057,41763,41458,41819,41459,41460,41461,41462,41841,41842,41896,41463,41464,41465,41466,41467,41468,41469,41470,41471,41472,41473,41475,41474,41476,41477,41843,42061,41479,41480,41478,41481,41482,41485,41486,41487,41488,41489,41490,41491,41492,41493,41494,41495,41496,41498,41497,41499,41500,41501,41502,41503,41504,41882,41815,41505,41582,41583,41946,42140,42207,42420,44425,41852,41974,42108,42450,42304,43741,41853,41901,42542,43742,41821,41991,42263,42321,42451,42610,41831,41960,42107,42322,42452,42611,41873,41872,41854,41855,41969,42640,42053,42470,41947,41992,42471,42058,41421,41422,41506,41507,41772,42089,42292,42281,42249,42090,42091,42427,41944,41876,42054,42005,42325,42388,41943,41877,42055,42520,42646,41878,42056,42198,42326,42521,42217,42428,42647,42066,42109,41879,42429,42164,42379,42525,43685,42570,42571,43686,42282,42380,42526,42472,42589,42529,44438,42530,42332,44439,44440,44441,41967,42135,42531,44408,42334,42532,44409,44411,42533,44412,42103,43994,41977,42095,42555,42584,42585,42586,43876,42042,41773,42020,41584,41917,42331,42456,41928,41963,44368,42158,42387,42468,42457,42262,42022,41948,41964,41825,41830,41832,41887,41962,41826,41973],"rizoma_division":[42653],"rizoma_family":[42669],"rizoma_model_category":[],"rizoma_product_template":[],"product_brand":[],"product_cat":[43943],"product_tag":[],"class_list":{"0":"post-326928","1":"product","2":"type-product","3":"status-publish","4":"has-post-thumbnail","6":"rizoma_bike-790-duke-2018-20","7":"rizoma_bike-790-duke-2019","8":"rizoma_bike-790-duke-2025-26","9":"rizoma_bike-790-duke-l-2019-20","10":"rizoma_bike-790-duke-l-2023-24","11":"rizoma_bike-890-duke-2021-23","12":"rizoma_bike-890-duke-gp-2022-23","13":"rizoma_bike-890-duke-l-2021","14":"rizoma_bike-890-duke-r-2020","15":"rizoma_bike-890-duke-r-2021","16":"rizoma_bike-890-duke-r-2022-23","17":"rizoma_bike-africa-twin-crf-1000l-2016-17","18":"rizoma_bike-africa-twin-crf-1000l-2018-19","19":"rizoma_bike-africa-twin-crf-1000l-abs-2016-17","20":"rizoma_bike-africa-twin-crf-1000l-abs-travel-edition-2016-17","21":"rizoma_bike-africa-twin-crf-1000l-adventure-sports-2018-19","22":"rizoma_bike-africa-twin-crf-1000l-adventure-sports-dct-2018-19","23":"rizoma_bike-africa-twin-crf-1000l-adventure-sports-dct-desert-track-2019","24":"rizoma_bike-africa-twin-crf-1000l-adventure-sports-dct-travel-edition-2019","25":"rizoma_bike-africa-twin-crf-1000l-adventure-sports-desert-track-2019","26":"rizoma_bike-africa-twin-crf-1000l-adventure-sports-travel-edition-2019","27":"rizoma_bike-africa-twin-crf-1000l-dct-2018-19","28":"rizoma_bike-africa-twin-crf-1000l-dct-abs-2016-17","29":"rizoma_bike-africa-twin-crf-1000l-dct-abs-travel-edition-2016-17","30":"rizoma_bike-africa-twin-crf-1000l-dct-desert-track-2019-20","31":"rizoma_bike-africa-twin-crf-1000l-dct-travel-edition-2018-19","32":"rizoma_bike-africa-twin-crf-1000l-desert-track-2019-20","33":"rizoma_bike-africa-twin-crf-1000l-travel-edition-2018-19","34":"rizoma_bike-africa-twin-crf-1100l-2020-21","35":"rizoma_bike-africa-twin-crf-1100l-2022-23","36":"rizoma_bike-africa-twin-crf-1100l-2024-26","37":"rizoma_bike-africa-twin-crf-1100l-adventure-sports-2020-21","38":"rizoma_bike-africa-twin-crf-1100l-adventure-sports-2022-23","39":"rizoma_bike-africa-twin-crf-1100l-adventure-sports-2024-26","40":"rizoma_bike-africa-twin-crf-1100l-adventure-sports-dct-2020-21","41":"rizoma_bike-africa-twin-crf-1100l-adventure-sports-dct-2022-23","42":"rizoma_bike-africa-twin-crf-1100l-adventure-sports-dct-2024-26","43":"rizoma_bike-africa-twin-crf-1100l-adventure-sports-dct-desert-track-2022-23","44":"rizoma_bike-africa-twin-crf-1100l-adventure-sports-dct-travel-edition-2022-23","45":"rizoma_bike-africa-twin-crf-1100l-adventure-sports-dct-travel-edition-2024-26","46":"rizoma_bike-africa-twin-crf-1100l-adventure-sports-desert-track-2020-21","47":"rizoma_bike-africa-twin-crf-1100l-adventure-sports-desert-track-2022-23","48":"rizoma_bike-africa-twin-crf-1100l-adventure-sports-desert-track-dct-2020-21","49":"rizoma_bike-africa-twin-crf-1100l-adventure-sports-travel-edition-2020-21","50":"rizoma_bike-africa-twin-crf-1100l-adventure-sports-travel-edition-2022-23","51":"rizoma_bike-africa-twin-crf-1100l-adventure-sports-travel-edition-2024-26","52":"rizoma_bike-africa-twin-crf-1100l-adventure-sports-travel-edition-dct-2020-21","53":"rizoma_bike-africa-twin-crf-1100l-dct-2020-21","54":"rizoma_bike-africa-twin-crf-1100l-dct-2022-23","55":"rizoma_bike-africa-twin-crf-1100l-desert-track-2020-21","56":"rizoma_bike-africa-twin-crf-1100l-desert-track-2022-23","57":"rizoma_bike-africa-twin-crf-1100l-desert-track-dct-2020-21","58":"rizoma_bike-africa-twin-crf-1100l-desert-track-dct-2022-23","59":"rizoma_bike-africa-twin-crf-1100l-es-2024-26","60":"rizoma_bike-africa-twin-crf-1100l-es-dct-2024-26","61":"rizoma_bike-africa-twin-crf-1100l-travel-edition-2020-21","62":"rizoma_bike-africa-twin-crf-1100l-travel-edition-2022-23","63":"rizoma_bike-africa-twin-crf-1100l-travel-edition-dct-2020-21","64":"rizoma_bike-africa-twin-crf-1100l-travel-edition-dct-2022-23","65":"rizoma_bike-africa-twin-crf-1100l-urban-2020-21","66":"rizoma_bike-africa-twin-crf-1100l-urban-2022-23","67":"rizoma_bike-africa-twin-crf-1100l-urban-dct-2020-21","68":"rizoma_bike-africa-twin-crf-1100l-urban-dct-2022-23","69":"rizoma_bike-cb-1000-r-2021-22","70":"rizoma_bike-cb-1000-r-black-edition-2021-22","71":"rizoma_bike-cb-500-f-abs-2016","72":"rizoma_bike-ce-04-2021-25","73":"rizoma_bike-desertx-2022-25","74":"rizoma_bike-desertx-discovery-2025","75":"rizoma_bike-desertx-rally-2024-25","76":"rizoma_bike-er-6n-2005-08","77":"rizoma_bike-er-6n-2009-11","78":"rizoma_bike-er-6n-abs-2012-16","79":"rizoma_bike-forza-750-2021-22","80":"rizoma_bike-forza-750-2025-26","81":"rizoma_bike-forza-750-dct-2021-24","82":"rizoma_bike-forza-750-dct-special-edition-2024","83":"rizoma_bike-forza-750-dct-style-2021-24","84":"rizoma_bike-forza-750-dct-travel-2021-24","85":"rizoma_bike-forza-750-dct-urban-2021-24","86":"rizoma_bike-forza-750-style-2021-22","87":"rizoma_bike-forza-750-travel-2021-22","88":"rizoma_bike-forza-750-urban-2021-22","89":"rizoma_bike-ftr-1200-2019-20","90":"rizoma_bike-ftr-1200-2021-25","91":"rizoma_bike-ftr-1200-s-2019-20","92":"rizoma_bike-ftr-1200-s-2021-22","93":"rizoma_bike-fz1-2006-16","94":"rizoma_bike-fz6-2004-07","95":"rizoma_bike-fz8-2010-12","96":"rizoma_bike-gtv-2023-2024","97":"rizoma_bike-gtv-310-2025-2026","98":"rizoma_bike-gtv-310-officina-8-2026","99":"rizoma_bike-hornet-600-2000-02","100":"rizoma_bike-hornet-600-2003-04","101":"rizoma_bike-hornet-600-2005-06","102":"rizoma_bike-hornet-600-2007-10","103":"rizoma_bike-hornet-600-2011-13","104":"rizoma_bike-hornet-600-abs-2011-13","105":"rizoma_bike-hornet-900-1","106":"rizoma_bike-hypermotard-698-mono-2024-26","107":"rizoma_bike-hypermotard-698-mono-rve-2024-26","108":"rizoma_bike-hypermotard-821-2013-15","109":"rizoma_bike-hypermotard-821-sp-2013-15","110":"rizoma_bike-hypermotard-939-2016-18","111":"rizoma_bike-hypermotard-939-sp-2016-18","112":"rizoma_bike-hypermotard-950-2019-20","113":"rizoma_bike-hypermotard-950-2022-25","114":"rizoma_bike-hypermotard-950-rve-2020","115":"rizoma_bike-hypermotard-950-rve-2022-25","116":"rizoma_bike-hypermotard-950-sp-2019-20","117":"rizoma_bike-hypermotard-950-sp-2022-25","118":"rizoma_bike-hyperstrada-821-2013-15","119":"rizoma_bike-hyperstrada-939-2016-18","120":"rizoma_bike-integra-700-2011-13","121":"rizoma_bike-monster-1000-dark-2003-05","122":"rizoma_bike-monster-1000-ds-2003-05","123":"rizoma_bike-monster-1000-s-2003-05","124":"rizoma_bike-monster-1100-2009-10","125":"rizoma_bike-monster-1100-evo-2011-12","126":"rizoma_bike-monster-1100-s-2009-10","127":"rizoma_bike-monster-1200-2014-16","128":"rizoma_bike-monster-1200-s-2014-16","129":"rizoma_bike-monster-1200-s-stripe-2014-15","130":"rizoma_bike-monster-400-2000-02","131":"rizoma_bike-monster-600-1994-02","132":"rizoma_bike-monster-600-city-1998-02","133":"rizoma_bike-monster-600-city-dark-1998-02","134":"rizoma_bike-monster-600-dark-1998-01","135":"rizoma_bike-monster-600-dark-2002","136":"rizoma_bike-monster-620-2003-06","137":"rizoma_bike-monster-620-dark-2003-06","138":"rizoma_bike-monster-620-dark-sd-2003-05","139":"rizoma_bike-monster-620-i-e-2002","140":"rizoma_bike-monster-620-i-e-dark-2002","141":"rizoma_bike-monster-620-s-2003","142":"rizoma_bike-monster-620-s-i-e-2002","143":"rizoma_bike-monster-695-2006-08","144":"rizoma_bike-monster-696-2008-13","145":"rizoma_bike-monster-696-abs-2009-14","146":"rizoma_bike-monster-696-plus-2007-14","147":"rizoma_bike-monster-750-1996-02","148":"rizoma_bike-monster-750-city-1998-02","149":"rizoma_bike-monster-750-city-dark-1999-02","150":"rizoma_bike-monster-750-dark-1999-02","151":"rizoma_bike-monster-750-i-e-2002","152":"rizoma_bike-monster-900-1993-96","153":"rizoma_bike-monster-900-1997-98","154":"rizoma_bike-monster-900-city-1998-02","155":"rizoma_bike-monster-900-city-dark-1999-02","156":"rizoma_bike-monster-900-city-dark-i-e-1999-02","157":"rizoma_bike-monster-900-city-i-e-1999-02","158":"rizoma_bike-monster-900-cromo-i-e-1999-02","159":"rizoma_bike-monster-900-dark-1999-02","160":"rizoma_bike-monster-900-dark-i-e-1999-02","161":"rizoma_bike-monster-900-i-e-1999-02","162":"rizoma_bike-monster-900-i-e-2002","163":"rizoma_bike-monster-900-s-1998-01","164":"rizoma_bike-monster-900-s4-2001-02","165":"rizoma_bike-monster-900-special-i-e-1999-02","166":"rizoma_bike-monster-s2-r-2004-07","167":"rizoma_bike-monster-s2-r-dark-2004-06","168":"rizoma_bike-monster-s2r-1000-1","169":"rizoma_bike-monster-s4-2001-03","170":"rizoma_bike-monster-s4-fogarty-2002","171":"rizoma_bike-monster-s4r-2003-05","172":"rizoma_bike-monster-s4r-2006-08","173":"rizoma_bike-monster-s4r-testastretta","174":"rizoma_bike-monster-s4rs-testastretta-1","175":"rizoma_bike-mt-01-2005-11","176":"rizoma_bike-mt-01-sp-2009-11","177":"rizoma_bike-mt-03-2016-17","178":"rizoma_bike-mt-03-2018-19","179":"rizoma_bike-mt-03-2020","180":"rizoma_bike-mt-03-2022-24","181":"rizoma_bike-mt-03-2025-26","182":"rizoma_bike-mt-07-2014-16","183":"rizoma_bike-mt-07-2017-18","184":"rizoma_bike-mt-07-2018-20","185":"rizoma_bike-mt-07-2021-24","186":"rizoma_bike-mt-07-2021","187":"rizoma_bike-mt-07-2025-26","188":"rizoma_bike-mt-07-abs-2014-16","189":"rizoma_bike-mt-07-moto-cage-2015-17","190":"rizoma_bike-mt-07-pure-2023-25","191":"rizoma_bike-mt-07-y-amt-2025-26","192":"rizoma_bike-mt-09-2013-15","193":"rizoma_bike-mt-09-2017-20","194":"rizoma_bike-mt-09-2020","195":"rizoma_bike-mt-09-2021","196":"rizoma_bike-mt-09-2022-23","197":"rizoma_bike-mt-09-2024-26","198":"rizoma_bike-mt-09-abs-2013-15","199":"rizoma_bike-mt-09-abs-2016","200":"rizoma_bike-mt-09-sp-2018-20","201":"rizoma_bike-mt-09-sp-2021","202":"rizoma_bike-mt-09-sp-2022-23","203":"rizoma_bike-mt-09-sp-2024-26","204":"rizoma_bike-mt-09-sport-tracker-2014-16","205":"rizoma_bike-mt-09-sport-tracker-abs-2014-16","206":"rizoma_bike-mt-09-street-rally-2014-16","207":"rizoma_bike-mt-09-street-rally-abs-2014-16","208":"rizoma_bike-mt-09-tracer-abs-2015-16","209":"rizoma_bike-mt-09-y-amt-2024-26","210":"rizoma_bike-mt-10-2017-20","211":"rizoma_bike-mt-10-2022-26","212":"rizoma_bike-mt-10-abs-2016-17","213":"rizoma_bike-mt-10-sp-2017-20","214":"rizoma_bike-mt-10-sp-2022-25","215":"rizoma_bike-mt-10-tourer-edition-2017-20","216":"rizoma_bike-multistrada-1000-ds-2003-06","217":"rizoma_bike-multistrada-1000-s-ds-2003-06","218":"rizoma_bike-multistrada-1100-2006-09","219":"rizoma_bike-multistrada-1100-s-2006-09","220":"rizoma_bike-nc700x-abs-2012-13","221":"rizoma_bike-scrambler-1100-2018-20","222":"rizoma_bike-scrambler-1100-dark-pro-2020-24","223":"rizoma_bike-scrambler-1100-ducati-club-italia-2020","224":"rizoma_bike-scrambler-1100-pro-2020-22","225":"rizoma_bike-scrambler-1100-special-2018-20","226":"rizoma_bike-scrambler-1100-sport-2018-20","227":"rizoma_bike-scrambler-1100-tribute-pro-2022-24","228":"rizoma_bike-scrambler-400-sixty-2-2016-21","229":"rizoma_bike-scrambler-800-classic-2015-16","230":"rizoma_bike-scrambler-800-classic-2017-18","231":"rizoma_bike-scrambler-800-desert-sled-2017-20","232":"rizoma_bike-scrambler-800-desert-sled-2021-22","233":"rizoma_bike-scrambler-800-desert-sled-fasthouse-2021-22","234":"rizoma_bike-scrambler-800-flat-track-pro-2016-17","235":"rizoma_bike-scrambler-800-full-throttle-2015-16","236":"rizoma_bike-scrambler-800-full-throttle-2017-21","237":"rizoma_bike-scrambler-800-full-throttle-2023-24","238":"rizoma_bike-scrambler-800-full-throttle-2025-26","239":"rizoma_bike-scrambler-800-icon-2015-16","240":"rizoma_bike-scrambler-800-icon-2017-20","241":"rizoma_bike-scrambler-800-icon-2019-20","242":"rizoma_bike-scrambler-800-icon-2021-22","243":"rizoma_bike-scrambler-800-icon-2023-24","244":"rizoma_bike-scrambler-800-icon-dark-2020","245":"rizoma_bike-scrambler-800-icon-dark-2021-22","246":"rizoma_bike-scrambler-800-icon-dark-2025-26","247":"rizoma_bike-scrambler-800-mach-2-0-2017-19","248":"rizoma_bike-scrambler-800-street-classic-2017-18","249":"rizoma_bike-scrambler-800-urban-enduro-2015-16","250":"rizoma_bike-scrambler-800-urban-motard-2022","251":"rizoma_bike-tenere-700-2019-20","252":"rizoma_bike-tenere-700-2021","253":"rizoma_bike-tenere-700-2022-24","254":"rizoma_bike-tenere-700-2025-26","255":"rizoma_bike-tenere-700-explore-edition-2023-25","256":"rizoma_bike-tenere-700-extreme-edition-2023-25","257":"rizoma_bike-tenere-700-rally-2025-26","258":"rizoma_bike-tenere-700-rally-edition-2020","259":"rizoma_bike-tenere-700-rally-edition-2021","260":"rizoma_bike-tenere-700-rally-edition-2022-24","261":"rizoma_bike-tenere-700-world-raid-2022-25","262":"rizoma_bike-tenere-700-world-rally-2023-25","263":"rizoma_bike-tracer-7-2021-24","264":"rizoma_bike-tracer-7-2025-26","265":"rizoma_bike-tracer-7-gt-2021-24","266":"rizoma_bike-tracer-7-gt-2021","267":"rizoma_bike-tracer-7-gt-2025-26","268":"rizoma_bike-tracer-7-gt-y-amt-2026","269":"rizoma_bike-tracer-7-y-amt-2026","270":"rizoma_bike-tracer-700-2016-20","271":"rizoma_bike-tracer-700-gt-2019-20","272":"rizoma_bike-tracer-9-2021-24","273":"rizoma_bike-tracer-9-2025-26","274":"rizoma_bike-tracer-9-gt-2021-22","275":"rizoma_bike-tracer-9-gt-2021-24","276":"rizoma_bike-tracer-9-gt-2025-26","277":"rizoma_bike-tracer-9-gt-y-amt-2025-26","278":"rizoma_bike-tracer-9-gt-2023-24","279":"rizoma_bike-tracer-9-y-amt-2025-26","280":"rizoma_bike-tracer-900-2018-20","281":"rizoma_bike-tracer-900-abs-2015-16","282":"rizoma_bike-tracer-900-abs-2017-18","283":"rizoma_bike-tracer-900-gt-2018-20","284":"rizoma_bike-transalp-xl750-2023-24","285":"rizoma_bike-transalp-xl750-easy-travel-2023-24","286":"rizoma_bike-transalp-xl750-travel-edition-2023-24","287":"rizoma_bike-transalp-xl750-urban-2023-24","288":"rizoma_bike-tuono-457-2025-26","289":"rizoma_bike-versys-1000-2017-18","290":"rizoma_bike-versys-1000-abs-2011-14","291":"rizoma_bike-versys-x-300-2017-20","292":"rizoma_bike-xj6-2008-15","293":"rizoma_bike-xjr-1300-2015-17","294":"rizoma_bike-xsr-700-2021","295":"rizoma_bike-xsr-700-2022-26","296":"rizoma_bike-xsr-700-abs-2016-20","297":"rizoma_bike-xsr-700-abs-60th-anniversary-2016-18","298":"rizoma_bike-xsr-700-legacy-2023-26","299":"rizoma_bike-xsr-700-xtribute-2019-20","300":"rizoma_bike-xsr-700-xtribute-2021","301":"rizoma_bike-xsr-700-xtribute-2022-24","302":"rizoma_bike-xsr-900-2022-24","303":"rizoma_bike-xsr-900-80-black-2020","304":"rizoma_bike-xsr-900-abarth-2017-18","305":"rizoma_bike-xsr-900-abs-2016-20","306":"rizoma_bike-xsr-900-abs-60th-anniversary-2016-18","307":"rizoma_bike-xv-950-2014-16","308":"rizoma_bike-xv-950-abs","309":"rizoma_bike-xv-950-abs-2014-17","310":"rizoma_bike-xv-950-abs-racer-2015-18","311":"rizoma_bike-xv-950-abs-racer-60th-anniversary-2015-17","312":"rizoma_bike-xv-950-r-abs-2014-16","313":"rizoma_bike-xv-950-r-abs-2017-20","314":"product_cat-espejos-retrovisores","316":"first","317":"instock","318":"taxable","319":"shipping-taxable","320":"purchasable","321":"product-type-variable"},"acf":[],"_links":{"self":[{"href":"https:\/\/cycle.rizoma.com\/es\/wp-json\/wp\/v2\/product\/326928","targetHints":{"allow":["GET"]}}],"collection":[{"href":"https:\/\/cycle.rizoma.com\/es\/wp-json\/wp\/v2\/product"}],"about":[{"href":"https:\/\/cycle.rizoma.com\/es\/wp-json\/wp\/v2\/types\/product"}],"wp:featuredmedia":[{"embeddable":true,"href":"https:\/\/cycle.rizoma.com\/es\/wp-json\/wp\/v2\/media\/326901"}],"wp:attachment":[{"href":"https:\/\/cycle.rizoma.com\/es\/wp-json\/wp\/v2\/media?parent=326928"}],"wp:term":[{"taxonomy":"rizoma_assembly_time","embeddable":true,"href":"https:\/\/cycle.rizoma.com\/es\/wp-json\/wp\/v2\/rizoma_assembly_time?post=326928"},{"taxonomy":"rizoma_bike","embeddable":true,"href":"https:\/\/cycle.rizoma.com\/es\/wp-json\/wp\/v2\/rizoma_bike?post=326928"},{"taxonomy":"rizoma_division","embeddable":true,"href":"https:\/\/cycle.rizoma.com\/es\/wp-json\/wp\/v2\/rizoma_division?post=326928"},{"taxonomy":"rizoma_family","embeddable":true,"href":"https:\/\/cycle.rizoma.com\/es\/wp-json\/wp\/v2\/rizoma_family?post=326928"},{"taxonomy":"rizoma_model_category","embeddable":true,"href":"https:\/\/cycle.rizoma.com\/es\/wp-json\/wp\/v2\/rizoma_model_category?post=326928"},{"taxonomy":"rizoma_product_template","embeddable":true,"href":"https:\/\/cycle.rizoma.com\/es\/wp-json\/wp\/v2\/rizoma_product_template?post=326928"},{"taxonomy":"product_brand","embeddable":true,"href":"https:\/\/cycle.rizoma.com\/es\/wp-json\/wp\/v2\/product_brand?post=326928"},{"taxonomy":"product_cat","embeddable":true,"href":"https:\/\/cycle.rizoma.com\/es\/wp-json\/wp\/v2\/product_cat?post=326928"},{"taxonomy":"product_tag","embeddable":true,"href":"https:\/\/cycle.rizoma.com\/es\/wp-json\/wp\/v2\/product_tag?post=326928"}],"curies":[{"name":"wp","href":"https:\/\/api.w.org\/{rel}","templated":true}]}}