{"id":330042,"date":"2025-06-04T14:13:39","date_gmt":"2025-06-04T12:13:39","guid":{"rendered":"https:\/\/www.rizoma.com\/negozio\/kit-de-montaje-para-estriberas-rizoma-pe755\/"},"modified":"2025-08-05T04:06:26","modified_gmt":"2025-08-05T02:06:26","slug":"kit-de-montaje-para-estriberas-rizoma-pe755","status":"publish","type":"product","link":"https:\/\/cycle.rizoma.com\/es\/negozio\/estriberas\/PE755\/kit-de-montaje-para-estriberas-rizoma-pe755\/","title":{"rendered":"Kit de montaje para estriberas Rizoma"},"content":{"rendered":"<p>Todos los adaptadores de estriberas est\u00e1n realizados en aluminio mecanizado a partir de un bloque macizo y estudiados de forma espec\u00edfica para los diferentes modelos de moto, garantizando as\u00ed la perfecta compatibilidad y la mejor soluci\u00f3n de fijaci\u00f3n. Los adaptadores Rizoma permiten montar las estriberas Rizoma sobre anclajes OEM. Adaptadores dotados de homologaci\u00f3n T\u00dcV. Las estriberas Rizoma y su kit de montaje, con y sin sistema de ajuste exc\u00e9ntrico, tienen un dise\u00f1o inspirado en el mundo de las carreras. Por esta raz\u00f3n, una vez montadas, las estriberas no quedan perfectamente paralelas al suelo, sino que aparecen ligeramente inclinadas hacia arriba. Esta inclinaci\u00f3n ha sido estudiada para evitar que el pie se deslice hacia afuera mientras se conduce o se toma una curva.<\/p>\n","protected":false},"excerpt":{"rendered":"<p>Todos los adaptadores de estriberas est\u00e1n realizados en aluminio mecanizado a partir de un bloque macizo y estudiados de forma espec\u00edfica para los diferentes modelos de moto, garantizando as\u00ed la perfecta compatibilidad y la mejor soluci\u00f3n de fijaci\u00f3n. Los adaptadores Rizoma permiten montar las estriberas Rizoma sobre anclajes OEM. Adaptadores dotados de homologaci\u00f3n T\u00dcV. Las [&hellip;]<\/p>\n","protected":false},"featured_media":297152,"template":"","meta":{"_acf_changed":false},"rizoma_assembly_time":[42664],"rizoma_bike":[41760,41787,41783,41759,42042,41773,42020,41869],"rizoma_division":[42653],"rizoma_family":[42747],"rizoma_model_category":[],"rizoma_product_template":[],"product_brand":[],"product_cat":[42752],"product_tag":[],"class_list":{"0":"post-330042","1":"product","2":"type-product","3":"status-publish","4":"has-post-thumbnail","6":"rizoma_bike-er-6f-2012-13","7":"rizoma_bike-er-6f-abs-2012-16","8":"rizoma_bike-er-6n-2012-13","9":"rizoma_bike-er-6n-abs-2012-16","10":"rizoma_bike-versys-1000-2017-18","11":"rizoma_bike-versys-1000-abs-2011-14","12":"rizoma_bike-versys-x-300-2017-20","13":"rizoma_bike-z-1000-sx-abs-2014-16","14":"product_cat-estriberas","16":"first","17":"instock","18":"taxable","19":"shipping-taxable","20":"purchasable","21":"product-type-variable"},"acf":[],"_links":{"self":[{"href":"https:\/\/cycle.rizoma.com\/es\/wp-json\/wp\/v2\/product\/330042","targetHints":{"allow":["GET"]}}],"collection":[{"href":"https:\/\/cycle.rizoma.com\/es\/wp-json\/wp\/v2\/product"}],"about":[{"href":"https:\/\/cycle.rizoma.com\/es\/wp-json\/wp\/v2\/types\/product"}],"wp:featuredmedia":[{"embeddable":true,"href":"https:\/\/cycle.rizoma.com\/es\/wp-json\/wp\/v2\/media\/297152"}],"wp:attachment":[{"href":"https:\/\/cycle.rizoma.com\/es\/wp-json\/wp\/v2\/media?parent=330042"}],"wp:term":[{"taxonomy":"rizoma_assembly_time","embeddable":true,"href":"https:\/\/cycle.rizoma.com\/es\/wp-json\/wp\/v2\/rizoma_assembly_time?post=330042"},{"taxonomy":"rizoma_bike","embeddable":true,"href":"https:\/\/cycle.rizoma.com\/es\/wp-json\/wp\/v2\/rizoma_bike?post=330042"},{"taxonomy":"rizoma_division","embeddable":true,"href":"https:\/\/cycle.rizoma.com\/es\/wp-json\/wp\/v2\/rizoma_division?post=330042"},{"taxonomy":"rizoma_family","embeddable":true,"href":"https:\/\/cycle.rizoma.com\/es\/wp-json\/wp\/v2\/rizoma_family?post=330042"},{"taxonomy":"rizoma_model_category","embeddable":true,"href":"https:\/\/cycle.rizoma.com\/es\/wp-json\/wp\/v2\/rizoma_model_category?post=330042"},{"taxonomy":"rizoma_product_template","embeddable":true,"href":"https:\/\/cycle.rizoma.com\/es\/wp-json\/wp\/v2\/rizoma_product_template?post=330042"},{"taxonomy":"product_brand","embeddable":true,"href":"https:\/\/cycle.rizoma.com\/es\/wp-json\/wp\/v2\/product_brand?post=330042"},{"taxonomy":"product_cat","embeddable":true,"href":"https:\/\/cycle.rizoma.com\/es\/wp-json\/wp\/v2\/product_cat?post=330042"},{"taxonomy":"product_tag","embeddable":true,"href":"https:\/\/cycle.rizoma.com\/es\/wp-json\/wp\/v2\/product_tag?post=330042"}],"curies":[{"name":"wp","href":"https:\/\/api.w.org\/{rel}","templated":true}]}}