{"id":330554,"date":"2025-06-04T17:02:19","date_gmt":"2025-06-04T15:02:19","guid":{"rendered":"https:\/\/www.rizoma.com\/negozio\/kit-portamatricula-outside-street-pt561\/"},"modified":"2025-12-18T00:40:25","modified_gmt":"2025-12-17T23:40:25","slug":"kit-portamatricula-outside-street-pt561","status":"publish","type":"product","link":"https:\/\/cycle.rizoma.com\/es\/negozio\/portamatricula\/PT561\/kit-portamatricula-outside-street-pt561\/","title":{"rendered":"Kit Portam\u00e1tricula Outside Street"},"content":{"rendered":"<p>El kit Portamatr\u00edcula Outside, con una parte estructural en aluminio mecanizado a partir de un bloque macizo, ofrece una interpretaci\u00f3n completamente nueva de la secci\u00f3n trasera, ademas de garantizar unas excelentes prestaciones estructurales y un alto impacto est\u00e9tico, gracias a su dise\u00f1o minimalista y a la alta calidad de los materiales. De f\u00e1cil montaje, al estar dise\u00f1ado de forma espec\u00edfica para cada modelo de moto en cuesti\u00f3n, el Kit incluye un soporte de matr\u00edcula USA y una luz de matr\u00edcula LED SMD (homologada).<\/p>\n","protected":false},"excerpt":{"rendered":"<p>El kit Portamatr\u00edcula Outside, con una parte estructural en aluminio mecanizado a partir de un bloque macizo, ofrece una interpretaci\u00f3n completamente nueva de la secci\u00f3n trasera, ademas de garantizar unas excelentes prestaciones estructurales y un alto impacto est\u00e9tico, gracias a su dise\u00f1o minimalista y a la alta calidad de los materiales. De f\u00e1cil montaje, al [&hellip;]<\/p>\n","protected":false},"featured_media":326427,"template":"","meta":{"_acf_changed":false},"rizoma_assembly_time":[42789],"rizoma_bike":[43816],"rizoma_division":[42653],"rizoma_family":[],"rizoma_model_category":[],"rizoma_product_template":[],"product_brand":[],"product_cat":[42768],"product_tag":[],"class_list":{"0":"post-330554","1":"product","2":"type-product","3":"status-publish","4":"has-post-thumbnail","6":"rizoma_bike-softail-slim-2011-17-fls","7":"product_cat-portamatricula","9":"first","10":"outofstock","11":"sale","12":"taxable","13":"shipping-taxable","14":"purchasable","15":"product-type-variable"},"acf":[],"_links":{"self":[{"href":"https:\/\/cycle.rizoma.com\/es\/wp-json\/wp\/v2\/product\/330554","targetHints":{"allow":["GET"]}}],"collection":[{"href":"https:\/\/cycle.rizoma.com\/es\/wp-json\/wp\/v2\/product"}],"about":[{"href":"https:\/\/cycle.rizoma.com\/es\/wp-json\/wp\/v2\/types\/product"}],"wp:featuredmedia":[{"embeddable":true,"href":"https:\/\/cycle.rizoma.com\/es\/wp-json\/wp\/v2\/media\/326427"}],"wp:attachment":[{"href":"https:\/\/cycle.rizoma.com\/es\/wp-json\/wp\/v2\/media?parent=330554"}],"wp:term":[{"taxonomy":"rizoma_assembly_time","embeddable":true,"href":"https:\/\/cycle.rizoma.com\/es\/wp-json\/wp\/v2\/rizoma_assembly_time?post=330554"},{"taxonomy":"rizoma_bike","embeddable":true,"href":"https:\/\/cycle.rizoma.com\/es\/wp-json\/wp\/v2\/rizoma_bike?post=330554"},{"taxonomy":"rizoma_division","embeddable":true,"href":"https:\/\/cycle.rizoma.com\/es\/wp-json\/wp\/v2\/rizoma_division?post=330554"},{"taxonomy":"rizoma_family","embeddable":true,"href":"https:\/\/cycle.rizoma.com\/es\/wp-json\/wp\/v2\/rizoma_family?post=330554"},{"taxonomy":"rizoma_model_category","embeddable":true,"href":"https:\/\/cycle.rizoma.com\/es\/wp-json\/wp\/v2\/rizoma_model_category?post=330554"},{"taxonomy":"rizoma_product_template","embeddable":true,"href":"https:\/\/cycle.rizoma.com\/es\/wp-json\/wp\/v2\/rizoma_product_template?post=330554"},{"taxonomy":"product_brand","embeddable":true,"href":"https:\/\/cycle.rizoma.com\/es\/wp-json\/wp\/v2\/product_brand?post=330554"},{"taxonomy":"product_cat","embeddable":true,"href":"https:\/\/cycle.rizoma.com\/es\/wp-json\/wp\/v2\/product_cat?post=330554"},{"taxonomy":"product_tag","embeddable":true,"href":"https:\/\/cycle.rizoma.com\/es\/wp-json\/wp\/v2\/product_tag?post=330554"}],"curies":[{"name":"wp","href":"https:\/\/api.w.org\/{rel}","templated":true}]}}