{"id":336264,"date":"2025-06-23T14:07:11","date_gmt":"2025-06-23T12:07:11","guid":{"rendered":"https:\/\/www.rizoma.com\/negozio\/light-unit-con-soporte-en-tecnopolimero-ts076\/"},"modified":"2025-09-04T21:56:52","modified_gmt":"2025-09-04T19:56:52","slug":"light-unit-con-soporte-en-tecnopolimero-ts076","status":"publish","type":"product","link":"https:\/\/cycle.rizoma.com\/es\/negozio\/intermitentes\/TS076\/light-unit-con-soporte-en-tecnopolimero-ts076\/","title":{"rendered":"Light Unit con soporte en tecnopol\u00edmero"},"content":{"rendered":"<p>El kit Light Unit con soporte en tecnopol\u00edmero, gracias a la tecnolog\u00eda SMD LED de \u00faltima generaci\u00f3n, garantizan una elevada intensidad lum\u00ednica, convirti\u00e9ndolos en una de las opciones m\u00e1s peque\u00f1as de su categor\u00eda, sin que por ello, dejen de cumplir con, todas, las normativas de homologaci\u00f3n europea.<br \/>Su innovadora conformaci\u00f3n, permite, aun con su reducido tama\u00f1o, una \u00f3ptima funcionalidad. Adem\u00e1s, el haz de luz que emiten los Light Unit, se extiende longitudinalmente, a partir de su mismo anclaje (en lugar de los 90\u00b0 como suele ocurrir en otros indicadores), factor que, facilita y multiplica las posibilidades de instalaci\u00f3n.<br \/>Por lo tanto, Light Unit, representa un nuevo e innovador concepto para intermitentes Rizoma, un dispositivo de se\u00f1alizaci\u00f3n luminoso que puede ser eficazmente instalado el m\u00faltiples configuraciones seg\u00fan  las especificas exigencias del usuario, sin sacrificar el aspecto est\u00e9tico, factores estos que enaltecen el valor de su patente. <br \/>Soporte en tecnopol\u00edmero FR440B incluido.<\/p>\n","protected":false},"excerpt":{"rendered":"<p>El kit Light Unit con soporte en tecnopol\u00edmero, gracias a la tecnolog\u00eda SMD LED de \u00faltima generaci\u00f3n, garantizan una elevada intensidad lum\u00ednica, convirti\u00e9ndolos en una de las opciones m\u00e1s peque\u00f1as de su categor\u00eda, sin que por ello, dejen de cumplir con, todas, las normativas de homologaci\u00f3n europea.Su innovadora conformaci\u00f3n, permite, aun con su reducido tama\u00f1o, [&hellip;]<\/p>\n","protected":false},"featured_media":312036,"template":"","meta":{"_acf_changed":false},"rizoma_assembly_time":[42742],"rizoma_bike":[42138,42239,42371,42445,41837,42021,42446,41939,42619,44429,41925,42030,41926,41957,42097,42098,42187,42175,42188,42176,42031,41966,41927,42185,42032,42186,42050,42203,42511,42620,42205,42513,42623,42206,42514,42624,42438,42439,42627,42276,42440,42277,42278,42441,42628,42279,42204,42512,42270,42404,42271,42405,42621,42622,42272,42406,42273,42407,42274,42408,42275,42409,43702,43703,43869,43870,42534,43697,42015,43719,43720,43721,43718,42398,43763,43762,42592,42625,42517,44018,42040,42578,44369,42391,44366,44377,43871,43418,44375,44378,43419,43420,42608,42609,42154,42392,42280,42393,42163,42394,42516,43912,43707,44468,44469,42450,42304,43741,42542,43742,42451,42610,42452,42611,42640,42402,43437,42403,43438,42308,42641,42310,42413,42642,42519,44013,42600,44019,42309,42643,42588,43689,42629,41985,42130,42368,42644,43688,42142,42209,42595,42614,42170,42254,42255,43972,42596,43973,42597,42615,43974,43761,42311,43753,42214,42401,44431,44420,43754,42432,43699,42101,42215,42425,42197,42335,42477,42545,42546,44015,42153,44017,42539,42433,43700,42093,42216,42426,42162,43704,43705,42612,42102,44014,44016,43897,43723,43725,43724,44444,44445,42551,43740,41618,41619,41993,41910,41994,42134,41911,41752,41980,42345,43913,42236,42607,42593,43389,42149,42389,42594,44381,42268,42553,42412,43393,42520,42646,42521,42522,43388,42430,43893,42499,43894,42527,43755,42523,43756,42251,42312,41586,42253,41813,42023,42024,42025,42120,42225,42386,42226,42378,44438,42332,44439,44440,44441,44408,44409,44411,44410,44412,42555,42584,42585,42586,42634,43432,43914,43428,43915,43431,43876,42026,42114,42122,42105,42106,42012,42013,42189,42241,41778,42631,42133,42361,42632,42362,42190,42363,42460,42242,42364,42633,43872,43873,43874,44012,43875,42457,42626,41915,41965,41916,42411,44399,44400,42502,43687,42464,44370,44458,44460,44459,44371,42500,43745,42465,42503,43746,42501,43747,42583],"rizoma_division":[42653],"rizoma_family":[42834],"rizoma_model_category":[],"rizoma_product_template":[],"product_brand":[],"product_cat":[42716],"product_tag":[],"class_list":{"0":"post-336264","1":"product","2":"type-product","3":"status-publish","4":"has-post-thumbnail","6":"rizoma_bike-1290-super-duke-r-2019","7":"rizoma_bike-1290-super-duke-r-2020","8":"rizoma_bike-1290-super-duke-r-2021","9":"rizoma_bike-1290-super-duke-r-2022-23","10":"rizoma_bike-1290-super-duke-r-abs-2014-16","11":"rizoma_bike-1290-super-duke-r-abs-2017-18","12":"rizoma_bike-1290-super-duke-r-evo-2022-23","13":"rizoma_bike-1290-super-duke-r-se-abs-2016","14":"rizoma_bike-990-duke-2024-26","15":"rizoma_bike-990-duke-r-2026","16":"rizoma_bike-africa-twin-crf-1000l-2016-17","17":"rizoma_bike-africa-twin-crf-1000l-2018-19","18":"rizoma_bike-africa-twin-crf-1000l-abs-2016-17","19":"rizoma_bike-africa-twin-crf-1000l-abs-travel-edition-2016-17","20":"rizoma_bike-africa-twin-crf-1000l-adventure-sports-2018-19","21":"rizoma_bike-africa-twin-crf-1000l-adventure-sports-dct-2018-19","22":"rizoma_bike-africa-twin-crf-1000l-adventure-sports-dct-desert-track-2019","23":"rizoma_bike-africa-twin-crf-1000l-adventure-sports-dct-travel-edition-2019","24":"rizoma_bike-africa-twin-crf-1000l-adventure-sports-desert-track-2019","25":"rizoma_bike-africa-twin-crf-1000l-adventure-sports-travel-edition-2019","26":"rizoma_bike-africa-twin-crf-1000l-dct-2018-19","27":"rizoma_bike-africa-twin-crf-1000l-dct-abs-2016-17","28":"rizoma_bike-africa-twin-crf-1000l-dct-abs-travel-edition-2016-17","29":"rizoma_bike-africa-twin-crf-1000l-dct-desert-track-2019-20","30":"rizoma_bike-africa-twin-crf-1000l-dct-travel-edition-2018-19","31":"rizoma_bike-africa-twin-crf-1000l-desert-track-2019-20","32":"rizoma_bike-africa-twin-crf-1000l-travel-edition-2018-19","33":"rizoma_bike-africa-twin-crf-1100l-2020-21","34":"rizoma_bike-africa-twin-crf-1100l-2022-23","35":"rizoma_bike-africa-twin-crf-1100l-2024-26","36":"rizoma_bike-africa-twin-crf-1100l-adventure-sports-2020-21","37":"rizoma_bike-africa-twin-crf-1100l-adventure-sports-2022-23","38":"rizoma_bike-africa-twin-crf-1100l-adventure-sports-2024-26","39":"rizoma_bike-africa-twin-crf-1100l-adventure-sports-dct-2020-21","40":"rizoma_bike-africa-twin-crf-1100l-adventure-sports-dct-2022-23","41":"rizoma_bike-africa-twin-crf-1100l-adventure-sports-dct-2024-26","42":"rizoma_bike-africa-twin-crf-1100l-adventure-sports-dct-desert-track-2022-23","43":"rizoma_bike-africa-twin-crf-1100l-adventure-sports-dct-travel-edition-2022-23","44":"rizoma_bike-africa-twin-crf-1100l-adventure-sports-dct-travel-edition-2024-26","45":"rizoma_bike-africa-twin-crf-1100l-adventure-sports-desert-track-2020-21","46":"rizoma_bike-africa-twin-crf-1100l-adventure-sports-desert-track-2022-23","47":"rizoma_bike-africa-twin-crf-1100l-adventure-sports-desert-track-dct-2020-21","48":"rizoma_bike-africa-twin-crf-1100l-adventure-sports-travel-edition-2020-21","49":"rizoma_bike-africa-twin-crf-1100l-adventure-sports-travel-edition-2022-23","50":"rizoma_bike-africa-twin-crf-1100l-adventure-sports-travel-edition-2024-26","51":"rizoma_bike-africa-twin-crf-1100l-adventure-sports-travel-edition-dct-2020-21","52":"rizoma_bike-africa-twin-crf-1100l-dct-2020-21","53":"rizoma_bike-africa-twin-crf-1100l-dct-2022-23","54":"rizoma_bike-africa-twin-crf-1100l-desert-track-2020-21","55":"rizoma_bike-africa-twin-crf-1100l-desert-track-2022-23","56":"rizoma_bike-africa-twin-crf-1100l-desert-track-dct-2020-21","57":"rizoma_bike-africa-twin-crf-1100l-desert-track-dct-2022-23","58":"rizoma_bike-africa-twin-crf-1100l-es-2024-26","59":"rizoma_bike-africa-twin-crf-1100l-es-dct-2024-26","60":"rizoma_bike-africa-twin-crf-1100l-travel-edition-2020-21","61":"rizoma_bike-africa-twin-crf-1100l-travel-edition-2022-23","62":"rizoma_bike-africa-twin-crf-1100l-travel-edition-dct-2020-21","63":"rizoma_bike-africa-twin-crf-1100l-travel-edition-dct-2022-23","64":"rizoma_bike-africa-twin-crf-1100l-urban-2020-21","65":"rizoma_bike-africa-twin-crf-1100l-urban-2022-23","66":"rizoma_bike-africa-twin-crf-1100l-urban-dct-2020-21","67":"rizoma_bike-africa-twin-crf-1100l-urban-dct-2022-23","68":"rizoma_bike-cb-1000-hornet-2025-26","69":"rizoma_bike-cb-1000-hornet-sp-2025-26","70":"rizoma_bike-cb-650-r-2024-25","71":"rizoma_bike-cb-650-r-e-clutch-2024-26","72":"rizoma_bike-cb-750-hornet-2023-24","73":"rizoma_bike-cb-750-hornet-2025","74":"rizoma_bike-cbr-1000-rr-fireblade-2017-19","75":"rizoma_bike-cbr-1000-rr-r-fireblade-2024-26","76":"rizoma_bike-cbr-1000-rr-r-fireblade-sp-2024-26","77":"rizoma_bike-cbr-1000-rr-r-fireblade-sp-carbon-edition-2024-26","78":"rizoma_bike-cbr-600-rr-2024-26","79":"rizoma_bike-ce-04-2021-25","80":"rizoma_bike-cvo-pan-america-2024","81":"rizoma_bike-cvo-pan-america-2025","82":"rizoma_bike-desertx-rally-2024-25","83":"rizoma_bike-diavel-for-bentley-2024","84":"rizoma_bike-diavel-v4-2023-26","85":"rizoma_bike-diavel-v4-rs-2026","86":"rizoma_bike-f3-800-eas-abs-2017-20","87":"rizoma_bike-f3-800-r-2023-26","88":"rizoma_bike-f3-800-rc-2022-25","89":"rizoma_bike-f3-800-rosso-2021-23","90":"rizoma_bike-f3-800-rr-2022-25","91":"rizoma_bike-f3-800-rr-ottantesimo-2025-26","92":"rizoma_bike-forza-750-2025-26","93":"rizoma_bike-gsx-8s-2023-24","94":"rizoma_bike-gsx-8s-2025-26","95":"rizoma_bike-gsx-8s-evo-2025-26","96":"rizoma_bike-gsx-8s-kevin-schwantz-edition-2023","97":"rizoma_bike-gsx-8s-team-suzuki-edition-2024","98":"rizoma_bike-hypermotard-698-mono-2024-26","99":"rizoma_bike-hypermotard-698-mono-rve-2024-26","100":"rizoma_bike-hypermotard-950-2019-20","101":"rizoma_bike-hypermotard-950-2022-25","102":"rizoma_bike-hypermotard-950-rve-2020","103":"rizoma_bike-hypermotard-950-rve-2022-25","104":"rizoma_bike-hypermotard-950-sp-2019-20","105":"rizoma_bike-hypermotard-950-sp-2022-25","106":"rizoma_bike-m-1000-r-2023-24","107":"rizoma_bike-m-1000-r-2025-26","108":"rizoma_bike-m-1000-xr-2024-26","109":"rizoma_bike-monster-890-2026","110":"rizoma_bike-monster-890-2026-1","111":"rizoma_bike-mt-07-2021-24","112":"rizoma_bike-mt-07-2021","113":"rizoma_bike-mt-07-2025-26","114":"rizoma_bike-mt-07-pure-2023-25","115":"rizoma_bike-mt-07-y-amt-2025-26","116":"rizoma_bike-mt-09-2022-23","117":"rizoma_bike-mt-09-2024-26","118":"rizoma_bike-mt-09-sp-2022-23","119":"rizoma_bike-mt-09-sp-2024-26","120":"rizoma_bike-mt-09-y-amt-2024-26","121":"rizoma_bike-multistrada-v2-2022-24","122":"rizoma_bike-multistrada-v2-2025-26","123":"rizoma_bike-multistrada-v2-s-2022-24","124":"rizoma_bike-multistrada-v2-s-2025-26","125":"rizoma_bike-multistrada-v4-2021-24","126":"rizoma_bike-multistrada-v4-2025-26","127":"rizoma_bike-multistrada-v4-1100-s-sport-2021","128":"rizoma_bike-multistrada-v4-pikes-peak-2021-24","129":"rizoma_bike-multistrada-v4-pikes-peak-2025-26","130":"rizoma_bike-multistrada-v4-rally-2023-25","131":"rizoma_bike-multistrada-v4-rally-2026","132":"rizoma_bike-multistrada-v4-rs-2024-25","133":"rizoma_bike-multistrada-v4-rs-2026","134":"rizoma_bike-multistrada-v4-s-2021-24","135":"rizoma_bike-multistrada-v4-s-2025-26","136":"rizoma_bike-multistrada-v4-s-grand-tour-2024","137":"rizoma_bike-ninja-1000-zx-10r-performance-2025","138":"rizoma_bike-ninja-1000-zx-10rr-winter-test-limited-edition-2024","139":"rizoma_bike-ninja-1000-zx-10rr-2017-18","140":"rizoma_bike-ninja-1000-zx-10rr-2019-20","141":"rizoma_bike-ninja-1000-zx-10rr-2021-23","142":"rizoma_bike-ninja-1000-zx-10rr-2025","143":"rizoma_bike-ninja-1000-zx-10rr-performance-2025","144":"rizoma_bike-ninja-636-zx-6r-2019-20","145":"rizoma_bike-ninja-636-zx-6r-2020","146":"rizoma_bike-ninja-636-zx-6r-2024-26","147":"rizoma_bike-ninja-636-zx-6r-40th-anniversary-edition-2024","148":"rizoma_bike-ninja-636-zx-6r-krt-2019-20","149":"rizoma_bike-ninja-636-zx-6r-krt-performance-2019-20","150":"rizoma_bike-ninja-636-zx-6r-performance-2019-20","151":"rizoma_bike-ninja-636-zx-6r-performance-2025-26","152":"rizoma_bike-ninja-zx-4r-2024-26","153":"rizoma_bike-ninja-zx-4r-performance-2025-26","154":"rizoma_bike-ninja-zx-4rr-2024-26","155":"rizoma_bike-ninja-zx-4rr-40th-anniversay-edition-2024","156":"rizoma_bike-ninja-zx-4rr-performance-2025-26","157":"rizoma_bike-pan-america-1250-st-2025","158":"rizoma_bike-panigale-v2-2021-24","159":"rizoma_bike-panigale-v2-2025-26","160":"rizoma_bike-panigale-v2-955-2020","161":"rizoma_bike-panigale-v2-bayliss-1st-championship-20th-anniversary-2021-24","162":"rizoma_bike-panigale-v2-fb63-2026","163":"rizoma_bike-panigale-v2-mm93-2026","164":"rizoma_bike-panigale-v2-s-2025-26","165":"rizoma_bike-panigale-v4-2022-24","166":"rizoma_bike-panigale-v4-2025-26","167":"rizoma_bike-panigale-v4-1100-2018-19","168":"rizoma_bike-panigale-v4-1100-2020","169":"rizoma_bike-panigale-v4-1100-2021","170":"rizoma_bike-panigale-v4-1100-25-anniversario-2019-20","171":"rizoma_bike-panigale-v4-1100-sp-2021","172":"rizoma_bike-panigale-v4-1100-sp2-2022-23","173":"rizoma_bike-panigale-v4-bagnaia-2022-world-champion-replica-2023","174":"rizoma_bike-panigale-v4-bautista-2022-world-champion-replica-2023","175":"rizoma_bike-panigale-v4-lamborghini-2026","176":"rizoma_bike-panigale-v4-r-2023-24","177":"rizoma_bike-panigale-v4-r-2026","178":"rizoma_bike-panigale-v4-r-1000-2019-20","179":"rizoma_bike-panigale-v4-s-2022-24","180":"rizoma_bike-panigale-v4-s-2025-26","181":"rizoma_bike-panigale-v4-s-1100-2018-19","182":"rizoma_bike-panigale-v4-s-1100-2020","183":"rizoma_bike-panigale-v4-s-1100-2021","184":"rizoma_bike-panigale-v4-s-1100-corse-2019","185":"rizoma_bike-panigale-v4-s-carbon-2025-26","186":"rizoma_bike-panigale-v4-s-carbon-pro-2025-26","187":"rizoma_bike-panigale-v4-sp2-30-anniversario-916-2024","188":"rizoma_bike-panigale-v4-speciale-1100-2018-19","189":"rizoma_bike-panigale-v4-tricolore-2025-26","190":"rizoma_bike-panigale-v4-tricolore-italia-2025-26","191":"rizoma_bike-r-12-g-s-2026","192":"rizoma_bike-r-12-ninet-2023-26","193":"rizoma_bike-r-12-ninet-option-719-2023-24","194":"rizoma_bike-r-12-ninet-san-remo-2023-24","195":"rizoma_bike-r-1300-r-2026","196":"rizoma_bike-r-1300-rs-2026","197":"rizoma_bike-r-ninet-100-years-2023","198":"rizoma_bike-rs-457-2024-26","199":"rizoma_bike-rsv4-factory-2009-12","200":"rizoma_bike-rsv4-factory-aprc-abs-2011-15","201":"rizoma_bike-rsv4-rf-2017-19","202":"rizoma_bike-rsv4-rf-abs-2015-17","203":"rizoma_bike-rsv4-rr-2017-18","204":"rizoma_bike-rsv4-rr-2019-20","205":"rizoma_bike-rsv4-rr-abs-2015-17","206":"rizoma_bike-rsv4-rr-aprc-abs-2011-15","207":"rizoma_bike-s-1000-r-2017-20","208":"rizoma_bike-s-1000-r-2021-24","209":"rizoma_bike-s-1000-r-2025-26","210":"rizoma_bike-s-1000-xr-2020-23","211":"rizoma_bike-s-1000-xr-2024-26","212":"rizoma_bike-scrambler-1200-x-2024-26","213":"rizoma_bike-scrambler-1200-x-icon-edition-2025-26","214":"rizoma_bike-scrambler-1200-xe-2019-20","215":"rizoma_bike-scrambler-1200-xe-2021-23","216":"rizoma_bike-scrambler-1200-xe-2024-25","217":"rizoma_bike-scrambler-1200-xe-2026","218":"rizoma_bike-scrambler-1200-xe-bond-edition-2020","219":"rizoma_bike-scrambler-1200-xe-chrome-edition-2023","220":"rizoma_bike-scrambler-1200-xe-gold-line-edition-2021-22","221":"rizoma_bike-scrambler-1200-xe-icon-edition-2025-26","222":"rizoma_bike-scrambler-800-full-throttle-2023-24","223":"rizoma_bike-scrambler-800-full-throttle-2025-26","224":"rizoma_bike-scrambler-800-icon-2023-24","225":"rizoma_bike-scrambler-800-nightshift-2023-24","226":"rizoma_bike-street-triple-765-r-a2-2024-26","227":"rizoma_bike-streetfighter-v2-2022-24","228":"rizoma_bike-streetfighter-v2-2025-26","229":"rizoma_bike-streetfighter-v2-955-green-2022-23","230":"rizoma_bike-streetfighter-v2-s-2025-26","231":"rizoma_bike-streetfighter-v4-2023-24","232":"rizoma_bike-streetfighter-v4-2025-26","233":"rizoma_bike-streetfighter-v4-s-2023-24","234":"rizoma_bike-streetfighter-v4-s-2025-26","235":"rizoma_bike-superleggera-v4-1000-2020","236":"rizoma_bike-superleggera-v4-1000-2021-23","237":"rizoma_bike-t-max-500-2008-12","238":"rizoma_bike-t-max-500-tech-max-2011-13","239":"rizoma_bike-t-max-500-white-max-2010-11","240":"rizoma_bike-t-max-530-2017-19","241":"rizoma_bike-t-max-530-dx-2017-19","242":"rizoma_bike-t-max-530-sx-2017-19","243":"rizoma_bike-t-max-530-sx-sport-edition-2018-19","244":"rizoma_bike-t-max-560-2020-21","245":"rizoma_bike-t-max-560-20-anniversario-2021","246":"rizoma_bike-t-max-560-tech-max-2020","247":"rizoma_bike-t-max-560-tech-max-2021","248":"rizoma_bike-tracer-7-2025-26","249":"rizoma_bike-tracer-7-gt-2021","250":"rizoma_bike-tracer-7-gt-2025-26","251":"rizoma_bike-tracer-7-gt-y-amt-2026","252":"rizoma_bike-tracer-7-y-amt-2026","253":"rizoma_bike-tracer-9-2025-26","254":"rizoma_bike-tracer-9-gt-2025-26","255":"rizoma_bike-tracer-9-gt-y-amt-2025-26","256":"rizoma_bike-tracer-9-gtplus-y-amt-2025","257":"rizoma_bike-tracer-9-y-amt-2025-26","258":"rizoma_bike-transalp-xl750-2023-24","259":"rizoma_bike-transalp-xl750-easy-travel-2023-24","260":"rizoma_bike-transalp-xl750-travel-edition-2023-24","261":"rizoma_bike-transalp-xl750-urban-2023-24","262":"rizoma_bike-trident-660-triple-tribute-edition-2024","263":"rizoma_bike-trk-702-2023-25","264":"rizoma_bike-trk-702-2026","265":"rizoma_bike-trk-702x-2023-25","266":"rizoma_bike-trk-702x-2026","267":"rizoma_bike-trk-702x-dune-sea-2024-25","268":"rizoma_bike-tuono-457-2025-26","269":"rizoma_bike-v7-iii-anniversario-2017-18","270":"rizoma_bike-v7-iii-carbon-2018-20","271":"rizoma_bike-v7-iii-limited-2018","272":"rizoma_bike-v7-iii-milano-2018-20","273":"rizoma_bike-v7-iii-rough-2018-20","274":"rizoma_bike-v7-iii-special-2017-20","275":"rizoma_bike-v7-iii-stone-2017-20","276":"rizoma_bike-v7-iii-stone-night-pack-2019-20","277":"rizoma_bike-v7-iii-stone-s-2020","278":"rizoma_bike-v7-stone-2012-15","279":"rizoma_bike-v85-strada-2024-26","280":"rizoma_bike-v85-tt-2019-20","281":"rizoma_bike-v85-tt-2021-23","282":"rizoma_bike-v85-tt-2024-26","283":"rizoma_bike-v85-tt-centenario-2021-22","284":"rizoma_bike-v85-tt-evocative-graphics-2019-20","285":"rizoma_bike-v85-tt-evocative-graphics-2021-23","286":"rizoma_bike-v85-tt-guardia-donore-2022-23","287":"rizoma_bike-v85-tt-travel-2020","288":"rizoma_bike-v85-tt-travel-2021-23","289":"rizoma_bike-v85-tt-travel-2024-26","290":"rizoma_bike-x-adv-750-2025-26","291":"rizoma_bike-x-adv-750-adventure-2025-26","292":"rizoma_bike-x-adv-750-gravel-2025-26","293":"rizoma_bike-x-adv-750-special-edition-2026","294":"rizoma_bike-x-adv-750-travel-2025-26","295":"rizoma_bike-xsr-900-2022-24","296":"rizoma_bike-xsr-900-gp-2024-26","297":"rizoma_bike-yzf-r1-2015-16","298":"rizoma_bike-yzf-r1-60th-anniversary-2015-16","299":"rizoma_bike-yzf-r1-m-2015-16","300":"rizoma_bike-yzf-r7-2021-25","301":"rizoma_bike-z-1100-2026","302":"rizoma_bike-z-1100-se-2026","303":"rizoma_bike-z-650-2023-24","304":"rizoma_bike-z-650-2025-26","305":"rizoma_bike-z-650-50th-anniversary-2022-23","306":"rizoma_bike-z-650-performance-arrow-2025-26","307":"rizoma_bike-z-650-rs-2022-24","308":"rizoma_bike-z-650-rs-2025-26","309":"rizoma_bike-z-650-rs-50th-anniversary-2022","310":"rizoma_bike-z-650-sport-2025-26","311":"rizoma_bike-z-900-2023-24","312":"rizoma_bike-z-900-2025-26","313":"rizoma_bike-z-900-50th-anniversary-2022-23","314":"rizoma_bike-z-900-a2-2021-24","315":"rizoma_bike-z-900-a2-2025-26","316":"rizoma_bike-z-900-se-2022-24","317":"rizoma_bike-z-900-se-2025-26","318":"rizoma_bike-z-900-se-performance-2023-24","319":"product_cat-intermitentes","321":"first","322":"instock","323":"taxable","324":"shipping-taxable","325":"purchasable","326":"product-type-variable"},"acf":[],"_links":{"self":[{"href":"https:\/\/cycle.rizoma.com\/es\/wp-json\/wp\/v2\/product\/336264","targetHints":{"allow":["GET"]}}],"collection":[{"href":"https:\/\/cycle.rizoma.com\/es\/wp-json\/wp\/v2\/product"}],"about":[{"href":"https:\/\/cycle.rizoma.com\/es\/wp-json\/wp\/v2\/types\/product"}],"wp:featuredmedia":[{"embeddable":true,"href":"https:\/\/cycle.rizoma.com\/es\/wp-json\/wp\/v2\/media\/312036"}],"wp:attachment":[{"href":"https:\/\/cycle.rizoma.com\/es\/wp-json\/wp\/v2\/media?parent=336264"}],"wp:term":[{"taxonomy":"rizoma_assembly_time","embeddable":true,"href":"https:\/\/cycle.rizoma.com\/es\/wp-json\/wp\/v2\/rizoma_assembly_time?post=336264"},{"taxonomy":"rizoma_bike","embeddable":true,"href":"https:\/\/cycle.rizoma.com\/es\/wp-json\/wp\/v2\/rizoma_bike?post=336264"},{"taxonomy":"rizoma_division","embeddable":true,"href":"https:\/\/cycle.rizoma.com\/es\/wp-json\/wp\/v2\/rizoma_division?post=336264"},{"taxonomy":"rizoma_family","embeddable":true,"href":"https:\/\/cycle.rizoma.com\/es\/wp-json\/wp\/v2\/rizoma_family?post=336264"},{"taxonomy":"rizoma_model_category","embeddable":true,"href":"https:\/\/cycle.rizoma.com\/es\/wp-json\/wp\/v2\/rizoma_model_category?post=336264"},{"taxonomy":"rizoma_product_template","embeddable":true,"href":"https:\/\/cycle.rizoma.com\/es\/wp-json\/wp\/v2\/rizoma_product_template?post=336264"},{"taxonomy":"product_brand","embeddable":true,"href":"https:\/\/cycle.rizoma.com\/es\/wp-json\/wp\/v2\/product_brand?post=336264"},{"taxonomy":"product_cat","embeddable":true,"href":"https:\/\/cycle.rizoma.com\/es\/wp-json\/wp\/v2\/product_cat?post=336264"},{"taxonomy":"product_tag","embeddable":true,"href":"https:\/\/cycle.rizoma.com\/es\/wp-json\/wp\/v2\/product_tag?post=336264"}],"curies":[{"name":"wp","href":"https:\/\/api.w.org\/{rel}","templated":true}]}}