{"id":336274,"date":"2025-06-23T14:07:37","date_gmt":"2025-06-23T12:07:37","guid":{"rendered":"https:\/\/www.rizoma.com\/negozio\/light-unit-s-con-soporte-en-tecnopolimero-ts077\/"},"modified":"2025-06-23T14:19:01","modified_gmt":"2025-06-23T12:19:01","slug":"light-unit-s-con-soporte-en-tecnopolimero-ts077","status":"publish","type":"product","link":"https:\/\/cycle.rizoma.com\/es\/negozio\/intermitentes\/TS077\/light-unit-s-con-soporte-en-tecnopolimero-ts077\/motorbike\/10002402\/harley-davidson\/night-rod\/","title":{"rendered":"Light Unit S con soporte en tecnopol\u00edmero"},"content":{"rendered":"<p>El kit Light Unit S con soporte en tecnopol\u00edmero, gracias a la tecnolog\u00eda SMD LED de \u00faltima generaci\u00f3n, que integran tres funciones (intermitente, luz de posici\u00f3n trasera y luz de freno), garantizan una elevada intensidad lum\u00ednica, convirti\u00e9ndolos en una de las opciones m\u00e1s peque\u00f1as de su categor\u00eda, sin que por ello, dejen de cumplir con, todas, las normativas de homologaci\u00f3n europea.<br \/>Su innovadora conformaci\u00f3n, permite, aun con su reducido tama\u00f1o, una \u00f3ptima funcionalidad. Adem\u00e1s, el haz de luz que emiten los Light Unit, se extiende longitudinalmente, a partir de su mismo anclaje (en lugar de los 90\u00b0 como suele ocurrir en otros indicadores), factor que, facilita y multiplica las posibilidades de instalaci\u00f3n.<br \/>Por lo tanto, Light Unit, representa un nuevo e innovador concepto para intermitentes Rizoma, un dispositivo de se\u00f1alizaci\u00f3n luminoso que puede ser eficazmente instalado el m\u00faltiples configuraciones seg\u00fan  las especificas exigencias del usuario, sin sacrificar el aspecto est\u00e9tico, factores estos que enaltecen el valor de su patente.<br \/>Soporte en tecnopol\u00edmero FR440B incluido.<\/p>\n","protected":false},"excerpt":{"rendered":"<p>El kit Light Unit S con soporte en tecnopol\u00edmero, gracias a la tecnolog\u00eda SMD LED de \u00faltima generaci\u00f3n, que integran tres funciones (intermitente, luz de posici\u00f3n trasera y luz de freno), garantizan una elevada intensidad lum\u00ednica, convirti\u00e9ndolos en una de las opciones m\u00e1s peque\u00f1as de su categor\u00eda, sin que por ello, dejen de cumplir con, [&hellip;]<\/p>\n","protected":false},"featured_media":307551,"template":"","meta":{"_acf_changed":false},"rizoma_assembly_time":[42742],"rizoma_bike":[42619,44429,42398,42516,43912,42288,43892,42498,43707,42591,43987,43988,43989,43990,43991,43394,42604,42605,42606,44364,44363,42345,43913,42167,42302,42574,43701,42236,42607,44461,44462],"rizoma_division":[42653],"rizoma_family":[42854],"rizoma_model_category":[],"rizoma_product_template":[],"product_brand":[],"product_cat":[42716],"product_tag":[],"class_list":{"0":"post-336274","1":"product","2":"type-product","3":"status-publish","4":"has-post-thumbnail","6":"rizoma_bike-990-duke-2024-26","7":"rizoma_bike-990-duke-r-2026","8":"rizoma_bike-ce-04-2021-25","9":"rizoma_bike-m-1000-r-2023-24","10":"rizoma_bike-m-1000-r-2025-26","11":"rizoma_bike-m-1000-rr-2023-24","12":"rizoma_bike-m-1000-rr-2025-26","13":"rizoma_bike-m-1000-rr-50-years-m-2022","14":"rizoma_bike-m-1000-xr-2024-26","15":"rizoma_bike-r-1300-gs-2023-26","16":"rizoma_bike-r-1300-gs-adventure-2025-26","17":"rizoma_bike-r-1300-gs-adventure-asa-2025-26","18":"rizoma_bike-r-1300-gs-adventure-option-719-karakorum-2025-26","19":"rizoma_bike-r-1300-gs-adventure-triple-black-2025-26","20":"rizoma_bike-r-1300-gs-adventure-trophy-2025-26","21":"rizoma_bike-r-1300-gs-asa-2024-26","22":"rizoma_bike-r-1300-gs-option-719-tramuntana-2023-26","23":"rizoma_bike-r-1300-gs-triple-black-2023-26","24":"rizoma_bike-r-1300-gs-trophy-2023-26","25":"rizoma_bike-rsv4-1100-2025-26","26":"rizoma_bike-rsv4-1100-factory-2025-26","27":"rizoma_bike-s-1000-r-2021-24","28":"rizoma_bike-s-1000-r-2025-26","29":"rizoma_bike-s-1000-rr-2019-20","30":"rizoma_bike-s-1000-rr-2021-22","31":"rizoma_bike-s-1000-rr-2023-24","32":"rizoma_bike-s-1000-rr-2025-26","33":"rizoma_bike-s-1000-xr-2020-23","34":"rizoma_bike-s-1000-xr-2024-26","35":"rizoma_bike-tuono-v4-2025-26","36":"rizoma_bike-tuono-v4-factory-2025-26","37":"product_cat-intermitentes","39":"first","40":"instock","41":"taxable","42":"shipping-taxable","43":"purchasable","44":"product-type-variable"},"acf":[],"_links":{"self":[{"href":"https:\/\/cycle.rizoma.com\/es\/wp-json\/wp\/v2\/product\/336274","targetHints":{"allow":["GET"]}}],"collection":[{"href":"https:\/\/cycle.rizoma.com\/es\/wp-json\/wp\/v2\/product"}],"about":[{"href":"https:\/\/cycle.rizoma.com\/es\/wp-json\/wp\/v2\/types\/product"}],"wp:featuredmedia":[{"embeddable":true,"href":"https:\/\/cycle.rizoma.com\/es\/wp-json\/wp\/v2\/media\/307551"}],"wp:attachment":[{"href":"https:\/\/cycle.rizoma.com\/es\/wp-json\/wp\/v2\/media?parent=336274"}],"wp:term":[{"taxonomy":"rizoma_assembly_time","embeddable":true,"href":"https:\/\/cycle.rizoma.com\/es\/wp-json\/wp\/v2\/rizoma_assembly_time?post=336274"},{"taxonomy":"rizoma_bike","embeddable":true,"href":"https:\/\/cycle.rizoma.com\/es\/wp-json\/wp\/v2\/rizoma_bike?post=336274"},{"taxonomy":"rizoma_division","embeddable":true,"href":"https:\/\/cycle.rizoma.com\/es\/wp-json\/wp\/v2\/rizoma_division?post=336274"},{"taxonomy":"rizoma_family","embeddable":true,"href":"https:\/\/cycle.rizoma.com\/es\/wp-json\/wp\/v2\/rizoma_family?post=336274"},{"taxonomy":"rizoma_model_category","embeddable":true,"href":"https:\/\/cycle.rizoma.com\/es\/wp-json\/wp\/v2\/rizoma_model_category?post=336274"},{"taxonomy":"rizoma_product_template","embeddable":true,"href":"https:\/\/cycle.rizoma.com\/es\/wp-json\/wp\/v2\/rizoma_product_template?post=336274"},{"taxonomy":"product_brand","embeddable":true,"href":"https:\/\/cycle.rizoma.com\/es\/wp-json\/wp\/v2\/product_brand?post=336274"},{"taxonomy":"product_cat","embeddable":true,"href":"https:\/\/cycle.rizoma.com\/es\/wp-json\/wp\/v2\/product_cat?post=336274"},{"taxonomy":"product_tag","embeddable":true,"href":"https:\/\/cycle.rizoma.com\/es\/wp-json\/wp\/v2\/product_tag?post=336274"}],"curies":[{"name":"wp","href":"https:\/\/api.w.org\/{rel}","templated":true}]}}