{"id":338572,"date":"2025-09-22T11:00:56","date_gmt":"2025-09-22T09:00:56","guid":{"rendered":"https:\/\/www.rizoma.com\/negozio\/embellecedor-tornillo-paramanos-oem-zbw121\/"},"modified":"2025-11-17T09:11:17","modified_gmt":"2025-11-17T08:11:17","slug":"embellecedor-tornillo-paramanos-oem-zbw121","status":"publish","type":"product","link":"https:\/\/cycle.rizoma.com\/es\/negozio\/mas-para-tu-bmw\/ZBW121\/embellecedor-tornillo-paramanos-oem-zbw121\/","title":{"rendered":"Embellecedor tornillo paramanos OEM"},"content":{"rendered":"<p>Detalles sencillos pero de gran impacto est\u00e9tico: los embellecedores de tornillos paramanos, realizados en aluminio anodizado, destacan por su dise\u00f1o y colores. Rizoma confiere un estilo \u00fanico y hace de cada detalle un punto de atracci\u00f3n.<\/p>\n","protected":false},"excerpt":{"rendered":"<p>Detalles sencillos pero de gran impacto est\u00e9tico: los embellecedores de tornillos paramanos, realizados en aluminio anodizado, destacan por su dise\u00f1o y colores. Rizoma confiere un estilo \u00fanico y hace de cada detalle un punto de atracci\u00f3n.<\/p>\n","protected":false},"featured_media":338497,"template":"","meta":{"_acf_changed":false},"rizoma_assembly_time":[42664],"rizoma_bike":[43987,43988,43989,43990,43991],"rizoma_division":[42653],"rizoma_family":[],"rizoma_model_category":[],"rizoma_product_template":[],"product_brand":[],"product_cat":[42783],"product_tag":[],"class_list":{"0":"post-338572","1":"product","2":"type-product","3":"status-publish","4":"has-post-thumbnail","6":"rizoma_bike-r-1300-gs-adventure-2025-26","7":"rizoma_bike-r-1300-gs-adventure-asa-2025-26","8":"rizoma_bike-r-1300-gs-adventure-option-719-karakorum-2025-26","9":"rizoma_bike-r-1300-gs-adventure-triple-black-2025-26","10":"rizoma_bike-r-1300-gs-adventure-trophy-2025-26","11":"product_cat-mas-para-tu-bmw","13":"first","14":"outofstock","15":"taxable","16":"shipping-taxable","17":"purchasable","18":"product-type-variable"},"acf":[],"_links":{"self":[{"href":"https:\/\/cycle.rizoma.com\/es\/wp-json\/wp\/v2\/product\/338572","targetHints":{"allow":["GET"]}}],"collection":[{"href":"https:\/\/cycle.rizoma.com\/es\/wp-json\/wp\/v2\/product"}],"about":[{"href":"https:\/\/cycle.rizoma.com\/es\/wp-json\/wp\/v2\/types\/product"}],"wp:featuredmedia":[{"embeddable":true,"href":"https:\/\/cycle.rizoma.com\/es\/wp-json\/wp\/v2\/media\/338497"}],"wp:attachment":[{"href":"https:\/\/cycle.rizoma.com\/es\/wp-json\/wp\/v2\/media?parent=338572"}],"wp:term":[{"taxonomy":"rizoma_assembly_time","embeddable":true,"href":"https:\/\/cycle.rizoma.com\/es\/wp-json\/wp\/v2\/rizoma_assembly_time?post=338572"},{"taxonomy":"rizoma_bike","embeddable":true,"href":"https:\/\/cycle.rizoma.com\/es\/wp-json\/wp\/v2\/rizoma_bike?post=338572"},{"taxonomy":"rizoma_division","embeddable":true,"href":"https:\/\/cycle.rizoma.com\/es\/wp-json\/wp\/v2\/rizoma_division?post=338572"},{"taxonomy":"rizoma_family","embeddable":true,"href":"https:\/\/cycle.rizoma.com\/es\/wp-json\/wp\/v2\/rizoma_family?post=338572"},{"taxonomy":"rizoma_model_category","embeddable":true,"href":"https:\/\/cycle.rizoma.com\/es\/wp-json\/wp\/v2\/rizoma_model_category?post=338572"},{"taxonomy":"rizoma_product_template","embeddable":true,"href":"https:\/\/cycle.rizoma.com\/es\/wp-json\/wp\/v2\/rizoma_product_template?post=338572"},{"taxonomy":"product_brand","embeddable":true,"href":"https:\/\/cycle.rizoma.com\/es\/wp-json\/wp\/v2\/product_brand?post=338572"},{"taxonomy":"product_cat","embeddable":true,"href":"https:\/\/cycle.rizoma.com\/es\/wp-json\/wp\/v2\/product_cat?post=338572"},{"taxonomy":"product_tag","embeddable":true,"href":"https:\/\/cycle.rizoma.com\/es\/wp-json\/wp\/v2\/product_tag?post=338572"}],"curies":[{"name":"wp","href":"https:\/\/api.w.org\/{rel}","templated":true}]}}