{"id":338600,"date":"2025-09-22T14:05:35","date_gmt":"2025-09-22T12:05:35","guid":{"rendered":"https:\/\/www.rizoma.com\/negozio\/kit-cableado-con-resistencias-para-intermitentes-rizoma-ee229\/"},"modified":"2025-09-22T14:06:17","modified_gmt":"2025-09-22T12:06:17","slug":"kit-cableado-con-resistencias-para-intermitentes-rizoma-ee229","status":"publish","type":"product","link":"https:\/\/cycle.rizoma.com\/es\/negozio\/intermitentes\/EE229\/kit-cableado-con-resistencias-para-intermitentes-rizoma-ee229\/","title":{"rendered":"Kit cableado con resistencias para intermitentes Rizoma"},"content":{"rendered":"<p>El kit de cableado el\u00e9ctrico Rizoma es necesario para el montaje de los intermitentes Rizoma.<br \/>Es aconsejable verificar la informaci\u00f3n t\u00e9cnica antes de la compra. Cada kit incluye 2 tipos de cableado. Para montar 4 intermitentes es necesario comprar 2 kits.<\/p>\n","protected":false},"excerpt":{"rendered":"<p>El kit de cableado el\u00e9ctrico Rizoma es necesario para el montaje de los intermitentes Rizoma.Es aconsejable verificar la informaci\u00f3n t\u00e9cnica antes de la compra. Cada kit incluye 2 tipos de cableado. Para montar 4 intermitentes es necesario comprar 2 kits.<\/p>\n","protected":false},"featured_media":337120,"template":"","meta":{"_acf_changed":false},"rizoma_assembly_time":[42753],"rizoma_bike":[44399,44400,43745,43746,43747],"rizoma_division":[42653],"rizoma_family":[42860],"rizoma_model_category":[],"rizoma_product_template":[],"product_brand":[],"product_cat":[42716],"product_tag":[],"class_list":{"0":"post-338600","1":"product","2":"type-product","3":"status-publish","4":"has-post-thumbnail","6":"rizoma_bike-z-1100-2026","7":"rizoma_bike-z-1100-se-2026","8":"rizoma_bike-z-900-2025-26","9":"rizoma_bike-z-900-a2-2025-26","10":"rizoma_bike-z-900-se-2025-26","11":"product_cat-intermitentes","13":"first","14":"outofstock","15":"taxable","16":"shipping-taxable","17":"purchasable","18":"product-type-variable"},"acf":[],"_links":{"self":[{"href":"https:\/\/cycle.rizoma.com\/es\/wp-json\/wp\/v2\/product\/338600","targetHints":{"allow":["GET"]}}],"collection":[{"href":"https:\/\/cycle.rizoma.com\/es\/wp-json\/wp\/v2\/product"}],"about":[{"href":"https:\/\/cycle.rizoma.com\/es\/wp-json\/wp\/v2\/types\/product"}],"wp:featuredmedia":[{"embeddable":true,"href":"https:\/\/cycle.rizoma.com\/es\/wp-json\/wp\/v2\/media\/337120"}],"wp:attachment":[{"href":"https:\/\/cycle.rizoma.com\/es\/wp-json\/wp\/v2\/media?parent=338600"}],"wp:term":[{"taxonomy":"rizoma_assembly_time","embeddable":true,"href":"https:\/\/cycle.rizoma.com\/es\/wp-json\/wp\/v2\/rizoma_assembly_time?post=338600"},{"taxonomy":"rizoma_bike","embeddable":true,"href":"https:\/\/cycle.rizoma.com\/es\/wp-json\/wp\/v2\/rizoma_bike?post=338600"},{"taxonomy":"rizoma_division","embeddable":true,"href":"https:\/\/cycle.rizoma.com\/es\/wp-json\/wp\/v2\/rizoma_division?post=338600"},{"taxonomy":"rizoma_family","embeddable":true,"href":"https:\/\/cycle.rizoma.com\/es\/wp-json\/wp\/v2\/rizoma_family?post=338600"},{"taxonomy":"rizoma_model_category","embeddable":true,"href":"https:\/\/cycle.rizoma.com\/es\/wp-json\/wp\/v2\/rizoma_model_category?post=338600"},{"taxonomy":"rizoma_product_template","embeddable":true,"href":"https:\/\/cycle.rizoma.com\/es\/wp-json\/wp\/v2\/rizoma_product_template?post=338600"},{"taxonomy":"product_brand","embeddable":true,"href":"https:\/\/cycle.rizoma.com\/es\/wp-json\/wp\/v2\/product_brand?post=338600"},{"taxonomy":"product_cat","embeddable":true,"href":"https:\/\/cycle.rizoma.com\/es\/wp-json\/wp\/v2\/product_cat?post=338600"},{"taxonomy":"product_tag","embeddable":true,"href":"https:\/\/cycle.rizoma.com\/es\/wp-json\/wp\/v2\/product_tag?post=338600"}],"curies":[{"name":"wp","href":"https:\/\/api.w.org\/{rel}","templated":true}]}}