{"id":339099,"date":"2025-10-15T04:08:03","date_gmt":"2025-10-15T02:08:03","guid":{"rendered":"https:\/\/www.rizoma.com\/negozio\/palanca-de-freno-americana-pe263\/"},"modified":"2026-03-20T15:04:13","modified_gmt":"2026-03-20T14:04:13","slug":"palanca-de-freno-americana-pe263","status":"publish","type":"product","link":"https:\/\/cycle.rizoma.com\/es\/negozio\/mas-para-tu-harley-davidson\/PE263\/palanca-de-freno-americana-pe263\/","title":{"rendered":"Palanca de freno AMERICANA"},"content":{"rendered":"<p>Dise\u00f1ada con una ergonom\u00eda centrada en el piloto.<br \/>\nLa palanca de freno trasero AMERICANA est\u00e1 fabricada en aluminio macizo mediante mecanizado CNC de precisi\u00f3n. Permite una adaptaci\u00f3n precisa a las necesidades del piloto gracias a su anclaje ajustable con un pasador exc\u00e9ntrico de 8 posiciones.<\/p>\n<p>La superficie de apoyo ampliada ofrece un mejor agarre y un control m\u00e1s seguro. Su dise\u00f1o se integra a la perfecci\u00f3n con las estriberas del piloto AMERICANA, logrando un look de alta gama en cada detalle.<\/p>\n","protected":false},"excerpt":{"rendered":"<p>Dise\u00f1ada con una ergonom\u00eda centrada en el piloto. La palanca de freno trasero AMERICANA est\u00e1 fabricada en aluminio macizo mediante mecanizado CNC de precisi\u00f3n. Permite una adaptaci\u00f3n precisa a las necesidades del piloto gracias a su anclaje ajustable con un pasador exc\u00e9ntrico de 8 posiciones. La superficie de apoyo ampliada ofrece un mejor agarre y [&hellip;]<\/p>\n","protected":false},"featured_media":338931,"template":"","meta":{"_acf_changed":false},"rizoma_assembly_time":[42742],"rizoma_bike":[44136,44078,44057,44056,44293,44265,44116,44264,44262,44117,44118,44139,44141,44247,44289,44295,44294,44297,44075,44079,44077,44076,44080,44296,44301,44249,44110,44101,44111,44113,44140,44286,44302,44044,44043,44045,44288,44285,44281,44109,44106,44245,44284,44282,44279,44061,44060,44058,44059,44267,44266,44119,44253,44303,44037,44100,44097,44039,44038,44099,44098,44042,44041,44040,44074,44300,44104,44272,44112,44107,44108,44103,44105,44102,44138,44122,44134,44133,44275,44283,44277,44280,44276,44299,44298,44305,44304],"rizoma_division":[42653],"rizoma_family":[],"rizoma_model_category":[],"rizoma_product_template":[],"product_brand":[],"product_cat":[42788],"product_tag":[],"class_list":{"0":"post-339099","1":"product","2":"type-product","3":"status-publish","4":"has-post-thumbnail","6":"rizoma_bike-103-road-king-classic-2014-16-flhrc","7":"rizoma_bike-107-electra-glide-2019-20-flht","8":"rizoma_bike-107-electra-glide-ultra-limited-2017-18-flhtk","9":"rizoma_bike-107-electra-glide-ultra-limited-low-2017-18-flhtkl","10":"rizoma_bike-107-freewheeler-2017-18-flrt","11":"rizoma_bike-107-road-glide-2017-fltrx","12":"rizoma_bike-107-road-glide-special-2017-18-fltrxs","13":"rizoma_bike-107-road-glide-ultra-2016-flrtu","14":"rizoma_bike-107-road-glide-ultra-2017-18-fltru","15":"rizoma_bike-107-road-king-2017-flhr","16":"rizoma_bike-107-road-king-classic-2017-18-flhrc","17":"rizoma_bike-107-road-king-classic-2019-20-flhrc","18":"rizoma_bike-107-road-king-special-2017-18-flhrxs","19":"rizoma_bike-107-street-glide-2017-19-flhx","20":"rizoma_bike-107-street-glide-special-2017-19-flhxs","21":"rizoma_bike-107-tri-glide-ultra-2016-flhtcutg","22":"rizoma_bike-107-tri-glide-ultra-2017-18-flhtcutg","23":"rizoma_bike-107-tri-glide-ultra-classic-2014-15-flhtcutg","24":"rizoma_bike-114-electra-glide-revival-2021-22","25":"rizoma_bike-114-electra-glide-ultra-limited-2019-flhtk","26":"rizoma_bike-114-electra-glide-ultra-limited-2020-flhtk","27":"rizoma_bike-114-electra-glide-ultra-limited-2021-22-flhtk","28":"rizoma_bike-114-electra-glide-ultra-limited-low-2019-flhtkl","29":"rizoma_bike-114-freewheeler-2016-flrt","30":"rizoma_bike-114-freewheeler-2019-20-flrt","31":"rizoma_bike-114-limited-2017","32":"rizoma_bike-114-road-glide-limited-2020-flhtkse","33":"rizoma_bike-114-road-glide-limited-2020-fltrk","34":"rizoma_bike-114-road-glide-special-2019-20-fltrxs","35":"rizoma_bike-114-road-glide-ultra-2019-fltrxu","36":"rizoma_bike-114-road-king-special-2019-20-flhr","37":"rizoma_bike-114-street-glide-special-2019-20-flhxs","38":"rizoma_bike-114-tri-glide-ultra-2019-20-flhtcutg","39":"rizoma_bike-117-cvo-tri-glide-2020-21","40":"rizoma_bike-117-cvo-tri-glide-2022-25","41":"rizoma_bike-117-cvo-tri-glide-ultra-2019-20","42":"rizoma_bike-117-limited-2018-19-flhtkse","43":"rizoma_bike-117-limited-2020-flhtkse","44":"rizoma_bike-117-limited-2021-flhtkse","45":"rizoma_bike-117-road-glide-2020","46":"rizoma_bike-117-road-glide-2021","47":"rizoma_bike-117-street-glide-2018-19-flhxse","48":"rizoma_bike-117-street-glide-2020-flhxse","49":"rizoma_bike-117-street-glide-2021-flhxse","50":"rizoma_bike-117-street-glide-2022-flhxse","51":"rizoma_bike-1690-electra-glide-ultra-classic-2014-16-flhtcu","52":"rizoma_bike-1690-electra-glide-ultra-limited-2014-15-flhtk","53":"rizoma_bike-1690-electra-glide-ultra-limited-2016-flhtk","54":"rizoma_bike-1690-electra-glide-ultra-limited-low-2014-16-flhtkl","55":"rizoma_bike-1690-road-glide-special-2013-16","56":"rizoma_bike-1690-road-glide-ultra-2015-16-flrtu","57":"rizoma_bike-1690-road-king-2013-16-flhr","58":"rizoma_bike-1690-street-glide-special-2014-16-flhx","59":"rizoma_bike-1800-ultra-limited-2014-16","60":"rizoma_bike-cvo-road-glide-2023","61":"rizoma_bike-cvo-road-glide-2024","62":"rizoma_bike-cvo-road-glide-2025-26","63":"rizoma_bike-cvo-road-glide-limited-2022","64":"rizoma_bike-cvo-road-glide-limited-anniversary-2023","65":"rizoma_bike-cvo-road-glide-st-2024","66":"rizoma_bike-cvo-road-glide-st-2025-26","67":"rizoma_bike-cvo-street-glide-2023","68":"rizoma_bike-cvo-street-glide-2024","69":"rizoma_bike-cvo-street-glide-2025-26","70":"rizoma_bike-electra-glide-highway-king-2023","71":"rizoma_bike-freewheeler-2021-26","72":"rizoma_bike-road-glide-2022","73":"rizoma_bike-road-glide-2024-25","74":"rizoma_bike-road-glide-107-2019-fltrx","75":"rizoma_bike-road-glide-limited-2021-25","76":"rizoma_bike-road-glide-special-2021-23","77":"rizoma_bike-road-glide-special-anniversary-2023","78":"rizoma_bike-road-glide-st-2022-23","79":"rizoma_bike-road-glide-st-fast-johnnie-enthusiast-2023","80":"rizoma_bike-road-king-107-2019-flhr","81":"rizoma_bike-road-king-classic-2014-16","82":"rizoma_bike-road-king-classic-2021-22","83":"rizoma_bike-road-king-special-2021-26","84":"rizoma_bike-street-glide-2024-26","85":"rizoma_bike-street-glide-special-2021-23","86":"rizoma_bike-street-glide-special-anniversary-2023","87":"rizoma_bike-street-glide-st-2022-23","88":"rizoma_bike-street-glide-st-fast-johnnie-enthusiast-2023","89":"rizoma_bike-tri-glide-ultra-2021-26","90":"rizoma_bike-tri-glide-ultra-anniversary-2023","91":"rizoma_bike-ultra-limited-2022-25","92":"rizoma_bike-ultra-limited-anniversary-2023","93":"product_cat-mas-para-tu-harley-davidson","95":"first","96":"instock","97":"taxable","98":"shipping-taxable","99":"purchasable","100":"product-type-variable"},"acf":[],"_links":{"self":[{"href":"https:\/\/cycle.rizoma.com\/es\/wp-json\/wp\/v2\/product\/339099","targetHints":{"allow":["GET"]}}],"collection":[{"href":"https:\/\/cycle.rizoma.com\/es\/wp-json\/wp\/v2\/product"}],"about":[{"href":"https:\/\/cycle.rizoma.com\/es\/wp-json\/wp\/v2\/types\/product"}],"wp:featuredmedia":[{"embeddable":true,"href":"https:\/\/cycle.rizoma.com\/es\/wp-json\/wp\/v2\/media\/338931"}],"wp:attachment":[{"href":"https:\/\/cycle.rizoma.com\/es\/wp-json\/wp\/v2\/media?parent=339099"}],"wp:term":[{"taxonomy":"rizoma_assembly_time","embeddable":true,"href":"https:\/\/cycle.rizoma.com\/es\/wp-json\/wp\/v2\/rizoma_assembly_time?post=339099"},{"taxonomy":"rizoma_bike","embeddable":true,"href":"https:\/\/cycle.rizoma.com\/es\/wp-json\/wp\/v2\/rizoma_bike?post=339099"},{"taxonomy":"rizoma_division","embeddable":true,"href":"https:\/\/cycle.rizoma.com\/es\/wp-json\/wp\/v2\/rizoma_division?post=339099"},{"taxonomy":"rizoma_family","embeddable":true,"href":"https:\/\/cycle.rizoma.com\/es\/wp-json\/wp\/v2\/rizoma_family?post=339099"},{"taxonomy":"rizoma_model_category","embeddable":true,"href":"https:\/\/cycle.rizoma.com\/es\/wp-json\/wp\/v2\/rizoma_model_category?post=339099"},{"taxonomy":"rizoma_product_template","embeddable":true,"href":"https:\/\/cycle.rizoma.com\/es\/wp-json\/wp\/v2\/rizoma_product_template?post=339099"},{"taxonomy":"product_brand","embeddable":true,"href":"https:\/\/cycle.rizoma.com\/es\/wp-json\/wp\/v2\/product_brand?post=339099"},{"taxonomy":"product_cat","embeddable":true,"href":"https:\/\/cycle.rizoma.com\/es\/wp-json\/wp\/v2\/product_cat?post=339099"},{"taxonomy":"product_tag","embeddable":true,"href":"https:\/\/cycle.rizoma.com\/es\/wp-json\/wp\/v2\/product_tag?post=339099"}],"curies":[{"name":"wp","href":"https:\/\/api.w.org\/{rel}","templated":true}]}}