{"id":339788,"date":"2025-11-10T16:12:48","date_gmt":"2025-11-10T15:12:48","guid":{"rendered":"https:\/\/www.rizoma.com\/?post_type=product&#038;p=339788"},"modified":"2025-12-09T15:25:32","modified_gmt":"2025-12-09T14:25:32","slug":"giftcard","status":"publish","type":"product","link":"https:\/\/cycle.rizoma.com\/es\/negozio\/giftcard\/","title":{"rendered":"Giftcard"},"content":{"rendered":"<p>Con la <span dir=\"ltr\" role=\"presentation\">Tarjeta Regalo<\/span> de Rizoma, regalas mucho m\u00e1s que un accesorio: ofreces la libertad de personalizar el estilo sobre dos ruedas, con componentes dise\u00f1ados para garantizar calidad, prestaciones superiores y un dise\u00f1o exclusivo.<br data-start=\"699\" data-end=\"702\" \/>Quien la recibe puede usarla para comprar cualquier producto en <span dir=\"ltr\" role=\"presentation\">nuestra tienda online,<\/span> dentro de un a\u00f1o desde <span dir=\"ltr\" role=\"presentation\">la fecha de compra<\/span>.<br data-start=\"828\" data-end=\"831\" \/>Digital y r\u00e1pida, <span dir=\"ltr\" role=\"presentation\">se env\u00eda en pocos clics y llega directamente por correo electr\u00f3nico.<\/span><\/p>\n","protected":false},"excerpt":{"rendered":"<p>Con la Tarjeta Regalo de Rizoma, regalas mucho m\u00e1s que un accesorio: ofreces la libertad de personalizar el estilo sobre dos ruedas, con componentes dise\u00f1ados para garantizar calidad, prestaciones superiores y un dise\u00f1o exclusivo.Quien la recibe puede usarla para comprar cualquier producto en nuestra tienda online, dentro de un a\u00f1o desde la fecha de compra.Digital [&hellip;]<\/p>\n","protected":false},"featured_media":339772,"template":"","meta":{"_acf_changed":false},"rizoma_assembly_time":[],"rizoma_bike":[],"rizoma_division":[],"rizoma_family":[],"rizoma_model_category":[],"rizoma_product_template":[],"product_brand":[],"product_cat":[15869],"product_tag":[],"class_list":{"0":"post-339788","1":"product","2":"type-product","3":"status-publish","4":"has-post-thumbnail","6":"product_cat-senza-categoria-es","8":"first","9":"instock","10":"purchasable","11":"product-type-variable"},"acf":[],"_links":{"self":[{"href":"https:\/\/cycle.rizoma.com\/es\/wp-json\/wp\/v2\/product\/339788","targetHints":{"allow":["GET"]}}],"collection":[{"href":"https:\/\/cycle.rizoma.com\/es\/wp-json\/wp\/v2\/product"}],"about":[{"href":"https:\/\/cycle.rizoma.com\/es\/wp-json\/wp\/v2\/types\/product"}],"wp:featuredmedia":[{"embeddable":true,"href":"https:\/\/cycle.rizoma.com\/es\/wp-json\/wp\/v2\/media\/339772"}],"wp:attachment":[{"href":"https:\/\/cycle.rizoma.com\/es\/wp-json\/wp\/v2\/media?parent=339788"}],"wp:term":[{"taxonomy":"rizoma_assembly_time","embeddable":true,"href":"https:\/\/cycle.rizoma.com\/es\/wp-json\/wp\/v2\/rizoma_assembly_time?post=339788"},{"taxonomy":"rizoma_bike","embeddable":true,"href":"https:\/\/cycle.rizoma.com\/es\/wp-json\/wp\/v2\/rizoma_bike?post=339788"},{"taxonomy":"rizoma_division","embeddable":true,"href":"https:\/\/cycle.rizoma.com\/es\/wp-json\/wp\/v2\/rizoma_division?post=339788"},{"taxonomy":"rizoma_family","embeddable":true,"href":"https:\/\/cycle.rizoma.com\/es\/wp-json\/wp\/v2\/rizoma_family?post=339788"},{"taxonomy":"rizoma_model_category","embeddable":true,"href":"https:\/\/cycle.rizoma.com\/es\/wp-json\/wp\/v2\/rizoma_model_category?post=339788"},{"taxonomy":"rizoma_product_template","embeddable":true,"href":"https:\/\/cycle.rizoma.com\/es\/wp-json\/wp\/v2\/rizoma_product_template?post=339788"},{"taxonomy":"product_brand","embeddable":true,"href":"https:\/\/cycle.rizoma.com\/es\/wp-json\/wp\/v2\/product_brand?post=339788"},{"taxonomy":"product_cat","embeddable":true,"href":"https:\/\/cycle.rizoma.com\/es\/wp-json\/wp\/v2\/product_cat?post=339788"},{"taxonomy":"product_tag","embeddable":true,"href":"https:\/\/cycle.rizoma.com\/es\/wp-json\/wp\/v2\/product_tag?post=339788"}],"curies":[{"name":"wp","href":"https:\/\/api.w.org\/{rel}","templated":true}]}}